{"id":56,"date":"2021-07-22T16:49:43","date_gmt":"2021-07-22T14:49:43","guid":{"rendered":"http:\/\/cobdc.net\/labibliotecatransoceanica\/?page_id=56"},"modified":"2021-09-27T10:14:48","modified_gmt":"2021-09-27T08:14:48","slug":"callforvideos","status":"publish","type":"page","link":"https:\/\/cobdc.net\/labibliotecatransoceanica\/callforvideos\/","title":{"rendered":"Call for v\u00eddeos"},"content":{"rendered":"<p><strong>Visi\u00f3n general<\/strong><\/p>\n<p>Queremos invitar a todas las personas profesionales de las bibliotecas a enviar videos en los que muestren las bibliotecas en las que trabajan. Las presentaciones de video aceptadas se incluir\u00e1n en el canal de Youtube del seminario La biblioteca Transoce\u00e1nica.<\/p>\n<p>La fecha l\u00edmite para la presentaci\u00f3n de videos es el <strong>11 de octubre de 2021<\/strong>.<\/p>\n<p><strong>Pista de video t\u00e9cnico<\/strong><\/p>\n<p>Los env\u00edos a la pista de video t\u00e9cnico deben ser videos con la intenci\u00f3n de mostrar las bibliotecas de los diferentes pa\u00edses\/ciudades que participan en el evento<\/p>\n<p>Las presentaciones de videos t\u00e9cnicos deben limitarse a 3 minutos como tiempo m\u00e1ximo de duraci\u00f3n y cumplir con la especificaci\u00f3n que se describe a continuaci\u00f3n. Los videos tambi\u00e9n deben incluir una diapositiva de t\u00edtulo al principio que detalle el t\u00edtulo, los autores y el nombre de la biblioteca. Los videos pueden presentarse narrados en cualquier idioma, con la posibilidad de ser subtitulados en catal\u00e1n, espa\u00f1ol o ingl\u00e9s.<\/p>\n<p><strong>Especificaciones de env\u00edo de videos para esta convocatoria de videos<\/strong><\/p>\n<p>Los videos enviados deben seguir las siguientes pautas:<\/p>\n<ul style=\"list-style-type: disc;\">\n<li>Duraci\u00f3n: 3 minutos m\u00e1ximo.<\/li>\n<li>Formato de video HD enmarcado est\u00e1ndar.<\/li>\n<li>Los t\u00edtulos y cr\u00e9ditos no deben mostrarse m\u00e1s de diez segundos: \u00a1el contenido es lo m\u00e1s importante!<\/li>\n<li>Siga la configuraci\u00f3n de codificaci\u00f3n recomendada por YouTube (para velocidad de fotogramas y velocidad de bits): <a href=\"https:\/\/support.google.com\/youtube\/answer\/1722171\">https:\/\/support.google.com\/youtube\/answer\/1722171<\/a><\/li>\n<li>Codifique el video usando p\u00edxeles cuadrados para la relaci\u00f3n de aspecto de p\u00edxeles y desactive el entrelazado.<\/li>\n<li>Recomendamos encarecidamente una relaci\u00f3n de aspecto de <strong>16:9<\/strong> y una resoluci\u00f3n de al menos <strong>1280 \u00d7 720<\/strong>. Son posibles altas velocidades de fotogramas y resoluciones si se encuentran dentro de las recomendaciones de YouTube.<\/li>\n<li>Los autores deben tener los derechos de autor de todos los materiales utilizados, como m\u00fasica, videos, sonidos e im\u00e1genes, o tener un permiso expl\u00edcito por escrito de las personas titulares de los derechos de autor para usar y distribuir este material.<\/li>\n<li>El video no debe ser ofensivo ni publicitar\/promover productos comerciales.<\/li>\n<\/ul>\n<p><strong>Pautas generales de presentaci\u00f3n<\/strong><\/p>\n<ul>\n<li>El video deber\u00e1 enviarse a trav\u00e9s de la direcci\u00f3n de correo electr\u00f3nico: <a href=\"mailto:labiblotecatransoceanica@codbc.org\">callforvideoslbt@cobdc.org<\/a><\/li>\n<li>Nombre y correo electr\u00f3nico de la autor\u00eda (autor\/a correspondiente)<\/li>\n<li>Un resumen en PDF de una p\u00e1gina que proporcione una descripci\u00f3n<\/li>\n<li>Una imagen fija representativa de <strong>alta resoluci\u00f3n (300 ppp)<\/strong> en el documento PDF.<\/li>\n<\/ul>\n<p>&nbsp;<\/p>\n","protected":false},"excerpt":{"rendered":"<p>Visi\u00f3n general Queremos invitar a todas las personas profesionales de las bibliotecas a enviar videos en los que muestren las bibliotecas en las que trabajan. Las presentaciones de video aceptadas se incluir\u00e1n en el canal de Youtube del seminario La &hellip; <a href=\"https:\/\/cobdc.net\/labibliotecatransoceanica\/callforvideos\/\">Continua llegint <span class=\"meta-nav\">&rarr;<\/span><\/a><\/p>\n","protected":false},"author":1,"featured_media":0,"parent":0,"menu_order":0,"comment_status":"closed","ping_status":"closed","template":"","meta":{"footnotes":""},"class_list":["post-56","page","type-page","status-publish","hentry"],"_links":{"self":[{"href":"https:\/\/cobdc.net\/labibliotecatransoceanica\/wp-json\/wp\/v2\/pages\/56","targetHints":{"allow":["GET"]}}],"collection":[{"href":"https:\/\/cobdc.net\/labibliotecatransoceanica\/wp-json\/wp\/v2\/pages"}],"about":[{"href":"https:\/\/cobdc.net\/labibliotecatransoceanica\/wp-json\/wp\/v2\/types\/page"}],"author":[{"embeddable":true,"href":"https:\/\/cobdc.net\/labibliotecatransoceanica\/wp-json\/wp\/v2\/users\/1"}],"replies":[{"embeddable":true,"href":"https:\/\/cobdc.net\/labibliotecatransoceanica\/wp-json\/wp\/v2\/comments?post=56"}],"version-history":[{"count":4,"href":"https:\/\/cobdc.net\/labibliotecatransoceanica\/wp-json\/wp\/v2\/pages\/56\/revisions"}],"predecessor-version":[{"id":197,"href":"https:\/\/cobdc.net\/labibliotecatransoceanica\/wp-json\/wp\/v2\/pages\/56\/revisions\/197"}],"wp:attachment":[{"href":"https:\/\/cobdc.net\/labibliotecatransoceanica\/wp-json\/wp\/v2\/media?parent=56"}],"curies":[{"name":"wp","href":"https:\/\/api.w.org\/{rel}","templated":true}]}}