{"id":54,"date":"2021-07-22T16:46:24","date_gmt":"2021-07-22T14:46:24","guid":{"rendered":"http:\/\/cobdc.net\/labibliotecatransoceanica\/?page_id=54"},"modified":"2021-07-29T15:25:43","modified_gmt":"2021-07-29T13:25:43","slug":"inscripcions","status":"publish","type":"page","link":"https:\/\/cobdc.net\/labibliotecatransoceanica\/inscripcions\/","title":{"rendered":"Inscripcions"},"content":{"rendered":"<p><iframe loading=\"lazy\" src=\"https:\/\/docs.google.com\/forms\/d\/e\/1FAIpQLSdDhIl_2qm64wkRcnCorWAObQpQJCPazVMdUsJHqtzfKWRh2w\/viewform?embedded=true\" width=\"640\" height=\"2300\" frameborder=\"0\" marginwidth=\"0\" marginheight=\"0\"><span data-mce-type=\"bookmark\" style=\"display: inline-block; width: 0px; overflow: hidden; line-height: 0;\" class=\"mce_SELRES_start\">\ufeff<\/span>S&#8217;est\u00e0 carregant\u2026<\/iframe><\/p>\n<p>Al hacer la inscripcion, doy mi consentimiento expl\u00edcito a recibir informaci\u00f3n sobre La biblioteca transoce\u00e1nica, exclusivamente.<\/p>\n<p>En fer la inscripci\u00f3 dono el meu consentiment expl\u00edcit per rebre informaci\u00f3 sobre La biblioteca transoce\u00e0nica, exclusivament.<\/p>\n","protected":false},"excerpt":{"rendered":"<p>\ufeffS&#8217;est\u00e0 carregant\u2026 Al hacer la inscripcion, doy mi consentimiento expl\u00edcito a recibir informaci\u00f3n sobre La biblioteca transoce\u00e1nica, exclusivamente. En fer la inscripci\u00f3 dono el meu consentiment expl\u00edcit per rebre informaci\u00f3 sobre La biblioteca transoce\u00e0nica, exclusivament.<\/p>\n","protected":false},"author":1,"featured_media":0,"parent":0,"menu_order":0,"comment_status":"closed","ping_status":"closed","template":"","meta":{"footnotes":""},"class_list":["post-54","page","type-page","status-publish","hentry"],"_links":{"self":[{"href":"https:\/\/cobdc.net\/labibliotecatransoceanica\/wp-json\/wp\/v2\/pages\/54","targetHints":{"allow":["GET"]}}],"collection":[{"href":"https:\/\/cobdc.net\/labibliotecatransoceanica\/wp-json\/wp\/v2\/pages"}],"about":[{"href":"https:\/\/cobdc.net\/labibliotecatransoceanica\/wp-json\/wp\/v2\/types\/page"}],"author":[{"embeddable":true,"href":"https:\/\/cobdc.net\/labibliotecatransoceanica\/wp-json\/wp\/v2\/users\/1"}],"replies":[{"embeddable":true,"href":"https:\/\/cobdc.net\/labibliotecatransoceanica\/wp-json\/wp\/v2\/comments?post=54"}],"version-history":[{"count":9,"href":"https:\/\/cobdc.net\/labibliotecatransoceanica\/wp-json\/wp\/v2\/pages\/54\/revisions"}],"predecessor-version":[{"id":159,"href":"https:\/\/cobdc.net\/labibliotecatransoceanica\/wp-json\/wp\/v2\/pages\/54\/revisions\/159"}],"wp:attachment":[{"href":"https:\/\/cobdc.net\/labibliotecatransoceanica\/wp-json\/wp\/v2\/media?parent=54"}],"curies":[{"name":"wp","href":"https:\/\/api.w.org\/{rel}","templated":true}]}}