{"id":212,"date":"2021-11-04T12:38:50","date_gmt":"2021-11-04T10:38:50","guid":{"rendered":"http:\/\/cobdc.net\/labibliotecatransoceanica\/?page_id=212"},"modified":"2021-11-04T13:00:42","modified_gmt":"2021-11-04T11:00:42","slug":"materiales","status":"publish","type":"page","link":"https:\/\/cobdc.net\/labibliotecatransoceanica\/materiales\/","title":{"rendered":"Materiales"},"content":{"rendered":"<table style=\"border-collapse: collapse; width: 100%; height: 20px;\">\n<tbody>\n<tr style=\"height: 5px;\">\n<td style=\"width: 86.2499%; height: 10px;\"><a href=\"http:\/\/www.cobdc.net\/labibliotecatransoceanica\/wp-content\/uploads\/2021\/11\/REDIAL_Presentacion.pdf\" target=\"_blank\" rel=\"noopener\"><em><b>Bibliotecas transoce\u00e1nicas: Investigaci\u00f3n y Biblioteca<\/b><\/em><img loading=\"lazy\" decoding=\"async\" class=\"alignright\" src=\"http:\/\/cobdc.net\/labibliotecatransoceanica\/wp-content\/uploads\/2021\/07\/pdf.gif\" alt=\"\" width=\"30\" height=\"30\" \/><\/a><br \/>\nREDIAL (Red Europea de Informaci\u00f3n y Documentaci\u00f3n sobre Am\u00e9rica Latina)<\/td>\n<\/tr>\n<tr style=\"height: 10px;\">\n<td style=\"width: 86.2499%; height: 10px;\"><a href=\"http:\/\/www.cobdc.net\/labibliotecatransoceanica\/wp-content\/uploads\/2021\/11\/anna-juan-cantavella.pdf\" target=\"_blank\" rel=\"noopener\"><strong><em>El \u00e1lbum como soporte para el imaginario infantil<\/em><\/strong><img loading=\"lazy\" decoding=\"async\" class=\"alignright\" src=\"http:\/\/cobdc.net\/labibliotecatransoceanica\/wp-content\/uploads\/2021\/07\/pdf.gif\" alt=\"\" width=\"30\" height=\"30\" \/><\/a><br \/>\nAnna Juan Cantavella<\/td>\n<\/tr>\n<\/tbody>\n<\/table>\n","protected":false},"excerpt":{"rendered":"<p>Bibliotecas transoce\u00e1nicas: Investigaci\u00f3n y Biblioteca REDIAL (Red Europea de Informaci\u00f3n y Documentaci\u00f3n sobre Am\u00e9rica Latina) El \u00e1lbum como soporte para el imaginario infantil Anna Juan Cantavella<\/p>\n","protected":false},"author":1,"featured_media":0,"parent":0,"menu_order":0,"comment_status":"closed","ping_status":"closed","template":"","meta":{"footnotes":""},"class_list":["post-212","page","type-page","status-publish","hentry"],"_links":{"self":[{"href":"https:\/\/cobdc.net\/labibliotecatransoceanica\/wp-json\/wp\/v2\/pages\/212","targetHints":{"allow":["GET"]}}],"collection":[{"href":"https:\/\/cobdc.net\/labibliotecatransoceanica\/wp-json\/wp\/v2\/pages"}],"about":[{"href":"https:\/\/cobdc.net\/labibliotecatransoceanica\/wp-json\/wp\/v2\/types\/page"}],"author":[{"embeddable":true,"href":"https:\/\/cobdc.net\/labibliotecatransoceanica\/wp-json\/wp\/v2\/users\/1"}],"replies":[{"embeddable":true,"href":"https:\/\/cobdc.net\/labibliotecatransoceanica\/wp-json\/wp\/v2\/comments?post=212"}],"version-history":[{"count":12,"href":"https:\/\/cobdc.net\/labibliotecatransoceanica\/wp-json\/wp\/v2\/pages\/212\/revisions"}],"predecessor-version":[{"id":226,"href":"https:\/\/cobdc.net\/labibliotecatransoceanica\/wp-json\/wp\/v2\/pages\/212\/revisions\/226"}],"wp:attachment":[{"href":"https:\/\/cobdc.net\/labibliotecatransoceanica\/wp-json\/wp\/v2\/media?parent=212"}],"curies":[{"name":"wp","href":"https:\/\/api.w.org\/{rel}","templated":true}]}}