{"id":43,"date":"2025-12-12T20:28:56","date_gmt":"2025-12-12T18:28:56","guid":{"rendered":"https:\/\/cobdc.net\/donesvisibles\/?page_id=43"},"modified":"2025-12-12T20:37:15","modified_gmt":"2025-12-12T18:37:15","slug":"blog","status":"publish","type":"page","link":"https:\/\/cobdc.net\/donesvisibles\/blog\/","title":{"rendered":"Blog Dones Visibles"},"content":{"rendered":"\n<p>Aquest \u00e9s l\u2019espai del <strong>Grup de treball Dones Visibles<\/strong> on compartim reflexions, not\u00edcies, activitats i recursos relacionats amb la visibilitzaci\u00f3 de les dones en la biblioteconomia i la documentaci\u00f3, aix\u00ed com amb la igualtat i el reconeixement professional al sector.<\/p>\n\n\n<ul class=\"wp-block-latest-posts__list is-grid columns-3 has-dates wp-block-latest-posts\"><li><div class=\"wp-block-latest-posts__featured-image\"><img loading=\"lazy\" decoding=\"async\" width=\"150\" height=\"150\" src=\"https:\/\/cobdc.net\/donesvisibles\/wp-content\/uploads\/2025\/12\/gt-donesvisibles-150x150.png\" class=\"attachment-thumbnail size-thumbnail wp-post-image\" alt=\"\" style=\"\" srcset=\"https:\/\/cobdc.net\/donesvisibles\/wp-content\/uploads\/2025\/12\/gt-donesvisibles-150x150.png 150w, https:\/\/cobdc.net\/donesvisibles\/wp-content\/uploads\/2025\/12\/gt-donesvisibles-300x300.png 300w, https:\/\/cobdc.net\/donesvisibles\/wp-content\/uploads\/2025\/12\/gt-donesvisibles.png 500w\" sizes=\"auto, (max-width: 150px) 100vw, 150px\" \/><\/div><a class=\"wp-block-latest-posts__post-title\" href=\"https:\/\/cobdc.net\/donesvisibles\/2025\/12\/01\/neix-la-nova-web-de-dones-visibles\/\">Neix la nova web de Dones Visibles<\/a><time datetime=\"2025-12-01T20:23:59+02:00\" class=\"wp-block-latest-posts__post-date\">1 de desembre de 2025<\/time><div class=\"wp-block-latest-posts__post-excerpt\">Ens fa molta il\u00b7lusi\u00f3 presentar la nova p\u00e0gina web del Grup de treball Dones Visibles del Col\u00b7legi Oficial de Bibliotecaris-Documentalistes de Catalunya (COBDC).<\/div><\/li>\n<\/ul>\n\n\n<p><\/p>\n","protected":false},"excerpt":{"rendered":"<p>Aquest \u00e9s l\u2019espai del Grup de treball Dones Visibles on compartim reflexions, not\u00edcies, activitats i recursos relacionats amb la visibilitzaci\u00f3 de les dones en la biblioteconomia i la documentaci\u00f3, aix\u00ed com amb la igualtat i el reconeixement professional al sector.<\/p>\n","protected":false},"author":2,"featured_media":0,"parent":0,"menu_order":0,"comment_status":"closed","ping_status":"closed","template":"","meta":{"footnotes":""},"class_list":["post-43","page","type-page","status-publish","hentry"],"_links":{"self":[{"href":"https:\/\/cobdc.net\/donesvisibles\/wp-json\/wp\/v2\/pages\/43","targetHints":{"allow":["GET"]}}],"collection":[{"href":"https:\/\/cobdc.net\/donesvisibles\/wp-json\/wp\/v2\/pages"}],"about":[{"href":"https:\/\/cobdc.net\/donesvisibles\/wp-json\/wp\/v2\/types\/page"}],"author":[{"embeddable":true,"href":"https:\/\/cobdc.net\/donesvisibles\/wp-json\/wp\/v2\/users\/2"}],"replies":[{"embeddable":true,"href":"https:\/\/cobdc.net\/donesvisibles\/wp-json\/wp\/v2\/comments?post=43"}],"version-history":[{"count":2,"href":"https:\/\/cobdc.net\/donesvisibles\/wp-json\/wp\/v2\/pages\/43\/revisions"}],"predecessor-version":[{"id":47,"href":"https:\/\/cobdc.net\/donesvisibles\/wp-json\/wp\/v2\/pages\/43\/revisions\/47"}],"wp:attachment":[{"href":"https:\/\/cobdc.net\/donesvisibles\/wp-json\/wp\/v2\/media?parent=43"}],"curies":[{"name":"wp","href":"https:\/\/api.w.org\/{rel}","templated":true}]}}