{"id":73,"date":"2022-12-06T13:16:39","date_gmt":"2022-12-06T11:16:39","guid":{"rendered":"https:\/\/cobdc.net\/documentsgrafics\/?page_id=73"},"modified":"2024-10-31T19:30:39","modified_gmt":"2024-10-31T17:30:39","slug":"qui-som","status":"publish","type":"page","link":"https:\/\/cobdc.net\/documentsgrafics\/qui-som\/","title":{"rendered":"Qui som?"},"content":{"rendered":"\n<p>El <strong>Grup de Treball de Documents Gr\u00e0fics<\/strong> es proposa promocionar, difondre i donar a con\u00e8ixer la diversitat de documentaci\u00f3 gr\u00e0fics a les institucions i centres culturals. Aix\u00ed mateix, vol fomentar l\u2019intercanvi i la col\u00b7laboraci\u00f3 dels professionals que els gestionen a fi de proposar solucions, recomanacions o alternatives a les diferents especificitats i organitzar activitats de formaci\u00f3 i difusi\u00f3 que promogui el treball en equip per sumar sinergies.<\/p>\n\n\n\n<p><strong>OBJECTIUS<\/strong><\/p>\n\n\n\n<p><strong>1<\/strong>. Posar en valor i donar a con\u00e8ixer les col\u00b7leccions gr\u00e0fiques de les diferents&nbsp;institucions<\/p>\n\n\n\n<p><strong>2.<\/strong> Promoure la col\u00b7laboraci\u00f3 entre els professionals que custodien documentaci\u00f3&nbsp;gr\u00e0fica<\/p>\n\n\n\n<p><strong>3.<\/strong> Intercanviar informaci\u00f3 i experi\u00e8ncies en tasques relacionades amb el tractament documental i difusi\u00f3<br>dels materials gr\u00e0fics<\/p>\n\n\n\n<p><strong>4.&nbsp;<\/strong>Potenciar l\u2019aprovaci\u00f3 de normativa o pautes de tractament en l\u2019\u00e0mbit dels&nbsp;diferents tipus de centres que els<br>custodien<\/p>\n\n\n\n<p><strong>5. <\/strong>Promoure activitats de formaci\u00f3, difusi\u00f3, col\u00b7laboraci\u00f3 i sensibilitzaci\u00f3 dins d\u2019aquest \u00e0mbit<\/p>\n\n\n\n<p><strong>6. <\/strong>Oferir assessorament a qualsevol instituci\u00f3 que el demani i estar al dia de les activitats que es realitzen en<br>aquest \u00e0mbit<\/p>\n\n\n\n<p><strong>7. <\/strong>Contribuir a la creaci\u00f3 d\u2019eines que permetin localitzar el material que es troba en diferents tipus d\u2019institucions<br>patrimonials aix\u00ed com tamb\u00e9 proporcionar recursos en xarxa aprofitant els<br>avantatges dels mitjans audiovisuals i les xarxes socials<\/p>\n\n\n\n<p>La varietat de suports, formats, tipologies i multiplicitat d\u2019usos que abarca aquesta documentaci\u00f3 han fet veure la necessitat de treballar conjuntament en aquest \u00e0mbit pel que fa a temes de tractament t\u00e8cnic i difusi\u00f3 i posar-los en valor, a la multiplicitat de biblioteques i centres de documentaci\u00f3 patrimonials. Aquest nou espai de treball i de trobada professional s\u2019emmarca en el si del <a href=\"https:\/\/cobdc.org\/grup-de-treball\/grup-de-treball-de-documents-grafics\/\">Col\u00b7legi de Bibliotecaris i Documentalistes de Catalunya<\/a>.&nbsp;<\/p>\n\n\n<p><!-- \/wp:post-content --><\/p>\n<p><!-- wp:paragraph --><\/p>\n<p><!-- \/wp:paragraph --><\/p>\n\n<!-- wp:heading -->\n<h2 class=\"wp-block-heading\">MEMBRES<\/h2>\n<!-- \/wp:heading -->\n\n<!-- wp:paragraph {\"align\":\"left\"} -->\n<p class=\"has-text-align-left\">S\u00edlvia Ferrer, Biblioteca de Catalunya<br>Ester Gassol, CRAI UPF<br>Anna Nicolau, Biblioteca de Catalunya<br>No\u00e8lia Ramos, Institut Cartogr\u00e0fic de Catalunya<br>\u00c8lia Roman\u00ed, CRAI Universitat de Barcelona<br>Neus Vilaplana, Universitat Polit\u00e8ncia de Catalunya<br>Blanca Vir\u00f3s, Col\u00b7legi Oficial d&#8217;Infermeres i Infermers de Barcelona<\/p>\n<!-- \/wp:paragraph -->","protected":false},"excerpt":{"rendered":"<p>El Grup de Treball de Documents Gr\u00e0fics es proposa promocionar, difondre i donar a con\u00e8ixer la diversitat de documentaci\u00f3 gr\u00e0fics a les institucions i centres culturals. Aix\u00ed mateix, vol fomentar l\u2019intercanvi i la col\u00b7laboraci\u00f3 dels professionals que els gestionen a fi de proposar solucions, recomanacions o alternatives a les diferents especificitats i organitzar activitats de formaci\u00f3 i difusi\u00f3 que promogui el treball en equip per sumar sinergies. OBJECTIUS 1. Posar en valor i donar a con\u00e8ixer les col\u00b7leccions gr\u00e0fiques de les diferents&nbsp;institucions 2. Promoure la col\u00b7laboraci\u00f3 entre els professionals que custodien documentaci\u00f3&nbsp;gr\u00e0fica 3. Intercanviar informaci\u00f3 i experi\u00e8ncies en tasques relacionades amb el tractament documental i difusi\u00f3dels materials gr\u00e0fics 4.&nbsp;Potenciar l\u2019aprovaci\u00f3 de normativa o pautes de tractament en l\u2019\u00e0mbit dels&nbsp;diferents tipus de centres que elscustodien 5. Promoure activitats de formaci\u00f3, difusi\u00f3, col\u00b7laboraci\u00f3 i sensibilitzaci\u00f3 dins d\u2019aquest \u00e0mbit 6. Oferir assessorament a qualsevol instituci\u00f3 que el demani i estar al dia de les activitats que es realitzen enaquest \u00e0mbit 7. Contribuir a la creaci\u00f3 d\u2019eines que permetin localitzar el material que es troba en diferents tipus d\u2019institucionspatrimonials aix\u00ed com tamb\u00e9 proporcionar recursos en xarxa aprofitant elsavantatges dels mitjans audiovisuals i les xarxes socials La varietat de suports, formats, tipologies i multiplicitat d\u2019usos que abarca aquesta documentaci\u00f3 han fet veure la necessitat de treballar conjuntament en aquest \u00e0mbit pel que fa a temes de tractament t\u00e8cnic i difusi\u00f3 i posar-los en valor, a la multiplicitat de biblioteques i centres de documentaci\u00f3 patrimonials. Aquest nou espai de treball i de trobada professional s\u2019emmarca en el si del Col\u00b7legi de Bibliotecaris i Documentalistes de Catalunya.&nbsp; MEMBRES S\u00edlvia Ferrer, Biblioteca de CatalunyaEster Gassol, CRAI UPFAnna Nicolau, Biblioteca de CatalunyaNo\u00e8lia Ramos, Institut Cartogr\u00e0fic de Catalunya\u00c8lia Roman\u00ed, CRAI Universitat de BarcelonaNeus Vilaplana, Universitat Polit\u00e8ncia de CatalunyaBlanca Vir\u00f3s, Col\u00b7legi Oficial d&#8217;Infermeres i Infermers de Barcelona<\/p>\n","protected":false},"author":2,"featured_media":371,"parent":0,"menu_order":0,"comment_status":"closed","ping_status":"closed","template":"","meta":{"_monsterinsights_skip_tracking":false,"_monsterinsights_sitenote_active":false,"_monsterinsights_sitenote_note":"","_monsterinsights_sitenote_category":0,"footnotes":""},"class_list":["post-73","page","type-page","status-publish","has-post-thumbnail","hentry"],"_links":{"self":[{"href":"https:\/\/cobdc.net\/documentsgrafics\/wp-json\/wp\/v2\/pages\/73","targetHints":{"allow":["GET"]}}],"collection":[{"href":"https:\/\/cobdc.net\/documentsgrafics\/wp-json\/wp\/v2\/pages"}],"about":[{"href":"https:\/\/cobdc.net\/documentsgrafics\/wp-json\/wp\/v2\/types\/page"}],"author":[{"embeddable":true,"href":"https:\/\/cobdc.net\/documentsgrafics\/wp-json\/wp\/v2\/users\/2"}],"replies":[{"embeddable":true,"href":"https:\/\/cobdc.net\/documentsgrafics\/wp-json\/wp\/v2\/comments?post=73"}],"version-history":[{"count":7,"href":"https:\/\/cobdc.net\/documentsgrafics\/wp-json\/wp\/v2\/pages\/73\/revisions"}],"predecessor-version":[{"id":370,"href":"https:\/\/cobdc.net\/documentsgrafics\/wp-json\/wp\/v2\/pages\/73\/revisions\/370"}],"wp:featuredmedia":[{"embeddable":true,"href":"https:\/\/cobdc.net\/documentsgrafics\/wp-json\/wp\/v2\/media\/371"}],"wp:attachment":[{"href":"https:\/\/cobdc.net\/documentsgrafics\/wp-json\/wp\/v2\/media?parent=73"}],"curies":[{"name":"wp","href":"https:\/\/api.w.org\/{rel}","templated":true}]}}