{"id":229,"date":"2023-09-21T15:12:48","date_gmt":"2023-09-21T13:12:48","guid":{"rendered":"https:\/\/cobdc.net\/documentsgrafics\/home\/"},"modified":"2023-10-04T02:01:17","modified_gmt":"2023-10-04T00:01:17","slug":"home","status":"publish","type":"page","link":"https:\/\/cobdc.net\/documentsgrafics\/home\/","title":{"rendered":"Not\u00edcies"},"content":{"rendered":"\n<p>Vols rebre les novetats que publiquem en aquest bloc? <\/p>\n\n\n\n<p><\/p>\n\n\n\t<form\n\t\tid=\"nelio-forms-form-260\"\t\tdata-formid=\"260\"\t\tdata-submit-processing-label=\"S\u2019est\u00e0 enviant\u2026\"data-hide-form=\"false\"\t\tclass=\"nelio-forms-form\"\t\tmethod=\"post\"\n\t\tclass=\"nelio-forms-form\"\n\t>\n\t\t<noscript class=\"nelio-forms-error-noscript\">\n\t\t\tActiveu el JavaScript al navegador per a poder completar el formulari.\t\t<\/noscript>\n\t\t\n<div class=\"wp-block-nelio-forms-text nelio-forms-field nelio-forms-field--text nelio-forms-field--required\"><label class=\"nelio-forms-field__label nelio-forms-field__label--text nelio-forms-field__label--required\">Nom<\/label><input type=\"text\" class=\"nelio-forms-field__value nelio-forms-field__value--text nelio-forms-field__value--required\" name=\"nelio_forms[fields][text-1]\" required \/><\/div>\n\n\n\n<div class=\"wp-block-nelio-forms-text nelio-forms-field nelio-forms-field--email nelio-forms-field--required\"><label class=\"nelio-forms-field__label nelio-forms-field__label--email nelio-forms-field__label--required\">Correu electr\u00f2nic<\/label><input type=\"email\" class=\"nelio-forms-field__value nelio-forms-field__value--email nelio-forms-field__value--required\" name=\"nelio_forms[fields][email-1]\" required \/><\/div>\n\n\n\n<p>En trametre la vostra informaci\u00f3, ens doneu perm\u00eds per a contactar-vos mitjan\u00e7ant correu electr\u00f2nic. Podeu cancel\u00b7lar la subscripci\u00f3 en qualsevol moment.<\/p>\n\n\n\n<div class=\"wp-block-buttons is-layout-flex wp-block-buttons-is-layout-flex\">\n<div class=\"wp-block-button nelio-forms-submit\"><a class=\"wp-block-button__link wp-element-button\">Subscriu-m\u2019hi<\/a><\/div>\n<\/div>\n\n\n\n<p><\/p>\n\n\n\n<p><\/p>\n\t\t<input type=\"hidden\" name=\"nelio_forms[id]\" value=\"260\">\t\t\t\t<div class=\"nelio-forms-field nelio-forms-field--hidden\">\n\t\t\t<label class=\"nelio-forms-field__label nelio-forms-field__label--text\" for=\"nelio-forms-form-260__hp\">Deixeu aquest camp buit.<\/label>\n\t\t\t<input id=\"nelio-forms-form-260__hp\" type=\"text\" class=\"nelio-forms-field__value nelio-forms-field__value--text\" name=\"nelio_forms[fields][hp]\" size=\"40\" tabindex=\"-1\" autocomplete=\"off\">\n\t\t<\/div>\t<\/form>\n\t\n\n\n<p>Per si us heu perdut les darreres informacions que hem publicat, aqu\u00ed les podreu llegir:<\/p>\n\n\n\n<div class=\"wp-block-query is-layout-flow wp-block-query-is-layout-flow\"><ul class=\"wp-block-post-template is-layout-flow wp-block-post-template-is-layout-flow\"><li class=\"wp-block-post post-702 post type-post status-publish format-standard has-post-thumbnail hentry category-recursos tag-bibliofilia\">\n<h2 class=\"wp-block-post-title\">Biblioaprenent: un bloc personal expert en el m\u00f3n del llibre i biblioteques<\/h2>\n\n<figure class=\"alignwide wp-block-post-featured-image\"><a href=\"https:\/\/cobdc.net\/documentsgrafics\/2026\/05\/05\/biblioaprenent-un-bloc-personal-expert-en-el-mon-del-llibre-i-biblioteques\/\" target=\"_self\"  ><img loading=\"lazy\" decoding=\"async\" width=\"1275\" height=\"360\" src=\"https:\/\/cobdc.net\/documentsgrafics\/wp-content\/uploads\/2026\/03\/Biblioaprenent.jpg\" class=\"attachment-post-thumbnail size-post-thumbnail wp-post-image\" alt=\"Biblioaprenent: un bloc personal expert en el m\u00f3n del llibre i biblioteques\" style=\"object-fit:cover;\" srcset=\"https:\/\/cobdc.net\/documentsgrafics\/wp-content\/uploads\/2026\/03\/Biblioaprenent.jpg 1275w, https:\/\/cobdc.net\/documentsgrafics\/wp-content\/uploads\/2026\/03\/Biblioaprenent-300x85.jpg 300w, https:\/\/cobdc.net\/documentsgrafics\/wp-content\/uploads\/2026\/03\/Biblioaprenent-1024x289.jpg 1024w, https:\/\/cobdc.net\/documentsgrafics\/wp-content\/uploads\/2026\/03\/Biblioaprenent-768x217.jpg 768w, https:\/\/cobdc.net\/documentsgrafics\/wp-content\/uploads\/2026\/03\/Biblioaprenent-1140x322.jpg 1140w\" sizes=\"auto, (max-width: 1275px) 100vw, 1275px\" \/><\/a><\/figure>\n\n<div class=\"wp-block-post-excerpt\"><p class=\"wp-block-post-excerpt__excerpt\"> <\/p><\/div>\n\n\n<hr class=\"wp-block-separator has-css-opacity\"\/>\n\n\n<div class=\"wp-block-post-date\"><time datetime=\"2026-05-05T10:00:00+02:00\">5 de maig de 2026<\/time><\/div>\n<\/li><li class=\"wp-block-post post-714 post type-post status-publish format-standard has-post-thumbnail hentry category-exposicions tag-crai-de-la-universitat-de-barcelona tag-fima-ub tag-llibres-dartista\">\n<h2 class=\"wp-block-post-title\">El llibre com a obra: exposicions de llibres d\u2019artista a la UB<\/h2>\n\n<figure class=\"alignwide wp-block-post-featured-image\"><a href=\"https:\/\/cobdc.net\/documentsgrafics\/2026\/04\/28\/el-llibre-com-a-obra-exposicions-de-llibres-dartista-a-la-ub\/\" target=\"_self\"  ><img loading=\"lazy\" decoding=\"async\" width=\"1300\" height=\"500\" src=\"https:\/\/cobdc.net\/documentsgrafics\/wp-content\/uploads\/2026\/04\/Llibre-dartista.png\" class=\"attachment-post-thumbnail size-post-thumbnail wp-post-image\" alt=\"El llibre com a obra: exposicions de llibres d\u2019artista a la UB\" style=\"object-fit:cover;\" srcset=\"https:\/\/cobdc.net\/documentsgrafics\/wp-content\/uploads\/2026\/04\/Llibre-dartista.png 1300w, https:\/\/cobdc.net\/documentsgrafics\/wp-content\/uploads\/2026\/04\/Llibre-dartista-300x115.png 300w, https:\/\/cobdc.net\/documentsgrafics\/wp-content\/uploads\/2026\/04\/Llibre-dartista-1024x394.png 1024w, https:\/\/cobdc.net\/documentsgrafics\/wp-content\/uploads\/2026\/04\/Llibre-dartista-768x295.png 768w, https:\/\/cobdc.net\/documentsgrafics\/wp-content\/uploads\/2026\/04\/Llibre-dartista-1140x438.png 1140w\" sizes=\"auto, (max-width: 1300px) 100vw, 1300px\" \/><\/a><\/figure>\n\n<div class=\"wp-block-post-excerpt\"><p class=\"wp-block-post-excerpt__excerpt\"> <\/p><\/div>\n\n\n<hr class=\"wp-block-separator has-css-opacity\"\/>\n\n\n<div class=\"wp-block-post-date\"><time datetime=\"2026-04-28T14:37:32+02:00\">28 d&#8217;abril de 2026<\/time><\/div>\n<\/li><li class=\"wp-block-post post-710 post type-post status-publish format-standard has-post-thumbnail hentry category-cursos-de-formacio tag-biblioteca-de-catalunya tag-cobdc tag-institut-cartografic-i-geografic-de-catalunya tag-mapes tag-museu-maritim-de-barcelona\">\n<h2 class=\"wp-block-post-title\">Nova jornada sobre gesti\u00f3, tractament i difusi\u00f3 de documents cartogr\u00e0fics<\/h2>\n\n<figure class=\"alignwide wp-block-post-featured-image\"><a href=\"https:\/\/cobdc.net\/documentsgrafics\/2026\/04\/21\/nova-jornada-sobre-gestio-tractament-i-difusio-de-documents-cartografics\/\" target=\"_self\"  ><img loading=\"lazy\" decoding=\"async\" width=\"1421\" height=\"498\" src=\"https:\/\/cobdc.net\/documentsgrafics\/wp-content\/uploads\/2026\/04\/jornada-cartografia-cobdc.png\" class=\"attachment-post-thumbnail size-post-thumbnail wp-post-image\" alt=\"Nova jornada sobre gesti\u00f3, tractament i difusi\u00f3 de documents cartogr\u00e0fics\" style=\"object-fit:cover;\" srcset=\"https:\/\/cobdc.net\/documentsgrafics\/wp-content\/uploads\/2026\/04\/jornada-cartografia-cobdc.png 1421w, https:\/\/cobdc.net\/documentsgrafics\/wp-content\/uploads\/2026\/04\/jornada-cartografia-cobdc-300x105.png 300w, https:\/\/cobdc.net\/documentsgrafics\/wp-content\/uploads\/2026\/04\/jornada-cartografia-cobdc-1024x359.png 1024w, https:\/\/cobdc.net\/documentsgrafics\/wp-content\/uploads\/2026\/04\/jornada-cartografia-cobdc-768x269.png 768w, https:\/\/cobdc.net\/documentsgrafics\/wp-content\/uploads\/2026\/04\/jornada-cartografia-cobdc-1140x400.png 1140w\" sizes=\"auto, (max-width: 1421px) 100vw, 1421px\" \/><\/a><\/figure>\n\n<div class=\"wp-block-post-excerpt\"><p class=\"wp-block-post-excerpt__excerpt\"> <\/p><\/div>\n\n\n<hr class=\"wp-block-separator has-css-opacity\"\/>\n\n\n<div class=\"wp-block-post-date\"><time datetime=\"2026-04-21T10:00:00+02:00\">21 d&#8217;abril de 2026<\/time><\/div>\n<\/li><\/ul><\/div>\n","protected":false},"excerpt":{"rendered":"<p>Vols rebre les novetats que publiquem en aquest bloc? Per si us heu perdut les darreres informacions que hem publicat, aqu\u00ed les podreu llegir:<\/p>\n","protected":false},"author":1,"featured_media":0,"parent":0,"menu_order":0,"comment_status":"closed","ping_status":"closed","template":"","meta":{"_monsterinsights_skip_tracking":false,"_monsterinsights_sitenote_active":false,"_monsterinsights_sitenote_note":"","_monsterinsights_sitenote_category":0,"footnotes":""},"class_list":["post-229","page","type-page","status-publish","hentry"],"_links":{"self":[{"href":"https:\/\/cobdc.net\/documentsgrafics\/wp-json\/wp\/v2\/pages\/229","targetHints":{"allow":["GET"]}}],"collection":[{"href":"https:\/\/cobdc.net\/documentsgrafics\/wp-json\/wp\/v2\/pages"}],"about":[{"href":"https:\/\/cobdc.net\/documentsgrafics\/wp-json\/wp\/v2\/types\/page"}],"author":[{"embeddable":true,"href":"https:\/\/cobdc.net\/documentsgrafics\/wp-json\/wp\/v2\/users\/1"}],"replies":[{"embeddable":true,"href":"https:\/\/cobdc.net\/documentsgrafics\/wp-json\/wp\/v2\/comments?post=229"}],"version-history":[{"count":4,"href":"https:\/\/cobdc.net\/documentsgrafics\/wp-json\/wp\/v2\/pages\/229\/revisions"}],"predecessor-version":[{"id":271,"href":"https:\/\/cobdc.net\/documentsgrafics\/wp-json\/wp\/v2\/pages\/229\/revisions\/271"}],"wp:attachment":[{"href":"https:\/\/cobdc.net\/documentsgrafics\/wp-json\/wp\/v2\/media?parent=229"}],"curies":[{"name":"wp","href":"https:\/\/api.w.org\/{rel}","templated":true}]}}