{"id":462,"date":"2025-11-14T12:05:16","date_gmt":"2025-11-14T10:05:16","guid":{"rendered":"https:\/\/cobdc.net\/18JCID\/?page_id=462"},"modified":"2026-02-06T14:43:42","modified_gmt":"2026-02-06T12:43:42","slug":"participacio","status":"publish","type":"page","link":"https:\/\/cobdc.net\/18JCID\/participacio\/","title":{"rendered":"Participaci\u00f3"},"content":{"rendered":"\n<div class=\"wp-block-group alignfull has-background has-global-padding is-layout-constrained wp-container-core-group-is-layout-c7a42c40 wp-block-group-is-layout-constrained\" style=\"background-color:#f9ebed;margin-top:0;margin-bottom:0;padding-top:var(--wp--preset--spacing--20);padding-right:var(--wp--preset--spacing--50);padding-bottom:var(--wp--preset--spacing--20);padding-left:var(--wp--preset--spacing--50)\">\n<div class=\"wp-block-columns alignwide is-layout-flex wp-container-core-columns-is-layout-c9504104 wp-block-columns-is-layout-flex\" style=\"margin-top:var(--wp--preset--spacing--10);margin-bottom:var(--wp--preset--spacing--10);padding-right:0;padding-left:0\">\n<div class=\"wp-block-column has-global-padding is-content-justification-center is-layout-constrained wp-container-core-column-is-layout-d3e3c50c wp-block-column-is-layout-constrained\" style=\"padding-right:var(--wp--preset--spacing--10);padding-left:var(--wp--preset--spacing--10);flex-basis:25%\">\n<p style=\"font-size:clamp(14px, 0.875rem + ((1vw - 3.2px) * 0.625), 20px);\"><strong>2 de febrer de 2026<\/strong><\/p>\n\n\n\n<div style=\"margin-top:var(--wp--preset--spacing--20);margin-bottom:var(--wp--preset--spacing--20);height:5px\" aria-hidden=\"true\" class=\"wp-block-spacer\"><\/div>\n\n\n\n<p style=\"border-style:none;border-width:0px;margin-top:0;margin-right:0;margin-bottom:0;margin-left:0;font-size:clamp(14px, 0.875rem + ((1vw - 3.2px) * 0.625), 20px);\"><strong>23 de mar\u00e7 de 2026<\/strong><\/p>\n\n\n\n<div style=\"margin-top:var(--wp--preset--spacing--20);margin-bottom:var(--wp--preset--spacing--20);height:11px\" aria-hidden=\"true\" class=\"wp-block-spacer\"><\/div>\n\n\n\n<p style=\"font-size:clamp(14px, 0.875rem + ((1vw - 3.2px) * 0.625), 20px);\"><strong>6 de maig de 2026<\/strong><\/p>\n\n\n\n<div style=\"margin-top:var(--wp--preset--spacing--20);margin-bottom:var(--wp--preset--spacing--20);height:10px\" aria-hidden=\"true\" class=\"wp-block-spacer\"><\/div>\n\n\n\n<p style=\"font-size:clamp(14px, 0.875rem + ((1vw - 3.2px) * 0.625), 20px);\"><strong>14 de setembre de 2026<\/strong><\/p>\n\n\n\n<div style=\"height:14px;width:0px\" aria-hidden=\"true\" class=\"wp-block-spacer\"><\/div>\n<\/div>\n\n\n\n<div class=\"wp-block-column is-layout-flow wp-container-core-column-is-layout-63d9dbad wp-block-column-is-layout-flow\" style=\"padding-top:0;padding-bottom:0;flex-basis:3%\">\n<figure class=\"wp-block-image size-large is-resized\"><img decoding=\"async\" width=\"30\" height=\"30\" src=\"https:\/\/cobdc.net\/18JCID\/wp-content\/uploads\/2025\/11\/arrow.png\" alt=\"\" class=\"wp-image-458\" style=\"width:25px;height:auto\"\/><\/figure>\n\n\n\n<div style=\"margin-top:var(--wp--preset--spacing--20);margin-bottom:var(--wp--preset--spacing--20);height:1px\" aria-hidden=\"true\" class=\"wp-block-spacer\"><\/div>\n\n\n\n<figure class=\"wp-block-image size-large is-resized\"><img decoding=\"async\" width=\"30\" height=\"30\" src=\"https:\/\/cobdc.net\/18JCID\/wp-content\/uploads\/2025\/11\/arrow.png\" alt=\"\" class=\"wp-image-458\" style=\"width:25px;height:auto\"\/><\/figure>\n\n\n\n<div style=\"margin-top:var(--wp--preset--spacing--20);margin-bottom:var(--wp--preset--spacing--20);height:1px\" aria-hidden=\"true\" class=\"wp-block-spacer\"><\/div>\n\n\n\n<figure class=\"wp-block-image size-large is-resized\"><img decoding=\"async\" width=\"30\" height=\"30\" src=\"https:\/\/cobdc.net\/18JCID\/wp-content\/uploads\/2025\/11\/arrow.png\" alt=\"\" class=\"wp-image-458\" style=\"width:25px;height:auto\"\/><\/figure>\n\n\n\n<div style=\"margin-top:var(--wp--preset--spacing--20);margin-bottom:var(--wp--preset--spacing--20);height:1px\" aria-hidden=\"true\" class=\"wp-block-spacer\"><\/div>\n\n\n\n<figure class=\"wp-block-image size-large is-resized\"><img decoding=\"async\" width=\"30\" height=\"30\" src=\"https:\/\/cobdc.net\/18JCID\/wp-content\/uploads\/2025\/11\/arrow.png\" alt=\"\" class=\"wp-image-458\" style=\"width:25px;height:auto\"\/><\/figure>\n<\/div>\n\n\n\n<div class=\"wp-block-column is-layout-flow wp-container-core-column-is-layout-040789e5 wp-block-column-is-layout-flow\" style=\"padding-right:0;padding-left:0;flex-basis:70%\">\n<p style=\"font-size:clamp(14px, 0.875rem + ((1vw - 3.2px) * 0.625), 20px);\">Presentaci\u00f3 de contribucions (comunicacions, experi\u00e8ncies i p\u00f2sters)<\/p>\n\n\n\n<div style=\"margin-top:var(--wp--preset--spacing--20);margin-bottom:var(--wp--preset--spacing--20);height:5px\" aria-hidden=\"true\" class=\"wp-block-spacer\"><\/div>\n\n\n\n<p style=\"font-size:clamp(14px, 0.875rem + ((1vw - 3.2px) * 0.625), 20px);\">Notificaci\u00f3 de resoluci\u00f3 als autors<\/p>\n\n\n\n<div style=\"margin-top:var(--wp--preset--spacing--20);margin-bottom:var(--wp--preset--spacing--20);height:10px\" aria-hidden=\"true\" class=\"wp-block-spacer\"><\/div>\n\n\n\n<p style=\"font-size:clamp(14px, 0.875rem + ((1vw - 3.2px) * 0.625), 20px);\">Entrega de diapositives per a la presentaci\u00f3 p\u00fablica<\/p>\n\n\n\n<div style=\"margin-top:var(--wp--preset--spacing--20);margin-bottom:var(--wp--preset--spacing--20);height:10px\" aria-hidden=\"true\" class=\"wp-block-spacer\"><\/div>\n\n\n\n<p style=\"font-size:clamp(14px, 0.875rem + ((1vw - 3.2px) * 0.625), 20px);\">Lliurament dels textos complets per a la seva publicaci\u00f3 a la web<\/p>\n<\/div>\n<\/div>\n<\/div>\n\n\n\n<div class=\"wp-block-group alignfull has-base-background-color has-background has-global-padding is-layout-constrained wp-container-core-group-is-layout-c7a42c40 wp-block-group-is-layout-constrained\" style=\"margin-top:0;margin-bottom:0;padding-top:var(--wp--preset--spacing--20);padding-right:var(--wp--preset--spacing--50);padding-bottom:var(--wp--preset--spacing--20);padding-left:var(--wp--preset--spacing--50)\">\n<div class=\"wp-block-columns alignwide is-layout-flex wp-container-core-columns-is-layout-c9504104 wp-block-columns-is-layout-flex\" style=\"margin-top:var(--wp--preset--spacing--10);margin-bottom:var(--wp--preset--spacing--10);padding-right:0;padding-left:0\">\n<div class=\"wp-block-column has-global-padding is-content-justification-center is-layout-constrained wp-container-core-column-is-layout-fa9a8623 wp-block-column-is-layout-constrained\" style=\"border-style:none;border-width:0px;padding-right:0;padding-bottom:0;padding-left:0;flex-basis:40%\">\n<p class=\"has-text-align-center has-border-color has-background has-body-font-family has-medium-font-size\" style=\"border-color:#176464;border-width:4px;border-radius:11px;background-color:#c8f7f4\"><a href=\"https:\/\/cobdc.net\/18JCID\/wp-content\/uploads\/2026\/02\/1_NORMES_COMUNICACIONS.pdf\" target=\"_blank\" rel=\"noreferrer noopener\"><strong>Normes per als autors (comunicacions i experi\u00e8ncies<\/strong>)<\/a><\/p>\n<\/div>\n\n\n\n<div class=\"wp-block-column has-global-padding is-layout-constrained wp-container-core-column-is-layout-967c5495 wp-block-column-is-layout-constrained\" style=\"padding-right:0;padding-left:0;flex-basis:50%\">\n<p class=\"has-text-align-center has-border-color has-background has-body-font-family has-medium-font-size\" style=\"border-color:#176464;border-width:4px;border-radius:11px;background-color:#c8f7f4;margin-top:0;margin-bottom:0;font-style:normal;font-weight:500\"><a href=\"https:\/\/cobdc.net\/18JCID\/wp-content\/uploads\/2025\/11\/2_NORMES_POSTERS.pdf\" target=\"_blank\" rel=\"noreferrer noopener\"><strong>Normes per als autors  (p\u00f2sters<\/strong>)<\/a><\/p>\n<\/div>\n<\/div>\n<\/div>\n\n\n\n<p><\/p>\n","protected":false},"excerpt":{"rendered":"<p>2 de febrer de 2026 23 de mar\u00e7 de 2026 6 de maig de 2026 14 de setembre de 2026 Presentaci\u00f3 de contribucions (comunicacions, experi\u00e8ncies i p\u00f2sters) Notificaci\u00f3 de resoluci\u00f3 als autors Entrega de diapositives per a la presentaci\u00f3 p\u00fablica Lliurament dels textos complets per a la seva publicaci\u00f3 a la web Normes per als [&hellip;]<\/p>\n","protected":false},"author":1,"featured_media":0,"parent":0,"menu_order":0,"comment_status":"closed","ping_status":"closed","template":"","meta":{"footnotes":""},"class_list":["post-462","page","type-page","status-publish","hentry"],"_links":{"self":[{"href":"https:\/\/cobdc.net\/18JCID\/wp-json\/wp\/v2\/pages\/462","targetHints":{"allow":["GET"]}}],"collection":[{"href":"https:\/\/cobdc.net\/18JCID\/wp-json\/wp\/v2\/pages"}],"about":[{"href":"https:\/\/cobdc.net\/18JCID\/wp-json\/wp\/v2\/types\/page"}],"author":[{"embeddable":true,"href":"https:\/\/cobdc.net\/18JCID\/wp-json\/wp\/v2\/users\/1"}],"replies":[{"embeddable":true,"href":"https:\/\/cobdc.net\/18JCID\/wp-json\/wp\/v2\/comments?post=462"}],"version-history":[{"count":15,"href":"https:\/\/cobdc.net\/18JCID\/wp-json\/wp\/v2\/pages\/462\/revisions"}],"predecessor-version":[{"id":605,"href":"https:\/\/cobdc.net\/18JCID\/wp-json\/wp\/v2\/pages\/462\/revisions\/605"}],"wp:attachment":[{"href":"https:\/\/cobdc.net\/18JCID\/wp-json\/wp\/v2\/media?parent=462"}],"curies":[{"name":"wp","href":"https:\/\/api.w.org\/{rel}","templated":true}]}}