{"id":853,"date":"2019-08-26T12:58:53","date_gmt":"2019-08-26T12:58:53","guid":{"rendered":"https:\/\/evenz.qantumthemes.xyz\/demo\/?page_id=853"},"modified":"2022-05-16T13:30:19","modified_gmt":"2022-05-16T13:30:19","slug":"25-de-maig-2022","status":"publish","type":"page","link":"https:\/\/cobdc.net\/16JCID\/25-de-maig-2022\/","title":{"rendered":"25 de maig del 2022 (Barcelona)"},"content":{"rendered":"<div class=\"wpb-content-wrapper\"><p>[vc_section][vc_row][vc_column]\t\t\t<hr class=\"evenz-spacer-m\">\n\t\t\t\t<div>\n\t\t\t<h4  class=\"evenz-element-caption evenz-caption  evenz-caption__m evenz-anim  \" data-qtwaypoints-offset=\"30\" data-qtwaypoints>\t\t\t\t<span>Programa<\/span>\n\t\t\t\t<\/h4>\t\t<\/div>\n\t\t[vc_tta_accordion][vc_tta_section title=&#8221;Auditori V\u00e8rtex&#8221; tab_id=&#8221;1637334514502-ba3352c0-9799&#8243;]\t\t<div class=\"evenz-cards evenz-cards__horizontal \">\n\t\t\t<div class=\"evenz-cards__content evenz-card evenz-gradprimary evenz-negative\">\n\t\t\t\t<div class=\"evenz-cards__content__c\">\n\t\t\t\t\t<div class=\"evenz-row\">\n\t\t\t\t\t\t<div class=\"evenz-col evenz-cards__horizontal__col1 evenz-m6 evenz-l6\">\n\t\t\t\t\t\t\t<div class=\"evenz-cards__horizontal__pad\">\n\t\t\t\t\t\t\t\t<h6 class=\"evenz-caption evenz-caption__xs\">10:00 - 11:00 h<\/h6>\t\t\t\t\t\t\t\t\t\t<h2 class=\"evenz-caption\">KNUT SKANSEN. Confer\u00e8ncia inaugural<\/h2>\n\t\t\t\t\t\t\t\t\t\t<a href=\"https:\/\/cobdc.net\/16JCID\/event\/conferenciainaugural\/\" class=\"evenz-btn evenz-btn__l \" target=\"_self\">M\u00e9s informaci\u00f3<\/a>\n\t\t\t\t\t \t\t<\/div>\n\t\t\t\t\t\t<\/div>\n\t\t\t\t\t\t<div class=\"evenz-col evenz-cards__horizontal__col2 evenz-m6 evenz-l6\">\n\t\t\t\t\t\t\t\t\t\t\t\t\t\t\t<div class=\"evenz-cards__i\"><img decoding=\"async\" src=\"https:\/\/cobdc.net\/16JCID\/wp-content\/uploads\/2021\/11\/Deichman_water_mirror-1-scaled.jpg\" alt=\"KNUT SKANSEN. Confer\u00e8ncia inaugural\"><\/div>\n\t\t\t\t\t\t\t\t\t\t\t\t\t\t<\/div>\n\t\t\t\t\t<\/div>\n\t\t \t\t<\/div>\n\n\n\n\t \t\t\t\n\t\t\t\t<span class=\"evenz-hov\"><\/span><div class=\"evenz-particles\"><\/div>\n\t\t\t\t\n\t\t\t<\/div>\n\t\t<\/div>\n\t\t\t\t<div class=\"evenz-cards evenz-cards__horizontal evenz-cards__horizontal__inv\">\n\t\t\t<div class=\"evenz-cards__content evenz-card evenz-gradprimary evenz-negative\">\n\t\t\t\t<div class=\"evenz-cards__content__c\">\n\t\t\t\t\t<div class=\"evenz-row\">\n\t\t\t\t\t\t<div class=\"evenz-col evenz-cards__horizontal__col1 evenz-m6 evenz-l6\">\n\t\t\t\t\t\t\t<div class=\"evenz-cards__horizontal__pad\">\n\t\t\t\t\t\t\t\t<h6 class=\"evenz-caption evenz-caption__xs\">11:30-12:15 h<\/h6>\t\t\t\t\t\t\t\t\t\t<h2 class=\"evenz-caption\">Confer\u00e8ncia<\/h2>\n\t\t\t\t\t\t\t\t\t\t<p>El Programa d&#039;Acci\u00f3 Lectora de l&#039;Ajuntament de Barcelona<\/p><a href=\"https:\/\/cobdc.net\/16JCID\/event\/programa-daccio-lectora-de-lajuntament-de-barcelona\/\" class=\"evenz-btn evenz-btn__l \" target=\"_blank\">M\u00e9s informaci\u00f3<\/a>\n\t\t\t\t\t \t\t<\/div>\n\t\t\t\t\t\t<\/div>\n\t\t\t\t\t\t<div class=\"evenz-col evenz-cards__horizontal__col2 evenz-m6 evenz-l6\">\n\t\t\t\t\t\t\t\t\t\t\t\t\t\t\t<div class=\"evenz-cards__i\"><img decoding=\"async\" src=\"https:\/\/cobdc.net\/16JCID\/wp-content\/uploads\/2022\/04\/ciutatlectora3.jpg\" alt=\"Confer\u00e8ncia\"><\/div>\n\t\t\t\t\t\t\t\t\t\t\t\t\t\t<\/div>\n\t\t\t\t\t<\/div>\n\t\t \t\t<\/div>\n\n\n\n\t \t\t\t\n\t\t\t\t<span class=\"evenz-hov\"><\/span><div class=\"evenz-particles\"><\/div>\n\t\t\t\t\n\t\t\t<\/div>\n\t\t<\/div>\n\t\t\t\t<div class=\"evenz-cards evenz-cards__horizontal \">\n\t\t\t<div class=\"evenz-cards__content evenz-card evenz-gradprimary evenz-negative\">\n\t\t\t\t<div class=\"evenz-cards__content__c\">\n\t\t\t\t\t<div class=\"evenz-row\">\n\t\t\t\t\t\t<div class=\"evenz-col evenz-cards__horizontal__col1 evenz-m6 evenz-l6\">\n\t\t\t\t\t\t\t<div class=\"evenz-cards__horizontal__pad\">\n\t\t\t\t\t\t\t\t<h6 class=\"evenz-caption evenz-caption__xs\">12:15 a 12.30<\/h6>\t\t\t\t\t\t\t\t\t\t<h2 class=\"evenz-caption\">C\u00e0psula<\/h2>\n\t\t\t\t\t\t\t\t\t\t<p>Recomanaci\u00f3 lectora amb intel\u00b7lig\u00e8ncia artificial. Hugo Agud<\/p><a href=\"https:\/\/cobdc.net\/16JCID\/event\/recomanacio-lectora-amb-intelligencia-artificial\/\" class=\"evenz-btn evenz-btn__l \" target=\"_blank\">M\u00e9s informaci\u00f3<\/a>\n\t\t\t\t\t \t\t<\/div>\n\t\t\t\t\t\t<\/div>\n\t\t\t\t\t\t<div class=\"evenz-col evenz-cards__horizontal__col2 evenz-m6 evenz-l6\">\n\t\t\t\t\t\t\t\t\t\t\t\t\t\t\t<div class=\"evenz-cards__i\"><img decoding=\"async\" src=\"https:\/\/cobdc.net\/16JCID\/wp-content\/uploads\/2022\/05\/orex.jpg\" alt=\"C\u00e0psula\"><\/div>\n\t\t\t\t\t\t\t\t\t\t\t\t\t\t<\/div>\n\t\t\t\t\t<\/div>\n\t\t \t\t<\/div>\n\n\n\n\t \t\t\t\n\t\t\t\t<span class=\"evenz-hov\"><\/span><div class=\"evenz-particles\"><\/div>\n\t\t\t\t\n\t\t\t<\/div>\n\t\t<\/div>\n\t\t\t\t<div class=\"evenz-cards evenz-cards__horizontal evenz-cards__horizontal__inv\">\n\t\t\t<div class=\"evenz-cards__content evenz-card evenz-gradprimary evenz-negative\">\n\t\t\t\t<div class=\"evenz-cards__content__c\">\n\t\t\t\t\t<div class=\"evenz-row\">\n\t\t\t\t\t\t<div class=\"evenz-col evenz-cards__horizontal__col1 evenz-m6 evenz-l6\">\n\t\t\t\t\t\t\t<div class=\"evenz-cards__horizontal__pad\">\n\t\t\t\t\t\t\t\t<h6 class=\"evenz-caption evenz-caption__xs\">12:30 a 13:00<\/h6>\t\t\t\t\t\t\t\t\t\t<h2 class=\"evenz-caption\">C\u00e0psula<\/h2>\n\t\t\t\t\t\t\t\t\t\t<p>Editorial Juventud, 100 anys de literatura infantil juvenil. M\u00f2nica Bar\u00f3 i Llu\u00eds Zendrera<\/p>\n\t\t\t\t\t \t\t<\/div>\n\t\t\t\t\t\t<\/div>\n\t\t\t\t\t\t<div class=\"evenz-col evenz-cards__horizontal__col2 evenz-m6 evenz-l6\">\n\t\t\t\t\t\t\t\t\t\t\t\t\t\t\t<div class=\"evenz-cards__i\"><img decoding=\"async\" src=\"https:\/\/cobdc.net\/16JCID\/wp-content\/uploads\/2022\/05\/storytelling-gd39b777d5_1280.jpg\" alt=\"C\u00e0psula\"><\/div>\n\t\t\t\t\t\t\t\t\t\t\t\t\t\t<\/div>\n\t\t\t\t\t<\/div>\n\t\t \t\t<\/div>\n\n\n\n\t \t\t\t\n\t\t\t\t<span class=\"evenz-hov\"><\/span><div class=\"evenz-particles\"><\/div>\n\t\t\t\t\n\t\t\t<\/div>\n\t\t<\/div>\n\t\t\t\t<div class=\"evenz-cards evenz-cards__horizontal \">\n\t\t\t<div class=\"evenz-cards__content evenz-card evenz-gradprimary evenz-negative\">\n\t\t\t\t<div class=\"evenz-cards__content__c\">\n\t\t\t\t\t<div class=\"evenz-row\">\n\t\t\t\t\t\t<div class=\"evenz-col evenz-cards__horizontal__col1 evenz-m6 evenz-l6\">\n\t\t\t\t\t\t\t<div class=\"evenz-cards__horizontal__pad\">\n\t\t\t\t\t\t\t\t<h6 class=\"evenz-caption evenz-caption__xs\">13:00-14:00 h<\/h6>\t\t\t\t\t\t\t\t\t\t<h2 class=\"evenz-caption\">Taula rodona<\/h2>\n\t\t\t\t\t\t\t\t\t\t<p>El futur de les biblioteques universit\u00e0ries<\/p><a href=\"https:\/\/cobdc.net\/16JCID\/event\/el-futur-de-les-biblioteques-universitaries-taula-rodona\/\" class=\"evenz-btn evenz-btn__l \" target=\"_blank\">M\u00e9s informaci\u00f3<\/a>\n\t\t\t\t\t \t\t<\/div>\n\t\t\t\t\t\t<\/div>\n\t\t\t\t\t\t<div class=\"evenz-col evenz-cards__horizontal__col2 evenz-m6 evenz-l6\">\n\t\t\t\t\t\t\t\t\t\t\t\t\t\t\t<div class=\"evenz-cards__i\"><img decoding=\"async\" src=\"https:\/\/cobdc.net\/16JCID\/wp-content\/uploads\/2022\/04\/FPfhU6nXMAEVdqt.jpg\" alt=\"Taula rodona\"><\/div>\n\t\t\t\t\t\t\t\t\t\t\t\t\t\t<\/div>\n\t\t\t\t\t<\/div>\n\t\t \t\t<\/div>\n\n\n\n\t \t\t\t\n\t\t\t\t<span class=\"evenz-hov\"><\/span><div class=\"evenz-particles\"><\/div>\n\t\t\t\t\n\t\t\t<\/div>\n\t\t<\/div>\n\t\t\t\t<div class=\"evenz-cards evenz-cards__horizontal evenz-cards__horizontal__inv\">\n\t\t\t<div class=\"evenz-cards__content evenz-card evenz-gradprimary evenz-negative\">\n\t\t\t\t<div class=\"evenz-cards__content__c\">\n\t\t\t\t\t<div class=\"evenz-row\">\n\t\t\t\t\t\t<div class=\"evenz-col evenz-cards__horizontal__col1 evenz-m6 evenz-l6\">\n\t\t\t\t\t\t\t<div class=\"evenz-cards__horizontal__pad\">\n\t\t\t\t\t\t\t\t<h6 class=\"evenz-caption evenz-caption__xs\">16 a 17 h<\/h6>\t\t\t\t\t\t\t\t\t\t<h2 class=\"evenz-caption\">Presentaci\u00f3<\/h2>\n\t\t\t\t\t\t\t\t\t\t<p>Comunicacions i experi\u00e8ncies<\/p><a href=\"https:\/\/cobdc.net\/16JCID\/event\/presentacio-de-comunicacions-i-experiencies\/\" class=\"evenz-btn evenz-btn__l \" target=\"_blank\">M\u00e9s informaci\u00f3<\/a>\n\t\t\t\t\t \t\t<\/div>\n\t\t\t\t\t\t<\/div>\n\t\t\t\t\t\t<div class=\"evenz-col evenz-cards__horizontal__col2 evenz-m6 evenz-l6\">\n\t\t\t\t\t\t\t\t\t\t\t\t\t\t\t<div class=\"evenz-cards__i\"><img decoding=\"async\" src=\"https:\/\/cobdc.net\/16JCID\/wp-content\/uploads\/2022\/04\/microphone-gea6fcd749_1280.jpg\" alt=\"Presentaci\u00f3\"><\/div>\n\t\t\t\t\t\t\t\t\t\t\t\t\t\t<\/div>\n\t\t\t\t\t<\/div>\n\t\t \t\t<\/div>\n\n\n\n\t \t\t\t\n\t\t\t\t<span class=\"evenz-hov\"><\/span><div class=\"evenz-particles\"><\/div>\n\t\t\t\t\n\t\t\t<\/div>\n\t\t<\/div>\n\t\t\t\t<div class=\"evenz-cards evenz-cards__horizontal \">\n\t\t\t<div class=\"evenz-cards__content evenz-card evenz-gradprimary evenz-negative\">\n\t\t\t\t<div class=\"evenz-cards__content__c\">\n\t\t\t\t\t<div class=\"evenz-row\">\n\t\t\t\t\t\t<div class=\"evenz-col evenz-cards__horizontal__col1 evenz-m6 evenz-l6\">\n\t\t\t\t\t\t\t<div class=\"evenz-cards__horizontal__pad\">\n\t\t\t\t\t\t\t\t<h6 class=\"evenz-caption evenz-caption__xs\">17 a 18 h<\/h6>\t\t\t\t\t\t\t\t\t\t<h2 class=\"evenz-caption\">Taula rodona<\/h2>\n\t\t\t\t\t\t\t\t\t\t<p>Ci\u00e8ncia oberta i biblioteques<\/p><a href=\"https:\/\/cobdc.net\/16JCID\/event\/ciencia-oberta-i-biblioteques-taula-rodona\/\" class=\"evenz-btn evenz-btn__l \" target=\"_blank\">M\u00e9s informaci\u00f3<\/a>\n\t\t\t\t\t \t\t<\/div>\n\t\t\t\t\t\t<\/div>\n\t\t\t\t\t\t<div class=\"evenz-col evenz-cards__horizontal__col2 evenz-m6 evenz-l6\">\n\t\t\t\t\t\t\t\t\t\t\t\t\t\t\t<div class=\"evenz-cards__i\"><img decoding=\"async\" src=\"https:\/\/cobdc.net\/16JCID\/wp-content\/uploads\/2022\/04\/FPQFeDBXMAIarAV.jpg\" alt=\"Taula rodona\"><\/div>\n\t\t\t\t\t\t\t\t\t\t\t\t\t\t<\/div>\n\t\t\t\t\t<\/div>\n\t\t \t\t<\/div>\n\n\n\n\t \t\t\t\n\t\t\t\t<span class=\"evenz-hov\"><\/span><div class=\"evenz-particles\"><\/div>\n\t\t\t\t\n\t\t\t<\/div>\n\t\t<\/div>\n\t\t[\/vc_tta_section][vc_tta_section title=&#8221;Sala d&#8217;actes&#8221; tab_id=&#8221;1637334514531-898869f8-5751&#8243;]\t\t<div class=\"evenz-cards evenz-cards__horizontal \">\n\t\t\t<div class=\"evenz-cards__content evenz-card evenz-gradprimary evenz-negative\">\n\t\t\t\t<div class=\"evenz-cards__content__c\">\n\t\t\t\t\t<div class=\"evenz-row\">\n\t\t\t\t\t\t<div class=\"evenz-col evenz-cards__horizontal__col1 evenz-m6 evenz-l6\">\n\t\t\t\t\t\t\t<div class=\"evenz-cards__horizontal__pad\">\n\t\t\t\t\t\t\t\t<h6 class=\"evenz-caption evenz-caption__xs\">11:30-18:00 h<\/h6>\t\t\t\t\t\t\t\t\t\t<h2 class=\"evenz-caption\">Jornada Biblioteca Escolar<\/h2>\n\t\t\t\t\t\t\t\t\t\t<a href=\"https:\/\/cobdc.net\/16JCID\/jornada-de-biblioteca-escolar-25-de-maig-sala-dactes-upc-espai-vertex\/\" class=\"evenz-btn evenz-btn__l \" target=\"_blank\">M\u00e9s informaci\u00f3<\/a>\n\t\t\t\t\t \t\t<\/div>\n\t\t\t\t\t\t<\/div>\n\t\t\t\t\t\t<div class=\"evenz-col evenz-cards__horizontal__col2 evenz-m6 evenz-l6\">\n\t\t\t\t\t\t\t\t\t\t\t\t\t\t\t<div class=\"evenz-cards__i\"><img decoding=\"async\" src=\"https:\/\/cobdc.net\/16JCID\/wp-content\/uploads\/2022\/04\/FHM5GkmWQAA4911.png\" alt=\"Jornada Biblioteca Escolar\"><\/div>\n\t\t\t\t\t\t\t\t\t\t\t\t\t\t<\/div>\n\t\t\t\t\t<\/div>\n\t\t \t\t<\/div>\n\n\n\n\t \t\t\t\n\t\t\t\t<span class=\"evenz-hov\"><\/span><div class=\"evenz-particles\"><\/div>\n\t\t\t\t\n\t\t\t<\/div>\n\t\t<\/div>\n\t\t[\/vc_tta_section][vc_tta_section title=&#8221;Aulari VS208&#8243; tab_id=&#8221;1637334534124-eee00b7d-1954&#8243;]\t\t<div class=\"evenz-cards evenz-cards__horizontal \">\n\t\t\t<div class=\"evenz-cards__content evenz-card evenz-gradprimary evenz-negative\">\n\t\t\t\t<div class=\"evenz-cards__content__c\">\n\t\t\t\t\t<div class=\"evenz-row\">\n\t\t\t\t\t\t<div class=\"evenz-col evenz-cards__horizontal__col1 evenz-m6 evenz-l6\">\n\t\t\t\t\t\t\t<div class=\"evenz-cards__horizontal__pad\">\n\t\t\t\t\t\t\t\t<h6 class=\"evenz-caption evenz-caption__xs\">11:30 a 13 h<\/h6>\t\t\t\t\t\t\t\t\t\t<h2 class=\"evenz-caption\">Taula rodona<\/h2>\n\t\t\t\t\t\t\t\t\t\t<p>Els l\u00edmits del c\u00f2mic infantil<\/p><a href=\"https:\/\/cobdc.net\/16JCID\/event\/els-limits-del-comic-infantil-taula-rodona\/\" class=\"evenz-btn evenz-btn__l \" target=\"_blank\">M\u00e9s informaci\u00f3<\/a>\n\t\t\t\t\t \t\t<\/div>\n\t\t\t\t\t\t<\/div>\n\t\t\t\t\t\t<div class=\"evenz-col evenz-cards__horizontal__col2 evenz-m6 evenz-l6\">\n\t\t\t\t\t\t\t\t\t\t\t\t\t\t\t<div class=\"evenz-cards__i\"><img decoding=\"async\" src=\"https:\/\/cobdc.net\/16JCID\/wp-content\/uploads\/2022\/04\/unnamed.jpg\" alt=\"Taula rodona\"><\/div>\n\t\t\t\t\t\t\t\t\t\t\t\t\t\t<\/div>\n\t\t\t\t\t<\/div>\n\t\t \t\t<\/div>\n\n\n\n\t \t\t\t\n\t\t\t\t<span class=\"evenz-hov\"><\/span><div class=\"evenz-particles\"><\/div>\n\t\t\t\t\n\t\t\t<\/div>\n\t\t<\/div>\n\t\t\t\t<div class=\"evenz-cards evenz-cards__horizontal evenz-cards__horizontal__inv\">\n\t\t\t<div class=\"evenz-cards__content evenz-card evenz-gradprimary evenz-negative\">\n\t\t\t\t<div class=\"evenz-cards__content__c\">\n\t\t\t\t\t<div class=\"evenz-row\">\n\t\t\t\t\t\t<div class=\"evenz-col evenz-cards__horizontal__col1 evenz-m6 evenz-l6\">\n\t\t\t\t\t\t\t<div class=\"evenz-cards__horizontal__pad\">\n\t\t\t\t\t\t\t\t<h6 class=\"evenz-caption evenz-caption__xs\">13 a 14 h<\/h6>\t\t\t\t\t\t\t\t\t\t<h2 class=\"evenz-caption\">Presentaci\u00f3<\/h2>\n\t\t\t\t\t\t\t\t\t\t<p>Ficci\u00f3 digital a la biblioteca Joan Duch de Juneda: de la formaci\u00f3 a la pr\u00e0ctica reflexiva<\/p><a href=\"https:\/\/cobdc.net\/16JCID\/event\/ficcio-digital-a-la-biblioteca-joan-duch-de-juneda-de-la-formacio-a-la-practica-reflexiva\/\" class=\"evenz-btn evenz-btn__l \" target=\"_blank\">M\u00e9s informaci\u00f3<\/a>\n\t\t\t\t\t \t\t<\/div>\n\t\t\t\t\t\t<\/div>\n\t\t\t\t\t\t<div class=\"evenz-col evenz-cards__horizontal__col2 evenz-m6 evenz-l6\">\n\t\t\t\t\t\t\t\t\t\t\t\t\t\t\t<div class=\"evenz-cards__i\"><img decoding=\"async\" src=\"https:\/\/cobdc.net\/16JCID\/wp-content\/uploads\/2022\/04\/Bibliolab1-1200x630-1.jpg\" alt=\"Presentaci\u00f3\"><\/div>\n\t\t\t\t\t\t\t\t\t\t\t\t\t\t<\/div>\n\t\t\t\t\t<\/div>\n\t\t \t\t<\/div>\n\n\n\n\t \t\t\t\n\t\t\t\t<span class=\"evenz-hov\"><\/span><div class=\"evenz-particles\"><\/div>\n\t\t\t\t\n\t\t\t<\/div>\n\t\t<\/div>\n\t\t\t\t<div class=\"evenz-cards evenz-cards__horizontal \">\n\t\t\t<div class=\"evenz-cards__content evenz-card evenz-gradprimary evenz-negative\">\n\t\t\t\t<div class=\"evenz-cards__content__c\">\n\t\t\t\t\t<div class=\"evenz-row\">\n\t\t\t\t\t\t<div class=\"evenz-col evenz-cards__horizontal__col1 evenz-m6 evenz-l6\">\n\t\t\t\t\t\t\t<div class=\"evenz-cards__horizontal__pad\">\n\t\t\t\t\t\t\t\t<h6 class=\"evenz-caption evenz-caption__xs\">16 a 17 h<\/h6>\t\t\t\t\t\t\t\t\t\t<h2 class=\"evenz-caption\">Presentaci\u00f3<\/h2>\n\t\t\t\t\t\t\t\t\t\t<p>Comunicacions i experi\u00e8ncies<\/p><a href=\"https:\/\/cobdc.net\/16JCID\/event\/presentacio-de-comunicacions-i-experiencies-2\/\" class=\"evenz-btn evenz-btn__l \" target=\"_blank\">M\u00e9s informaci\u00f3<\/a>\n\t\t\t\t\t \t\t<\/div>\n\t\t\t\t\t\t<\/div>\n\t\t\t\t\t\t<div class=\"evenz-col evenz-cards__horizontal__col2 evenz-m6 evenz-l6\">\n\t\t\t\t\t\t\t\t\t\t\t\t\t\t\t<div class=\"evenz-cards__i\"><img decoding=\"async\" src=\"https:\/\/cobdc.net\/16JCID\/wp-content\/uploads\/2022\/04\/microphone-gea6fcd749_1280.jpg\" alt=\"Presentaci\u00f3\"><\/div>\n\t\t\t\t\t\t\t\t\t\t\t\t\t\t<\/div>\n\t\t\t\t\t<\/div>\n\t\t \t\t<\/div>\n\n\n\n\t \t\t\t\n\t\t\t\t<span class=\"evenz-hov\"><\/span><div class=\"evenz-particles\"><\/div>\n\t\t\t\t\n\t\t\t<\/div>\n\t\t<\/div>\n\t\t[\/vc_tta_section][\/vc_tta_accordion][\/vc_column][\/vc_row][vc_row][vc_column][vc_gmaps link=&#8221;#E-8_JTNDaWZyYW1lJTIwc3JjJTNEJTIyaHR0cHMlM0ElMkYlMkZ3d3cuZ29vZ2xlLmNvbSUyRm1hcHMlMkZlbWJlZCUzRnBiJTNEJTIxMW0xNCUyMTFtOCUyMTFtMyUyMTFkMTE5NzIuOTg3MTUwNTIyMzMlMjEyZDIuMTE0MzAwMyUyMTNkNDEuMzkwNDQ2NiUyMTNtMiUyMTFpMTAyNCUyMTJpNzY4JTIxNGYxMy4xJTIxM20zJTIxMW0yJTIxMXMweDAlMjUzQTB4ZTI3ZTVjODc0YzkwNzhiMyUyMTJzVVBDJTI1M0ElMjUyMEVkaWZpY2klMjUyMFYlMjVDMyUyNUE4cnRleCUyMTVlMCUyMTNtMiUyMTFzY2ElMjEyc2VzJTIxNHYxNjQzMDQ2ODQwODQ3JTIxNW0yJTIxMXNjYSUyMTJzZXMlMjIlMjB3aWR0aCUzRCUyMjYwMCUyMiUyMGhlaWdodCUzRCUyMjQ1MCUyMiUyMHN0eWxlJTNEJTIyYm9yZGVyJTNBMCUzQiUyMiUyMGFsbG93ZnVsbHNjcmVlbiUzRCUyMiUyMiUyMGxvYWRpbmclM0QlMjJsYXp5JTIyJTNFJTNDJTJGaWZyYW1lJTNF&#8221; title=&#8221;Espai&#8221;][\/vc_column][\/vc_row][\/vc_section][vc_row][vc_column][\/vc_column][\/vc_row]<\/p>\n<\/div>","protected":false},"excerpt":{"rendered":"<p>[vc_section][vc_row][vc_column][vc_tta_accordion][vc_tta_section title=&#8221;Auditori V\u00e8rtex&#8221; tab_id=&#8221;1637334514502-ba3352c0-9799&#8243;][\/vc_tta_section][vc_tta_section title=&#8221;Sala d&#8217;actes&#8221; tab_id=&#8221;1637334514531-898869f8-5751&#8243;][\/vc_tta_section][vc_tta_section title=&#8221;Aulari VS208&#8243; tab_id=&#8221;1637334534124-eee00b7d-1954&#8243;][\/vc_tta_section][\/vc_tta_accordion][\/vc_column][\/vc_row][vc_row][vc_column][vc_gmaps link=&#8221;#E-8_JTNDaWZyYW1lJTIwc3JjJTNEJTIyaHR0cHMlM0ElMkYlMkZ3d3cuZ29vZ2xlLmNvbSUyRm1hcHMlMkZlbWJlZCUzRnBiJTNEJTIxMW0xNCUyMTFtOCUyMTFtMyUyMTFkMTE5NzIuOTg3MTUwNTIyMzMlMjEyZDIuMTE0MzAwMyUyMTNkNDEuMzkwNDQ2NiUyMTNtMiUyMTFpMTAyNCUyMTJpNzY4JTIxNGYxMy4xJTIxM20zJTIxMW0yJTIxMXMweDAlMjUzQTB4ZTI3ZTVjODc0YzkwNzhiMyUyMTJzVVBDJTI1M0ElMjUyMEVkaWZpY2klMjUyMFYlMjVDMyUyNUE4cnRleCUyMTVlMCUyMTNtMiUyMTFzY2ElMjEyc2VzJTIxNHYxNjQzMDQ2ODQwODQ3JTIxNW0yJTIxMXNjYSUyMTJzZXMlMjIlMjB3aWR0aCUzRCUyMjYwMCUyMiUyMGhlaWdodCUzRCUyMjQ1MCUyMiUyMHN0eWxlJTNEJTIyYm9yZGVyJTNBMCUzQiUyMiUyMGFsbG93ZnVsbHNjcmVlbiUzRCUyMiUyMiUyMGxvYWRpbmclM0QlMjJsYXp5JTIyJTNFJTNDJTJGaWZyYW1lJTNF&#8221; title=&#8221;Espai&#8221;][\/vc_column][\/vc_row][\/vc_section][vc_row][vc_column][\/vc_column][\/vc_row]<\/p>\n","protected":false},"author":1,"featured_media":1699,"parent":0,"menu_order":0,"comment_status":"closed","ping_status":"closed","template":"page-wide.php","meta":{"_monsterinsights_skip_tracking":false,"_monsterinsights_sitenote_active":false,"_monsterinsights_sitenote_note":"","_monsterinsights_sitenote_category":0,"footnotes":""},"class_list":["post-853","page","type-page","status-publish","has-post-thumbnail","hentry"],"_links":{"self":[{"href":"https:\/\/cobdc.net\/16JCID\/wp-json\/wp\/v2\/pages\/853","targetHints":{"allow":["GET"]}}],"collection":[{"href":"https:\/\/cobdc.net\/16JCID\/wp-json\/wp\/v2\/pages"}],"about":[{"href":"https:\/\/cobdc.net\/16JCID\/wp-json\/wp\/v2\/types\/page"}],"author":[{"embeddable":true,"href":"https:\/\/cobdc.net\/16JCID\/wp-json\/wp\/v2\/users\/1"}],"replies":[{"embeddable":true,"href":"https:\/\/cobdc.net\/16JCID\/wp-json\/wp\/v2\/comments?post=853"}],"version-history":[{"count":5,"href":"https:\/\/cobdc.net\/16JCID\/wp-json\/wp\/v2\/pages\/853\/revisions"}],"predecessor-version":[{"id":2075,"href":"https:\/\/cobdc.net\/16JCID\/wp-json\/wp\/v2\/pages\/853\/revisions\/2075"}],"wp:featuredmedia":[{"embeddable":true,"href":"https:\/\/cobdc.net\/16JCID\/wp-json\/wp\/v2\/media\/1699"}],"wp:attachment":[{"href":"https:\/\/cobdc.net\/16JCID\/wp-json\/wp\/v2\/media?parent=853"}],"curies":[{"name":"wp","href":"https:\/\/api.w.org\/{rel}","templated":true}]}}