{"id":481,"date":"2019-08-16T12:36:42","date_gmt":"2019-08-16T12:36:42","guid":{"rendered":"https:\/\/evenz.qantumthemes.xyz\/demo\/?page_id=481"},"modified":"2021-11-19T10:35:32","modified_gmt":"2021-11-19T10:35:32","slug":"particpacio","status":"publish","type":"page","link":"https:\/\/cobdc.net\/16JCID\/particpacio\/","title":{"rendered":"Participaci\u00f3"},"content":{"rendered":"<div class=\"wpb-content-wrapper\"><p>[vc_row css=&#8221;.vc_custom_1565961432455{padding-top: 70px !important;padding-bottom: 70px !important;background-color: #ffffff !important;}&#8221;][vc_column css_animation=&#8221;fadeInUp&#8221;][vc_cta h2=&#8221;Participa a les jornades amb la teva comunicaci\u00f3, experi\u00e8ncia o p\u00f2ster!&#8221; h4=&#8221;Tens fins el 20 de desembre per enviar-nos el teu resum!&#8221; txt_align=&#8221;justify&#8221; el_width=&#8221;lg&#8221;]Pots participar des de qualsevol dels eixos que vehicularan les 16JCID:<\/p>\n<p><b>Lideratge i rol professional<\/b><span style=\"font-weight: 400;\">: p<\/span><span style=\"font-weight: 400;\">erfils professionals, formaci\u00f3,\u00a0 gesti\u00f3 d\u2019equips, recursos humans, lideratge, el futur de la professi\u00f3, reivindicaci\u00f3 i defensa dels drets professionals, adaptaci\u00f3 al canvi i qualsevol altre tema relacionat amb les persones que treballen a les diferents unitats d\u2019informaci\u00f3.<\/span><\/p>\n<p><b>Comunitats actives<\/b><span style=\"font-weight: 400;\">: treball en xarxa, creaci\u00f3 de comunitats, laboratoris ciutadans, ci\u00e8ncia ciutadana, lectura digital i<\/span><span style=\"font-weight: 400;\"> qualsevol altre tema relacionat amb la relaci\u00f3 entre unitats d\u2019informaci\u00f3 i la comunitat que l\u2019envolta.<\/span><\/p>\n<p><b>Gesti\u00f3, planificaci\u00f3 i difusi\u00f3 dels recursos<\/b><span style=\"font-weight: 400;\">: m\u00e0rqueting, gesti\u00f3 i planificaci\u00f3 econ\u00f2mica, plans de comunicaci\u00f3, gesti\u00f3 de la col\u00b7lecci\u00f3, serveis bibliotecaris, xarxes de finan\u00e7ament, preservaci\u00f3, renovaci\u00f3 i sostenibilitat d\u2019edificis i qualsevol altre tema relacionat amb els recursos materials, financers, tecnol\u00f2gics, etc.\u00a0\u00a0\u00a0<\/span>[\/vc_cta][\/vc_column][\/vc_row]<\/p>\n<\/div>","protected":false},"excerpt":{"rendered":"<p>[vc_row css=&#8221;.vc_custom_1565961432455{padding-top: 70px !important;padding-bottom: 70px !important;background-color: #ffffff !important;}&#8221;][vc_column css_animation=&#8221;fadeInUp&#8221;][vc_cta h2=&#8221;Participa a les jornades amb la teva comunicaci\u00f3, experi\u00e8ncia o p\u00f2ster!&#8221; h4=&#8221;Tens fins el 20 de desembre per enviar-nos el teu resum!&#8221; txt_align=&#8221;justify&#8221; el_width=&#8221;lg&#8221;]Pots participar des de qualsevol dels eixos que vehicularan les 16JCID: Lideratge i rol professional: perfils professionals, formaci\u00f3,\u00a0 ...<\/p>\n","protected":false},"author":1,"featured_media":240,"parent":0,"menu_order":0,"comment_status":"closed","ping_status":"closed","template":"page-sidebar.php","meta":{"_monsterinsights_skip_tracking":false,"_monsterinsights_sitenote_active":false,"_monsterinsights_sitenote_note":"","_monsterinsights_sitenote_category":0,"footnotes":""},"class_list":["post-481","page","type-page","status-publish","has-post-thumbnail","hentry"],"_links":{"self":[{"href":"https:\/\/cobdc.net\/16JCID\/wp-json\/wp\/v2\/pages\/481","targetHints":{"allow":["GET"]}}],"collection":[{"href":"https:\/\/cobdc.net\/16JCID\/wp-json\/wp\/v2\/pages"}],"about":[{"href":"https:\/\/cobdc.net\/16JCID\/wp-json\/wp\/v2\/types\/page"}],"author":[{"embeddable":true,"href":"https:\/\/cobdc.net\/16JCID\/wp-json\/wp\/v2\/users\/1"}],"replies":[{"embeddable":true,"href":"https:\/\/cobdc.net\/16JCID\/wp-json\/wp\/v2\/comments?post=481"}],"version-history":[{"count":3,"href":"https:\/\/cobdc.net\/16JCID\/wp-json\/wp\/v2\/pages\/481\/revisions"}],"predecessor-version":[{"id":1500,"href":"https:\/\/cobdc.net\/16JCID\/wp-json\/wp\/v2\/pages\/481\/revisions\/1500"}],"wp:featuredmedia":[{"embeddable":true,"href":"https:\/\/cobdc.net\/16JCID\/wp-json\/wp\/v2\/media\/240"}],"wp:attachment":[{"href":"https:\/\/cobdc.net\/16JCID\/wp-json\/wp\/v2\/media?parent=481"}],"curies":[{"name":"wp","href":"https:\/\/api.w.org\/{rel}","templated":true}]}}