{"id":2168,"date":"2022-10-21T10:28:47","date_gmt":"2022-10-21T10:28:47","guid":{"rendered":"https:\/\/cobdc.net\/16JCID\/?page_id=2168"},"modified":"2022-10-26T09:05:53","modified_gmt":"2022-10-26T09:05:53","slug":"experiencies","status":"publish","type":"page","link":"https:\/\/cobdc.net\/16JCID\/experiencies\/","title":{"rendered":"Experi\u00e8ncies"},"content":{"rendered":"<p><span style=\"font-size: 18pt;\"><strong>EXPERI\u00c8NCIES<\/strong><\/span><\/p>\n<ul>\n<li><a href=\"https:\/\/cobdc.net\/16JCID\/wp-content\/uploads\/2022\/10\/Comunicacio-i-analitica-digital-a-la-Biblioteca_CRAI-de-la-UPF.pdf\" target=\"_blank\" rel=\"noopener\"><strong>Comunicaci\u00f3 i anal\u00edtica digital a la Biblioteca\/CRAI de la UPF <img loading=\"lazy\" decoding=\"async\" class=\"alignnone size-full wp-image-2138\" src=\"https:\/\/cobdc.net\/16JCID\/wp-content\/uploads\/2022\/10\/pdf.gif\" alt=\"\" width=\"20\" height=\"20\" \/><\/strong><\/a><\/li>\n<\/ul>\n<p>David Caparr\u00f3s i Olga Monterde<\/p>\n<ul>\n<li><a href=\"https:\/\/cobdc.net\/16JCID\/wp-content\/uploads\/2022\/10\/CURS-ESPECIALITZACIO-DOCUMENTALISTA-AUDIOVISUAL-FILM-RESEARCH.pdf\" target=\"_blank\" rel=\"noopener\"><strong>Curs especialitzaci\u00f3 Documentalista audiovisual i film researcher<\/strong><\/a> <img loading=\"lazy\" decoding=\"async\" class=\"alignnone size-full wp-image-2138\" src=\"https:\/\/cobdc.net\/16JCID\/wp-content\/uploads\/2022\/10\/pdf.gif\" alt=\"\" width=\"20\" height=\"20\" \/><\/li>\n<\/ul>\n<p>Candela Oll\u00e9, Iris L\u00f3pez de Solis, Carlos Mart\u00edn i Alicia Parras<\/p>\n<ul>\n<li><a href=\"https:\/\/cobdc.net\/16JCID\/wp-content\/uploads\/2022\/10\/E2-El-cami-a-la-plenitud-digital-a-la-Biblioteca-de-UOC_Experiencia-text-final.pdf\" target=\"_blank\" rel=\"noopener\"><strong>El cam\u00ed cap al llibre digital de la Biblioteca de la UOC<\/strong><\/a> <img loading=\"lazy\" decoding=\"async\" class=\"alignnone size-full wp-image-2138\" src=\"https:\/\/cobdc.net\/16JCID\/wp-content\/uploads\/2022\/10\/pdf.gif\" alt=\"\" width=\"20\" height=\"20\" \/><\/li>\n<\/ul>\n<p>B\u00e1rbara Badell S\u00e1nchez; P\u00e9rez Cervera, Mireia:Zerini, Sara Camps-Pin\u00f3s, Aida<\/p>\n<ul>\n<li><a href=\"https:\/\/cobdc.net\/16JCID\/wp-content\/uploads\/2022\/10\/CRAIUB_16JCID.pdf\" target=\"_blank\" rel=\"noopener\"><strong>Formadors sense barreres f\u00edsiques: enderrocant els paradigmes amb un nou model organitzatiu<\/strong><\/a> <img loading=\"lazy\" decoding=\"async\" class=\"alignnone size-full wp-image-2138\" src=\"https:\/\/cobdc.net\/16JCID\/wp-content\/uploads\/2022\/10\/pdf.gif\" alt=\"\" width=\"20\" height=\"20\" \/><\/li>\n<\/ul>\n<p>Centre de Recursos per l\u2019Aprenentatge i la Investigaci\u00f3 (CRAI) de la Universitat de Barcelona (UB)<\/p>\n<ul>\n<li><strong><a href=\"https:\/\/cobdc.net\/16JCID\/wp-content\/uploads\/2022\/10\/EXPERIENCIA_16JCID_Biblioteca_Publica_SFG_Llibres_quaderns_lectura_confinament.pdf\" target=\"_blank\" rel=\"noopener\">Llibres i quaderns de lectura per a un confinament<\/a> <\/strong><img loading=\"lazy\" decoding=\"async\" class=\"alignnone size-full wp-image-2138\" src=\"https:\/\/cobdc.net\/16JCID\/wp-content\/uploads\/2022\/10\/pdf.gif\" alt=\"\" width=\"20\" height=\"20\" \/><\/li>\n<\/ul>\n<p>Elena Avellaneda Noguera, Ana Guti\u00e9rrez Manuel i Montse Vila Gotarra<\/p>\n<ul>\n<li><span style=\"font-weight: 400; font-size: 12pt;\"><a href=\"https:\/\/cobdc.net\/16JCID\/wp-content\/uploads\/2022\/10\/Paraules-en-escena-x-Actes-16JCID.pdf\" target=\"_blank\" rel=\"noopener\"><strong>Paraules en escena, concurs d&#8217;escriptura dram\u00e0tica Ciutat de Gav\u00e0: quan biblioteca, autor\/autores i companyies teatrals van de la m\u00e0<\/strong><\/a> <img loading=\"lazy\" decoding=\"async\" class=\"alignnone size-full wp-image-2138\" src=\"https:\/\/cobdc.net\/16JCID\/wp-content\/uploads\/2022\/10\/pdf.gif\" alt=\"\" width=\"20\" height=\"20\" \/>\u00a0<\/span><\/li>\n<\/ul>\n<p>Maite Pinte\u00f1o<\/p>\n<ul>\n<li><a href=\"https:\/\/cobdc.net\/16JCID\/wp-content\/uploads\/2022\/10\/EXPERIENCIA_COIB_Preservem-la-memoria-Acta.pdf\" target=\"_blank\" rel=\"noopener\"><strong>Preservem la mem\u00f2ria: Repositori d\u2019entrevistes per a la preservaci\u00f3 de la mem\u00f2ria oral de les infermeres de Barcelona <img loading=\"lazy\" decoding=\"async\" class=\"alignnone size-full wp-image-2138\" src=\"https:\/\/cobdc.net\/16JCID\/wp-content\/uploads\/2022\/10\/pdf.gif\" alt=\"\" width=\"20\" height=\"20\" \/><\/strong><\/a><\/li>\n<\/ul>\n<p>Marta Perpi\u00f1\u00e1n i Blanca Vir\u00f3s<\/p>\n<ul>\n<li><a href=\"https:\/\/cobdc.net\/16JCID\/wp-content\/uploads\/2022\/10\/Terra-de-ningu.pdf\" target=\"_blank\" rel=\"noopener\"><strong>Projecte \u201cTerra de ning\u00fa\u201d: Lectures per a fer el salt de la novel\u00b7la juvenil a la novel\u00b7la d\u2019adults<\/strong><\/a>\u00a0<img loading=\"lazy\" decoding=\"async\" class=\"alignnone size-full wp-image-2138\" src=\"https:\/\/cobdc.net\/16JCID\/wp-content\/uploads\/2022\/10\/pdf.gif\" alt=\"\" width=\"20\" height=\"20\" \/><\/li>\n<\/ul>\n<p>Xosse Nofre Calder\u00f3 i Gemma Morlans<\/p>\n<ul>\n<li><a href=\"https:\/\/cobdc.net\/16JCID\/wp-content\/uploads\/2022\/10\/EXPERIENCIA_Sandra_Herrera_Yolanda_Ruiz_La-biblioteca-com-a-factor-de-reforc.pdf\" target=\"_blank\" rel=\"noopener\"><strong>Simbiosi en temps de crisi. La biblioteca com a factor de refor\u00e7 de l\u2019estrat\u00e8gia comunicativa de l\u2019organitzaci\u00f3<\/strong><\/a>. <img loading=\"lazy\" decoding=\"async\" class=\"alignnone size-full wp-image-2138\" src=\"https:\/\/cobdc.net\/16JCID\/wp-content\/uploads\/2022\/10\/pdf.gif\" alt=\"\" width=\"20\" height=\"20\" \/><\/li>\n<\/ul>\n<p>Sandra Herrera i Yolanda Ruiz<\/p>\n<ul>\n<li><a href=\"https:\/\/cobdc.net\/16JCID\/wp-content\/uploads\/2022\/10\/Jove_Larios_Transformant_biblioteca_UdL_final.pdf\" target=\"_blank\" rel=\"noopener\"><strong>Transformant la Biblioteca de Ci\u00e8ncies de la Salut de la UdL cap a un espai d\u2019aprenentatge<\/strong><\/a> <img loading=\"lazy\" decoding=\"async\" class=\"alignnone size-full wp-image-2138\" src=\"https:\/\/cobdc.net\/16JCID\/wp-content\/uploads\/2022\/10\/pdf.gif\" alt=\"\" width=\"20\" height=\"20\" \/><\/li>\n<\/ul>\n<p>Laura Jov\u00e9, Montse Larios i Carme Molina<\/p>\n<ul>\n<li><a href=\"https:\/\/cobdc.net\/16JCID\/wp-content\/uploads\/2022\/10\/Article-Actes_-EXPERIENCIA_Raquel_Segura-Domenech_-Biblioteca-Josep-Janes-.pdf\" target=\"_blank\" rel=\"noopener\"><strong>Un any a la biblioteca Josep Jan\u00e9s, o com treballar en comunitat<\/strong><\/a>\u00a0\u00a0<img loading=\"lazy\" decoding=\"async\" class=\"alignnone size-full wp-image-2138\" src=\"https:\/\/cobdc.net\/16JCID\/wp-content\/uploads\/2022\/10\/pdf.gif\" alt=\"\" width=\"20\" height=\"20\" \/><\/li>\n<\/ul>\n<p>Raquel Segura Dom\u00e8nech<\/p>\n","protected":false},"excerpt":{"rendered":"<p>EXPERI\u00c8NCIES Comunicaci\u00f3 i anal\u00edtica digital a la Biblioteca\/CRAI de la UPF David Caparr\u00f3s i Olga Monterde Curs especialitzaci\u00f3 Documentalista audiovisual i film researcher Candela Oll\u00e9, Iris L\u00f3pez de Solis, Carlos Mart\u00edn i Alicia Parras El cam\u00ed cap al llibre digital de la Biblioteca de la UOC B\u00e1rbara Badell S\u00e1nchez; P\u00e9rez ...<\/p>\n","protected":false},"author":1,"featured_media":0,"parent":0,"menu_order":0,"comment_status":"closed","ping_status":"closed","template":"","meta":{"_monsterinsights_skip_tracking":false,"_monsterinsights_sitenote_active":false,"_monsterinsights_sitenote_note":"","_monsterinsights_sitenote_category":0,"footnotes":""},"class_list":["post-2168","page","type-page","status-publish","hentry"],"_links":{"self":[{"href":"https:\/\/cobdc.net\/16JCID\/wp-json\/wp\/v2\/pages\/2168","targetHints":{"allow":["GET"]}}],"collection":[{"href":"https:\/\/cobdc.net\/16JCID\/wp-json\/wp\/v2\/pages"}],"about":[{"href":"https:\/\/cobdc.net\/16JCID\/wp-json\/wp\/v2\/types\/page"}],"author":[{"embeddable":true,"href":"https:\/\/cobdc.net\/16JCID\/wp-json\/wp\/v2\/users\/1"}],"replies":[{"embeddable":true,"href":"https:\/\/cobdc.net\/16JCID\/wp-json\/wp\/v2\/comments?post=2168"}],"version-history":[{"count":6,"href":"https:\/\/cobdc.net\/16JCID\/wp-json\/wp\/v2\/pages\/2168\/revisions"}],"predecessor-version":[{"id":2195,"href":"https:\/\/cobdc.net\/16JCID\/wp-json\/wp\/v2\/pages\/2168\/revisions\/2195"}],"wp:attachment":[{"href":"https:\/\/cobdc.net\/16JCID\/wp-json\/wp\/v2\/media?parent=2168"}],"curies":[{"name":"wp","href":"https:\/\/api.w.org\/{rel}","templated":true}]}}