{"id":2166,"date":"2022-10-21T10:28:02","date_gmt":"2022-10-21T10:28:02","guid":{"rendered":"https:\/\/cobdc.net\/16JCID\/?page_id=2166"},"modified":"2023-05-31T13:31:58","modified_gmt":"2023-05-31T13:31:58","slug":"comunicacions","status":"publish","type":"page","link":"https:\/\/cobdc.net\/16JCID\/comunicacions\/","title":{"rendered":"Comunicacions"},"content":{"rendered":"<p><span style=\"font-size: 18pt;\"><strong>COMUNICACIONS<\/strong><\/span><\/p>\n<p>&nbsp;<\/p>\n<ul>\n<li><a href=\"https:\/\/cobdc.net\/16JCID\/wp-content\/uploads\/2023\/05\/C1.-Rey-Carina_Eines-de-gestio-2022_05_13.pdf\" target=\"_blank\" rel=\"noopener\"><b>Les <\/b><b>biblioteques<\/b> <b>p\u00fabliques<\/b><b> de Catalunya funcionen <\/b><b>sense<\/b> <b>eines<\/b><b> o <\/b><b>t\u00e8cniques<\/b><b> de <\/b><b>gesti\u00f3<\/b><b>? <\/b><b>An\u00e0lisi<\/b><b> de la <\/b><b>seva<\/b> <b>aplicaci\u00f3n<\/b><\/a> <img loading=\"lazy\" decoding=\"async\" class=\"alignnone size-full wp-image-2138\" src=\"https:\/\/cobdc.net\/16JCID\/wp-content\/uploads\/2022\/10\/pdf.gif\" alt=\"\" width=\"20\" height=\"20\" \/><\/li>\n<\/ul>\n<p>Carina Rey, Concepci\u00f3n Rodr\u00edguez-Parada, Maite Comalat, Aurora Vall\u00a0 i Llu\u00eds Agust\u00ed<\/p>\n<ul>\n<li><a href=\"https:\/\/cobdc.net\/16JCID\/wp-content\/uploads\/2023\/05\/C2.-COMUNICACIO_MariaJose_SolaMartinez_CurarcontingutssenseInstagram.pdf\" target=\"_blank\" rel=\"noopener\"><strong>7 opcions per curar continguts d\u2019Instagram sense Instagram<\/strong><\/a> <img loading=\"lazy\" decoding=\"async\" class=\"alignnone size-full wp-image-2138\" src=\"https:\/\/cobdc.net\/16JCID\/wp-content\/uploads\/2022\/10\/pdf.gif\" alt=\"\" width=\"20\" height=\"20\" \/><\/li>\n<\/ul>\n<p>Mar\u00eda-Jos\u00e9 Sola-Mart\u00ednez<\/p>\n<ul>\n<li><a href=\"https:\/\/cobdc.net\/16JCID\/wp-content\/uploads\/2022\/10\/Termens-Miquel_Disseny-thinking-BIMA-plantilla-def.pdf\" target=\"_blank\" rel=\"noopener\"><strong>El disseny thinking com a proc\u00e9s de reflexi\u00f3 per a la remodelaci\u00f3 de la biblioteca: el cas de la Biblioteca de la Facultat d\u2019Informaci\u00f3 i Mitjans Audiovisuals<\/strong><\/a> <img loading=\"lazy\" decoding=\"async\" class=\"alignnone size-full wp-image-2138\" src=\"https:\/\/cobdc.net\/16JCID\/wp-content\/uploads\/2022\/10\/pdf.gif\" alt=\"\" width=\"20\" height=\"20\" \/><\/li>\n<\/ul>\n<p>Miquel T\u00e9rmens i Maite Comalat<\/p>\n<ul>\n<li><strong><a href=\"https:\/\/cobdc.net\/16JCID\/wp-content\/uploads\/2023\/05\/C5.-ANALISI-OFERTA-FORMATIVA_REY-RODRIGUEZ_COMUNICACIO.pdf\" target=\"_blank\" rel=\"noopener\">An\u00e0lisi de l\u2019oferta formativa sobre gesti\u00f3 de centres d\u2019informaci\u00f3 en estudis universitaris de l\u2019estat espanyol<\/a><\/strong><\/li>\n<\/ul>\n<p>Carina Rey i Concepci\u00f3n Rodr\u00edguez-Parada<\/p>\n<ul>\n<li><a href=\"https:\/\/cobdc.net\/16JCID\/wp-content\/uploads\/2022\/10\/Comalat-Maite_Bibliobusos-Catalunya-text-comunicacio-template.pdf\" target=\"_blank\" rel=\"noopener\"><strong>Es mouen els bibliobusos a Catalunya?<\/strong><\/a> <img loading=\"lazy\" decoding=\"async\" class=\"alignnone size-full wp-image-2138\" src=\"https:\/\/cobdc.net\/16JCID\/wp-content\/uploads\/2022\/10\/pdf.gif\" alt=\"\" width=\"20\" height=\"20\" \/><\/li>\n<\/ul>\n<p>Maite Comalat<\/p>\n<ul>\n<li><a href=\"https:\/\/cobdc.net\/16JCID\/wp-content\/uploads\/2022\/10\/Comunicacio_Marta_Serrano_Aurora_Vall.pdf\" target=\"_blank\" rel=\"noopener\"><strong>Qu\u00e8 pot fer la biblioteca p\u00fablica per la nostra salut?: bones pr\u00e0ctiques internacionals<\/strong><\/a>\u00a0<img loading=\"lazy\" decoding=\"async\" class=\"alignnone size-full wp-image-2138\" src=\"https:\/\/cobdc.net\/16JCID\/wp-content\/uploads\/2022\/10\/pdf.gif\" alt=\"\" width=\"20\" height=\"20\" \/><\/li>\n<\/ul>\n<p>Marta Serrano i Aurora Vall<\/p>\n<ul>\n<li><a href=\"https:\/\/cobdc.net\/16JCID\/wp-content\/uploads\/2023\/05\/Angels-Rius-i-Bou_Text_La-biblioteca-per-als-soldats-a-lhospital-militar-de-Montserrat.pdf\" target=\"_blank\" rel=\"noopener\"><strong>La biblioteca per als soldats a l\u2019hospital militar de Montserrat (1938-1939)<\/strong><\/a><img loading=\"lazy\" decoding=\"async\" class=\"alignnone size-full wp-image-2138\" src=\"https:\/\/cobdc.net\/16JCID\/wp-content\/uploads\/2022\/10\/pdf.gif\" alt=\"\" width=\"20\" height=\"20\" \/><\/li>\n<\/ul>\n<p>\u00c0ngels Rius i Bou<\/p>\n<p>&nbsp;<\/p>\n<p>&nbsp;<\/p>\n<p>&nbsp;<\/p>\n","protected":false},"excerpt":{"rendered":"<p>COMUNICACIONS &nbsp; Les biblioteques p\u00fabliques de Catalunya funcionen sense eines o t\u00e8cniques de gesti\u00f3? An\u00e0lisi de la seva aplicaci\u00f3n Carina Rey, Concepci\u00f3n Rodr\u00edguez-Parada, Maite Comalat, Aurora Vall\u00a0 i Llu\u00eds Agust\u00ed 7 opcions per curar continguts d\u2019Instagram sense Instagram Mar\u00eda-Jos\u00e9 Sola-Mart\u00ednez El disseny thinking com a proc\u00e9s de reflexi\u00f3 per a ...<\/p>\n","protected":false},"author":1,"featured_media":0,"parent":0,"menu_order":0,"comment_status":"closed","ping_status":"closed","template":"","meta":{"_monsterinsights_skip_tracking":false,"_monsterinsights_sitenote_active":false,"_monsterinsights_sitenote_note":"","_monsterinsights_sitenote_category":0,"footnotes":""},"class_list":["post-2166","page","type-page","status-publish","hentry"],"_links":{"self":[{"href":"https:\/\/cobdc.net\/16JCID\/wp-json\/wp\/v2\/pages\/2166","targetHints":{"allow":["GET"]}}],"collection":[{"href":"https:\/\/cobdc.net\/16JCID\/wp-json\/wp\/v2\/pages"}],"about":[{"href":"https:\/\/cobdc.net\/16JCID\/wp-json\/wp\/v2\/types\/page"}],"author":[{"embeddable":true,"href":"https:\/\/cobdc.net\/16JCID\/wp-json\/wp\/v2\/users\/1"}],"replies":[{"embeddable":true,"href":"https:\/\/cobdc.net\/16JCID\/wp-json\/wp\/v2\/comments?post=2166"}],"version-history":[{"count":5,"href":"https:\/\/cobdc.net\/16JCID\/wp-json\/wp\/v2\/pages\/2166\/revisions"}],"predecessor-version":[{"id":2216,"href":"https:\/\/cobdc.net\/16JCID\/wp-json\/wp\/v2\/pages\/2166\/revisions\/2216"}],"wp:attachment":[{"href":"https:\/\/cobdc.net\/16JCID\/wp-json\/wp\/v2\/media?parent=2166"}],"curies":[{"name":"wp","href":"https:\/\/api.w.org\/{rel}","templated":true}]}}