{"id":1992,"date":"2022-04-29T13:01:23","date_gmt":"2022-04-29T13:01:23","guid":{"rendered":"https:\/\/cobdc.net\/16JCID\/?page_id=1992"},"modified":"2022-04-29T13:13:33","modified_gmt":"2022-04-29T13:13:33","slug":"streaming","status":"publish","type":"page","link":"https:\/\/cobdc.net\/16JCID\/streaming\/","title":{"rendered":"Streaming"},"content":{"rendered":"<div class=\"wpb-content-wrapper\"><p>[vc_row][vc_column][vc_column_text]Aqu\u00ed podreu trobar les sessions en streaming de les que podreu gaudir amb la vostra inscripci\u00f3:[\/vc_column_text]\t\t\t<hr class=\"evenz-spacer-m\">\n\t\t[\/vc_column][\/vc_row][vc_row][vc_column]<article class=\"evenz-post evenz-post__eventfeat evenz-darkbg evenz-negative post-527 evenz_event type-evenz_event status-publish has-post-thumbnail hentry evenz_eventtype-streaming\">\n\t<div class=\"evenz-bgimg--full evenz-duotone\">\n\t\t<img loading=\"lazy\" decoding=\"async\" width=\"1170\" height=\"878\" src=\"https:\/\/cobdc.net\/16JCID\/wp-content\/uploads\/2021\/11\/Deichman_water_mirror-1170x878.jpg\" class=\"evenz-post__eventfeat__i wp-post-image\" alt=\"\" srcset=\"https:\/\/cobdc.net\/16JCID\/wp-content\/uploads\/2021\/11\/Deichman_water_mirror-1170x878.jpg 1170w, https:\/\/cobdc.net\/16JCID\/wp-content\/uploads\/2021\/11\/Deichman_water_mirror-770x578.jpg 770w, https:\/\/cobdc.net\/16JCID\/wp-content\/uploads\/2021\/11\/Deichman_water_mirror-768x576.jpg 768w, https:\/\/cobdc.net\/16JCID\/wp-content\/uploads\/2021\/11\/Deichman_water_mirror-1536x1152.jpg 1536w, https:\/\/cobdc.net\/16JCID\/wp-content\/uploads\/2021\/11\/Deichman_water_mirror-2048x1536.jpg 2048w\" sizes=\"auto, (max-width: 1170px) 100vw, 1170px\" \/>\t<\/div>\n\t<div class=\"evenz-post__eventfeat__c evenz-negative\">\n\t\t<div class=\"evenz-post__eventfeat__c__c\">\n\t\t\t<p class=\"evenz-meta evenz-small\">\n\t\t\t\t\t\t\t\t<span class=\"evenz-p-catz\"><a href=\"https:\/\/cobdc.net\/16JCID\/eventtype\/streaming\/\" rel=\"tag\">Streaming<\/a><\/span>\n\t\t\t\t\t\t\t\t<span class=\"evenz-meta__dets\">\n\t\t\t\t\t25\/05\/2022\t\t\t\t<\/span>\n\t\t\t<\/p>\n\n\t\t\t<div class=\"evenz-post__eventfeat__caption\">\n\t\t\t\t\t\t\t\t\t<h2 class=\"evenz-capfont\" data-evenz-text=\"KNUT SKANSEN. Confer\u00e8ncia inaugural\">KNUT SKANSEN. Confer\u00e8ncia inaugural<\/h2>\n\t\t\t\t\t\t\t\t<\/div>\n\n\n\t\t\t<div class=\"evenz-post__eventfeat__exc\">\n\t\t\t\tLa biblioteca p\u00fablica d&#8217;Oslo, fundada el 1785, consta de 22 biblioteques. Durant els \u00faltims 7 anys, gaireb\u00e9 totes les oficines de la ciutat han estat sotmeses a una \u00e0mplia actualitzaci\u00f3 i reforma. Al nucli del proc\u00e9s de disseny hi ha un fort enfocament en la interacci\u00f3 social i la creaci\u00f3 [...]\t\t\t<\/div>\n\t\t\t<a href=\"https:\/\/cobdc.net\/16JCID\/event\/conferenciainaugural\/\" class=\"evenz-btn evenz-btn__l evenz-btn-primary\">M\u00e9s informaci\u00f3<\/a>\n\t\t<\/div>\n\t<\/div>\n\t\n<\/article>\n<article class=\"evenz-post evenz-post__eventfeat evenz-darkbg evenz-negative post-1769 evenz_event type-evenz_event status-publish has-post-thumbnail hentry evenz_eventtype-streaming\">\n\t<div class=\"evenz-bgimg--full evenz-duotone\">\n\t\t<img loading=\"lazy\" decoding=\"async\" width=\"1170\" height=\"781\" src=\"https:\/\/cobdc.net\/16JCID\/wp-content\/uploads\/2022\/04\/FPQFeDBXMAIarAV-1170x781.jpg\" class=\"evenz-post__eventfeat__i wp-post-image\" alt=\"\" srcset=\"https:\/\/cobdc.net\/16JCID\/wp-content\/uploads\/2022\/04\/FPQFeDBXMAIarAV-1170x781.jpg 1170w, https:\/\/cobdc.net\/16JCID\/wp-content\/uploads\/2022\/04\/FPQFeDBXMAIarAV-770x514.jpg 770w, https:\/\/cobdc.net\/16JCID\/wp-content\/uploads\/2022\/04\/FPQFeDBXMAIarAV-768x513.jpg 768w, https:\/\/cobdc.net\/16JCID\/wp-content\/uploads\/2022\/04\/FPQFeDBXMAIarAV-1536x1026.jpg 1536w, https:\/\/cobdc.net\/16JCID\/wp-content\/uploads\/2022\/04\/FPQFeDBXMAIarAV.jpg 1920w\" sizes=\"auto, (max-width: 1170px) 100vw, 1170px\" \/>\t<\/div>\n\t<div class=\"evenz-post__eventfeat__c evenz-negative\">\n\t\t<div class=\"evenz-post__eventfeat__c__c\">\n\t\t\t<p class=\"evenz-meta evenz-small\">\n\t\t\t\t\t\t\t\t<span class=\"evenz-p-catz\"><a href=\"https:\/\/cobdc.net\/16JCID\/eventtype\/streaming\/\" rel=\"tag\">Streaming<\/a><\/span>\n\t\t\t\t\t\t\t\t<span class=\"evenz-meta__dets\">\n\t\t\t\t\t25\/05\/2022\t\t\t\t<\/span>\n\t\t\t<\/p>\n\n\t\t\t<div class=\"evenz-post__eventfeat__caption\">\n\t\t\t\t\t\t\t\t\t<h2 class=\"evenz-capfont\" data-evenz-text=\"Ci\u00e8ncia oberta i biblioteques. Taula rodona\">Ci\u00e8ncia oberta i biblioteques. Taula rodona<\/h2>\n\t\t\t\t\t\t\t\t<\/div>\n\n\n\t\t\t<div class=\"evenz-post__eventfeat__exc\">\n\t\t\t\tCi\u00e8ncia oberta i biblioteques. Parlarem\u00a0de com ha evolucionat la ci\u00e8ncia oberta fins ara i de quins s\u00f3n els reptes de futur per tal d&#8217;assolir els objectius del Programa Horizon Europa Amb la participaci\u00f3 de: Ignasi Labastida, responsable de la Unitat d&#8217; Investigaci\u00f3 i Innovaci\u00f3 del CRAI de la Universitat de [...]\t\t\t<\/div>\n\t\t\t<a href=\"https:\/\/cobdc.net\/16JCID\/event\/ciencia-oberta-i-biblioteques-taula-rodona\/\" class=\"evenz-btn evenz-btn__l evenz-btn-primary\">M\u00e9s informaci\u00f3<\/a>\n\t\t<\/div>\n\t<\/div>\n\t\n<\/article>\n<article class=\"evenz-post evenz-post__eventfeat evenz-darkbg evenz-negative post-1792 evenz_event type-evenz_event status-publish has-post-thumbnail hentry evenz_eventtype-streaming\">\n\t<div class=\"evenz-bgimg--full evenz-duotone\">\n\t\t<img loading=\"lazy\" decoding=\"async\" width=\"1170\" height=\"780\" src=\"https:\/\/cobdc.net\/16JCID\/wp-content\/uploads\/2022\/04\/feedback-ge6822b624_1280-1170x780.jpg\" class=\"evenz-post__eventfeat__i wp-post-image\" alt=\"\" srcset=\"https:\/\/cobdc.net\/16JCID\/wp-content\/uploads\/2022\/04\/feedback-ge6822b624_1280-1170x780.jpg 1170w, https:\/\/cobdc.net\/16JCID\/wp-content\/uploads\/2022\/04\/feedback-ge6822b624_1280-770x513.jpg 770w, https:\/\/cobdc.net\/16JCID\/wp-content\/uploads\/2022\/04\/feedback-ge6822b624_1280-768x512.jpg 768w, https:\/\/cobdc.net\/16JCID\/wp-content\/uploads\/2022\/04\/feedback-ge6822b624_1280.jpg 1280w\" sizes=\"auto, (max-width: 1170px) 100vw, 1170px\" \/>\t<\/div>\n\t<div class=\"evenz-post__eventfeat__c evenz-negative\">\n\t\t<div class=\"evenz-post__eventfeat__c__c\">\n\t\t\t<p class=\"evenz-meta evenz-small\">\n\t\t\t\t\t\t\t\t<span class=\"evenz-p-catz\"><a href=\"https:\/\/cobdc.net\/16JCID\/eventtype\/streaming\/\" rel=\"tag\">Streaming<\/a><\/span>\n\t\t\t\t\t\t\t\t<span class=\"evenz-meta__dets\">\n\t\t\t\t\t26\/05\/2022\t\t\t\t<\/span>\n\t\t\t<\/p>\n\n\t\t\t<div class=\"evenz-post__eventfeat__caption\">\n\t\t\t\t\t\t\t\t\t<h2 class=\"evenz-capfont\" data-evenz-text=\"L&#8217;\u00c0GORA: posicionament de la professi\u00f3\">L&#8217;\u00c0GORA: posicionament de la professi\u00f3<\/h2>\n\t\t\t\t\t\t\t\t<\/div>\n\n\n\t\t\t<div class=\"evenz-post__eventfeat__exc\">\n\t\t\t\tL&#8217;\u00c0GORA vol esdevenir un espai on confrontar idees, promoure el debat i buscar solucions entre tots i totes. Parlarem del POSICIONAMENT DE LA PROFESSI\u00d3 amb: Knut Skansen, director de la Biblioteca P\u00fablica d&#8217;Oslo Llu\u00eds Anglada, director del Consorci de Biblioteques Universit\u00e0ries de Catalunya (CBUC) Ernest Abadal, catedr\u00e0tic de la Facultat [...]\t\t\t<\/div>\n\t\t\t<a href=\"https:\/\/cobdc.net\/16JCID\/event\/lagora-posicionament-de-la-professio\/\" class=\"evenz-btn evenz-btn__l evenz-btn-primary\">M\u00e9s informaci\u00f3<\/a>\n\t\t<\/div>\n\t<\/div>\n\t\n<\/article>\n<article class=\"evenz-post evenz-post__eventfeat evenz-darkbg evenz-negative post-1794 evenz_event type-evenz_event status-publish has-post-thumbnail hentry evenz_eventtype-streaming\">\n\t<div class=\"evenz-bgimg--full evenz-duotone\">\n\t\t<img loading=\"lazy\" decoding=\"async\" width=\"1170\" height=\"780\" src=\"https:\/\/cobdc.net\/16JCID\/wp-content\/uploads\/2022\/04\/censorship-g9e0881057_1280-1170x780.jpg\" class=\"evenz-post__eventfeat__i wp-post-image\" alt=\"\" srcset=\"https:\/\/cobdc.net\/16JCID\/wp-content\/uploads\/2022\/04\/censorship-g9e0881057_1280-1170x780.jpg 1170w, https:\/\/cobdc.net\/16JCID\/wp-content\/uploads\/2022\/04\/censorship-g9e0881057_1280-770x513.jpg 770w, https:\/\/cobdc.net\/16JCID\/wp-content\/uploads\/2022\/04\/censorship-g9e0881057_1280-768x512.jpg 768w, https:\/\/cobdc.net\/16JCID\/wp-content\/uploads\/2022\/04\/censorship-g9e0881057_1280.jpg 1280w\" sizes=\"auto, (max-width: 1170px) 100vw, 1170px\" \/>\t<\/div>\n\t<div class=\"evenz-post__eventfeat__c evenz-negative\">\n\t\t<div class=\"evenz-post__eventfeat__c__c\">\n\t\t\t<p class=\"evenz-meta evenz-small\">\n\t\t\t\t\t\t\t\t<span class=\"evenz-p-catz\"><a href=\"https:\/\/cobdc.net\/16JCID\/eventtype\/streaming\/\" rel=\"tag\">Streaming<\/a><\/span>\n\t\t\t\t\t\t\t\t<span class=\"evenz-meta__dets\">\n\t\t\t\t\t26\/05\/2022\t\t\t\t<\/span>\n\t\t\t<\/p>\n\n\t\t\t<div class=\"evenz-post__eventfeat__caption\">\n\t\t\t\t\t\t\t\t\t<h2 class=\"evenz-capfont\" data-evenz-text=\"L&#8217;\u00c0GORA: Censura i construcci\u00f3 de col\u00b7leccions a la biblioteca p\u00fablica\">L&#8217;\u00c0GORA: Censura i construcci\u00f3 de col\u00b7leccions a la biblioteca p\u00fablica<\/h2>\n\t\t\t\t\t\t\t\t<\/div>\n\n\n\t\t\t<div class=\"evenz-post__eventfeat__exc\">\n\t\t\t\tL&#8217;\u00c0GORA vol esdevenir un espai on confrontar idees, promoure el debat i buscar solucions entre tots i totes. Parlarem de la CENSURA I CONSTRUCCI\u00d3 DE COL\u00b7LECCIONS A LA BIBLIOTECA P\u00daBLICA\u00a0amb: Llu\u00eds Agust\u00ed, professor de la Facultat d&#8217;Informaci\u00f3 i Mijtans Audiovisuals, coordinador del postgrau de prescripci\u00f3 lectora i director de l&#8217;Escola [...]\t\t\t<\/div>\n\t\t\t<a href=\"https:\/\/cobdc.net\/16JCID\/event\/lagora-censura-i-construccio-de-colleccions-a-la-biblioteca-publica\/\" class=\"evenz-btn evenz-btn__l evenz-btn-primary\">M\u00e9s informaci\u00f3<\/a>\n\t\t<\/div>\n\t<\/div>\n\t\n<\/article>\n<article class=\"evenz-post evenz-post__eventfeat evenz-darkbg evenz-negative post-524 evenz_event type-evenz_event status-publish has-post-thumbnail hentry evenz_eventtype-streaming\">\n\t<div class=\"evenz-bgimg--full evenz-duotone\">\n\t\t<img loading=\"lazy\" decoding=\"async\" width=\"800\" height=\"300\" src=\"https:\/\/cobdc.net\/16JCID\/wp-content\/uploads\/2022\/04\/biblioteca-urbana.jpeg\" class=\"evenz-post__eventfeat__i wp-post-image\" alt=\"\" srcset=\"https:\/\/cobdc.net\/16JCID\/wp-content\/uploads\/2022\/04\/biblioteca-urbana.jpeg 800w, https:\/\/cobdc.net\/16JCID\/wp-content\/uploads\/2022\/04\/biblioteca-urbana-770x289.jpeg 770w, https:\/\/cobdc.net\/16JCID\/wp-content\/uploads\/2022\/04\/biblioteca-urbana-768x288.jpeg 768w\" sizes=\"auto, (max-width: 800px) 100vw, 800px\" \/>\t<\/div>\n\t<div class=\"evenz-post__eventfeat__c evenz-negative\">\n\t\t<div class=\"evenz-post__eventfeat__c__c\">\n\t\t\t<p class=\"evenz-meta evenz-small\">\n\t\t\t\t\t\t\t\t<span class=\"evenz-p-catz\"><a href=\"https:\/\/cobdc.net\/16JCID\/eventtype\/streaming\/\" rel=\"tag\">Streaming<\/a><\/span>\n\t\t\t\t\t\t\t\t<span class=\"evenz-meta__dets\">\n\t\t\t\t\t26\/05\/2022\t\t\t\t<\/span>\n\t\t\t<\/p>\n\n\t\t\t<div class=\"evenz-post__eventfeat__caption\">\n\t\t\t\t\t\t\t\t\t<h2 class=\"evenz-capfont\" data-evenz-text=\"La Biblioteca P\u00fablica de l\u2019Estat a Barcelona: estat de la q\u00fcesti\u00f3\">La Biblioteca P\u00fablica de l\u2019Estat a Barcelona: estat de la q\u00fcesti\u00f3<\/h2>\n\t\t\t\t\t\t\t\t<\/div>\n\n\n\t\t\t<div class=\"evenz-post__eventfeat__exc\">\n\t\t\t\tLa Biblioteca P\u00fablica de l&#8217;Estat a Barcelona: estat de la q\u00fcesti\u00f3 En aquesta taula rodona parlarem sobre qu\u00e8 implica tenir una biblioteca central metropolitana i ho aterrarem a la nostra realitat amb la de Barcelona. Hi participaran: Josep Vives, director general de Promoci\u00f3 Cultural i Biblioteques Ferran Burguillos, gerent del [...]\t\t\t<\/div>\n\t\t\t<a href=\"https:\/\/cobdc.net\/16JCID\/event\/bibliotequescentrals\/\" class=\"evenz-btn evenz-btn__l evenz-btn-primary\">M\u00e9s informaci\u00f3<\/a>\n\t\t<\/div>\n\t<\/div>\n\t\n<\/article>\n<article class=\"evenz-post evenz-post__eventfeat evenz-darkbg evenz-negative post-523 evenz_event type-evenz_event status-publish has-post-thumbnail hentry evenz_eventtype-streaming\">\n\t<div class=\"evenz-bgimg--full evenz-duotone\">\n\t\t<img loading=\"lazy\" decoding=\"async\" width=\"468\" height=\"423\" src=\"https:\/\/cobdc.net\/16JCID\/wp-content\/uploads\/2019\/08\/comunidades.png\" class=\"evenz-post__eventfeat__i wp-post-image\" alt=\"\" \/>\t<\/div>\n\t<div class=\"evenz-post__eventfeat__c evenz-negative\">\n\t\t<div class=\"evenz-post__eventfeat__c__c\">\n\t\t\t<p class=\"evenz-meta evenz-small\">\n\t\t\t\t\t\t\t\t<span class=\"evenz-p-catz\"><a href=\"https:\/\/cobdc.net\/16JCID\/eventtype\/streaming\/\" rel=\"tag\">Streaming<\/a><\/span>\n\t\t\t\t\t\t\t\t<span class=\"evenz-meta__dets\">\n\t\t\t\t\t27\/05\/2022\t\t\t\t<\/span>\n\t\t\t<\/p>\n\n\t\t\t<div class=\"evenz-post__eventfeat__caption\">\n\t\t\t\t\t\t\t\t\t<h2 class=\"evenz-capfont\" data-evenz-text=\"GONZALO OYARZ\u00daN. CONFER\u00c8NCIA\">GONZALO OYARZ\u00daN. CONFER\u00c8NCIA<\/h2>\n\t\t\t\t\t\t\t\t<\/div>\n\n\n\t\t\t<div class=\"evenz-post__eventfeat__exc\">\n\t\t\t\tLa biblioteca imaginada, un jard\u00ed per sembrar comunitats Confer\u00e8ncia a c\u00e0rrec de Gonzalo Oyarz\u00fan, Bibliotec\u00f2leg, M\u00e0ster Universitari en Direcci\u00f3 i Gesti\u00f3 d&#8217;Ind\u00fastries Culturals i Creatives, consultor independent i professor universitari a Chile i Estats Units. Evaluador internacional de projectes de biblioteca. Ha participat en l&#8217;elaboraci\u00f3 de pol\u00edtiques\u00a0 i plans de [...]\t\t\t<\/div>\n\t\t\t<a href=\"https:\/\/cobdc.net\/16JCID\/event\/gonzalo\/\" class=\"evenz-btn evenz-btn__l evenz-btn-primary\">M\u00e9s informaci\u00f3<\/a>\n\t\t<\/div>\n\t<\/div>\n\t\n<\/article>\n<article class=\"evenz-post evenz-post__eventfeat evenz-darkbg evenz-negative post-1810 evenz_event type-evenz_event status-publish has-post-thumbnail hentry evenz_eventtype-streaming\">\n\t<div class=\"evenz-bgimg--full evenz-duotone\">\n\t\t<img loading=\"lazy\" decoding=\"async\" width=\"1170\" height=\"1170\" src=\"https:\/\/cobdc.net\/16JCID\/wp-content\/uploads\/2022\/04\/vintage-g2a9aee0d5_1920-1170x1170.jpg\" class=\"evenz-post__eventfeat__i wp-post-image\" alt=\"\" srcset=\"https:\/\/cobdc.net\/16JCID\/wp-content\/uploads\/2022\/04\/vintage-g2a9aee0d5_1920-1170x1170.jpg 1170w, https:\/\/cobdc.net\/16JCID\/wp-content\/uploads\/2022\/04\/vintage-g2a9aee0d5_1920-770x770.jpg 770w, https:\/\/cobdc.net\/16JCID\/wp-content\/uploads\/2022\/04\/vintage-g2a9aee0d5_1920-150x150.jpg 150w, https:\/\/cobdc.net\/16JCID\/wp-content\/uploads\/2022\/04\/vintage-g2a9aee0d5_1920-768x768.jpg 768w, https:\/\/cobdc.net\/16JCID\/wp-content\/uploads\/2022\/04\/vintage-g2a9aee0d5_1920-1536x1536.jpg 1536w, https:\/\/cobdc.net\/16JCID\/wp-content\/uploads\/2022\/04\/vintage-g2a9aee0d5_1920-100x100.jpg 100w, https:\/\/cobdc.net\/16JCID\/wp-content\/uploads\/2022\/04\/vintage-g2a9aee0d5_1920-370x370.jpg 370w, https:\/\/cobdc.net\/16JCID\/wp-content\/uploads\/2022\/04\/vintage-g2a9aee0d5_1920.jpg 1920w\" sizes=\"auto, (max-width: 1170px) 100vw, 1170px\" \/>\t<\/div>\n\t<div class=\"evenz-post__eventfeat__c evenz-negative\">\n\t\t<div class=\"evenz-post__eventfeat__c__c\">\n\t\t\t<p class=\"evenz-meta evenz-small\">\n\t\t\t\t\t\t\t\t<span class=\"evenz-p-catz\"><a href=\"https:\/\/cobdc.net\/16JCID\/eventtype\/streaming\/\" rel=\"tag\">Streaming<\/a><\/span>\n\t\t\t\t\t\t\t\t<span class=\"evenz-meta__dets\">\n\t\t\t\t\t27\/05\/2022\t\t\t\t<\/span>\n\t\t\t<\/p>\n\n\t\t\t<div class=\"evenz-post__eventfeat__caption\">\n\t\t\t\t\t\t\t\t\t<h2 class=\"evenz-capfont\" data-evenz-text=\"L&#8217;\u00c0GORA: Biblioteques i construcci\u00f3 de comunitats\">L&#8217;\u00c0GORA: Biblioteques i construcci\u00f3 de comunitats<\/h2>\n\t\t\t\t\t\t\t\t<\/div>\n\n\n\t\t\t<div class=\"evenz-post__eventfeat__exc\">\n\t\t\t\tL&#8217;\u00c0GORA vol esdevenir un espai on confrontar idees, promoure el debat i buscar solucions entre tots i totes. Parlarem de la CONSTRUCCI\u00d3 DE COMUNITATS DES DE LES BIBLIOTEQUES amb: Gonzalo Oyarz\u00fan, bibliotec\u00f2leg, M\u00e0ster Universitari en Direcci\u00f3 i Gesti\u00f3 d\u2019Ind\u00fastries Culturals i Creatives, consultor independent i professor universitari a Chile i [...]\t\t\t<\/div>\n\t\t\t<a href=\"https:\/\/cobdc.net\/16JCID\/event\/lagora-biblioteques-i-construccio-de-comunitats\/\" class=\"evenz-btn evenz-btn__l evenz-btn-primary\">M\u00e9s informaci\u00f3<\/a>\n\t\t<\/div>\n\t<\/div>\n\t\n<\/article>\n[\/vc_column][\/vc_row]<\/p>\n<\/div>","protected":false},"excerpt":{"rendered":"<p>[vc_row][vc_column][vc_column_text]Aqu\u00ed podreu trobar les sessions en streaming de les que podreu gaudir amb la vostra inscripci\u00f3:[\/vc_column_text][\/vc_column][\/vc_row][vc_row][vc_column][\/vc_column][\/vc_row]<\/p>\n","protected":false},"author":1,"featured_media":0,"parent":0,"menu_order":0,"comment_status":"closed","ping_status":"closed","template":"","meta":{"_monsterinsights_skip_tracking":false,"_monsterinsights_sitenote_active":false,"_monsterinsights_sitenote_note":"","_monsterinsights_sitenote_category":0,"footnotes":""},"class_list":["post-1992","page","type-page","status-publish","hentry"],"_links":{"self":[{"href":"https:\/\/cobdc.net\/16JCID\/wp-json\/wp\/v2\/pages\/1992","targetHints":{"allow":["GET"]}}],"collection":[{"href":"https:\/\/cobdc.net\/16JCID\/wp-json\/wp\/v2\/pages"}],"about":[{"href":"https:\/\/cobdc.net\/16JCID\/wp-json\/wp\/v2\/types\/page"}],"author":[{"embeddable":true,"href":"https:\/\/cobdc.net\/16JCID\/wp-json\/wp\/v2\/users\/1"}],"replies":[{"embeddable":true,"href":"https:\/\/cobdc.net\/16JCID\/wp-json\/wp\/v2\/comments?post=1992"}],"version-history":[{"count":5,"href":"https:\/\/cobdc.net\/16JCID\/wp-json\/wp\/v2\/pages\/1992\/revisions"}],"predecessor-version":[{"id":2000,"href":"https:\/\/cobdc.net\/16JCID\/wp-json\/wp\/v2\/pages\/1992\/revisions\/2000"}],"wp:attachment":[{"href":"https:\/\/cobdc.net\/16JCID\/wp-json\/wp\/v2\/media?parent=1992"}],"curies":[{"name":"wp","href":"https:\/\/api.w.org\/{rel}","templated":true}]}}