{"id":1827,"date":"2022-04-06T10:02:05","date_gmt":"2022-04-06T10:02:05","guid":{"rendered":"https:\/\/cobdc.net\/16JCID\/?page_id=1827"},"modified":"2022-05-09T09:37:17","modified_gmt":"2022-05-09T09:37:17","slug":"jornada-de-biblioteca-escolar-25-de-maig-sala-dactes-upc-espai-vertex","status":"publish","type":"page","link":"https:\/\/cobdc.net\/16JCID\/jornada-de-biblioteca-escolar-25-de-maig-sala-dactes-upc-espai-vertex\/","title":{"rendered":"Jornada de Biblioteca Escolar"},"content":{"rendered":"<div class=\"wpb-content-wrapper\"><p>[vc_row][vc_column]\t\t<div>\n\t\t\t<div class=\"aligncenter\"> <h5  class=\"evenz-element-caption evenz-caption  evenz-caption__s evenz-anim evenz-caption__c \" data-qtwaypoints-offset=\"30\" data-qtwaypoints>\t\t\t\t<span>Jornada de Biblioteca Escolar. 25 de maig. Sala d&#039;actes Espai V\u00e8rtex UPC<\/span>\n\t\t\t\t<\/h5><\/div>\t\t<\/div>\n\t\t[vc_column_text]<\/p>\n<p style=\"text-align: justify;\">La Junta actual del COBDC va presentar el seu programa d&#8217;acci\u00f3 amb un punt espec\u00edfic de Biblioteques Escolars. No \u00e9s casualitat, doncs, que juntament amb el Grup de Treball de Biblioteques Escolars del COBDC puguem presentar-vos una jornada espec\u00edfica al voltant d&#8217;aquest \u00e0mbit que ens sembla, del tot, imprescindible. Aquesta jornada est\u00e0 oberta, no nom\u00e9s a les bibliotec\u00e0ries escolars sin\u00f3 que pret\u00e9n ser un punt d&#8217;encontre per a tota aquella gent de l&#8217;\u00e0mbit educatiu (que sabem que hi s\u00f3n) que volen reivindicar una biblioteca escolar din\u00e0mica i activa al seu centre i amb un\/a professional formada al darrera que els acompanyi i ajudi en el seu dia a dia al centre educatiu. A la programaci\u00f3 hi trobareu xerrades, taules rodones, intercanvi d&#8217;experi\u00e8ncies i una part pr\u00e0ctica que ens ajudar\u00e0 a posar sobre la taula la imprescindible col\u00b7laboraci\u00f3 entre biblioteca p\u00fablica i biblioteca escolar.<\/p>\n<p>[\/vc_column_text]\t\t\t<hr class=\"evenz-spacer-m\">\n\t\t\t\t<div class=\"evenz-cards evenz-cards__horizontal \">\n\t\t\t<div class=\"evenz-cards__content evenz-card evenz-gradprimary evenz-negative\">\n\t\t\t\t<div class=\"evenz-cards__content__c\">\n\t\t\t\t\t<div class=\"evenz-row\">\n\t\t\t\t\t\t<div class=\"evenz-col evenz-cards__horizontal__col1 evenz-m6 evenz-l6\">\n\t\t\t\t\t\t\t<div class=\"evenz-cards__horizontal__pad\">\n\t\t\t\t\t\t\t\t<h6 class=\"evenz-caption evenz-caption__xs\">11:30 a 13 h<\/h6>\t\t\t\t\t\t\t\t\t\t<h2 class=\"evenz-caption\">In\u00e9s Miret. Confer\u00e8ncia.<\/h2>\n\t\t\t\t\t\t\t\t\t\t<p>Geograf\u00edas de la biblioteca escolar. Explorando los imaginarios de ni\u00f1os y adolescentes.<\/p><a href=\"https:\/\/cobdc.net\/16JCID\/?post_type=evenz_event&#038;p=1770&#038;preview=true\" class=\"evenz-btn evenz-btn__l \" target=\"_blank\">M\u00e9s informaci\u00f3<\/a>\n\t\t\t\t\t \t\t<\/div>\n\t\t\t\t\t\t<\/div>\n\t\t\t\t\t\t<div class=\"evenz-col evenz-cards__horizontal__col2 evenz-m6 evenz-l6\">\n\t\t\t\t\t\t\t\t\t\t\t\t\t\t\t<div class=\"evenz-cards__i\"><img decoding=\"async\" src=\"https:\/\/cobdc.net\/16JCID\/wp-content\/uploads\/2022\/03\/maxresdefault.jpg\" alt=\"In\u00e9s Miret. Confer\u00e8ncia.\"><\/div>\n\t\t\t\t\t\t\t\t\t\t\t\t\t\t<\/div>\n\t\t\t\t\t<\/div>\n\t\t \t\t<\/div>\n\n\n\n\t \t\t\t\n\t\t\t\t<span class=\"evenz-hov\"><\/span><div class=\"evenz-particles\"><\/div>\n\t\t\t\t\n\t\t\t<\/div>\n\t\t<\/div>\n\t\t\t\t<div class=\"evenz-cards evenz-cards__horizontal \">\n\t\t\t<div class=\"evenz-cards__content evenz-card evenz-gradprimary evenz-negative\">\n\t\t\t\t<div class=\"evenz-cards__content__c\">\n\t\t\t\t\t<div class=\"evenz-row\">\n\t\t\t\t\t\t<div class=\"evenz-col evenz-cards__horizontal__col1 evenz-m6 evenz-l6\">\n\t\t\t\t\t\t\t<div class=\"evenz-cards__horizontal__pad\">\n\t\t\t\t\t\t\t\t<h6 class=\"evenz-caption evenz-caption__xs\">13 a 14 h. Taula rodona<\/h6><p>L&#039;itinerari lector i formatiu de l&#039;alumnat.<\/p><a href=\"https:\/\/cobdc.net\/16JCID\/?post_type=evenz_event&#038;p=1786&#038;preview=true\" class=\"evenz-btn evenz-btn__l \" target=\"_blank\">M\u00e9s informaci\u00f3<\/a>\n\t\t\t\t\t \t\t<\/div>\n\t\t\t\t\t\t<\/div>\n\t\t\t\t\t\t<div class=\"evenz-col evenz-cards__horizontal__col2 evenz-m6 evenz-l6\">\n\t\t\t\t\t\t\t\t\t\t\t\t\t\t\t<div class=\"evenz-cards__i\"><img decoding=\"async\" src=\"https:\/\/cobdc.net\/16JCID\/wp-content\/uploads\/2022\/04\/book-g83be881ee_1280.jpg\" alt=\"\"><\/div>\n\t\t\t\t\t\t\t\t\t\t\t\t\t\t<\/div>\n\t\t\t\t\t<\/div>\n\t\t \t\t<\/div>\n\n\n\n\t \t\t\t\n\t\t\t\t<span class=\"evenz-hov\"><\/span><div class=\"evenz-particles\"><\/div>\n\t\t\t\t\n\t\t\t<\/div>\n\t\t<\/div>\n\t\t\t\t<div class=\"evenz-cards evenz-cards__horizontal \">\n\t\t\t<div class=\"evenz-cards__content evenz-card evenz-gradprimary evenz-negative\">\n\t\t\t\t<div class=\"evenz-cards__content__c\">\n\t\t\t\t\t<div class=\"evenz-row\">\n\t\t\t\t\t\t<div class=\"evenz-col evenz-cards__horizontal__col1 evenz-m6 evenz-l6\">\n\t\t\t\t\t\t\t<div class=\"evenz-cards__horizontal__pad\">\n\t\t\t\t\t\t\t\t<h6 class=\"evenz-caption evenz-caption__xs\">16 a 17 h. Taula rodona<\/h6><p>La biblioteca p\u00fablica i la biblioteca escolar: una relaci\u00f3 imprescindible<\/p><a href=\"https:\/\/cobdc.net\/16JCID\/event\/la-biblioteca-publica-i-la-biblioteca-escolar-una-relacio-imprescindible-taula-rodona\/\" class=\"evenz-btn evenz-btn__l \" target=\"_blank\">M\u00e9s informaci\u00f3<\/a>\n\t\t\t\t\t \t\t<\/div>\n\t\t\t\t\t\t<\/div>\n\t\t\t\t\t\t<div class=\"evenz-col evenz-cards__horizontal__col2 evenz-m6 evenz-l6\">\n\t\t\t\t\t\t\t\t\t\t\t\t\t\t\t<div class=\"evenz-cards__i\"><img decoding=\"async\" src=\"https:\/\/cobdc.net\/16JCID\/wp-content\/uploads\/2022\/04\/gears-g8625a40b9_1280.png\" alt=\"\"><\/div>\n\t\t\t\t\t\t\t\t\t\t\t\t\t\t<\/div>\n\t\t\t\t\t<\/div>\n\t\t \t\t<\/div>\n\n\n\n\t \t\t\t\n\t\t\t\t<span class=\"evenz-hov\"><\/span><div class=\"evenz-particles\"><\/div>\n\t\t\t\t\n\t\t\t<\/div>\n\t\t<\/div>\n\t\t\t\t<div class=\"evenz-cards evenz-cards__horizontal \">\n\t\t\t<div class=\"evenz-cards__content evenz-card evenz-gradprimary evenz-negative\">\n\t\t\t\t<div class=\"evenz-cards__content__c\">\n\t\t\t\t\t<div class=\"evenz-row\">\n\t\t\t\t\t\t<div class=\"evenz-col evenz-cards__horizontal__col1 evenz-m6 evenz-l6\">\n\t\t\t\t\t\t\t<div class=\"evenz-cards__horizontal__pad\">\n\t\t\t\t\t\t\t\t<h6 class=\"evenz-caption evenz-caption__xs\">17 a 18 h<\/h6><p>Re-Laboratori d&#039;idees condu\u00eft per l&#039;especialista en jocs Oriol Ripoll.<\/p><a href=\"https:\/\/cobdc.net\/16JCID\/event\/re-laboratori-didees-biblioteca-publica-i-biblioteca-escolar\/\" class=\"evenz-btn evenz-btn__l \" target=\"_blank\">M\u00e9s informaci\u00f3<\/a>\n\t\t\t\t\t \t\t<\/div>\n\t\t\t\t\t\t<\/div>\n\t\t\t\t\t\t<div class=\"evenz-col evenz-cards__horizontal__col2 evenz-m6 evenz-l6\">\n\t\t\t\t\t\t\t\t\t\t\t\t\t\t\t<div class=\"evenz-cards__i\"><img decoding=\"async\" src=\"https:\/\/cobdc.net\/16JCID\/wp-content\/uploads\/2022\/04\/oriol_ripoll.jpg\" alt=\"\"><\/div>\n\t\t\t\t\t\t\t\t\t\t\t\t\t\t<\/div>\n\t\t\t\t\t<\/div>\n\t\t \t\t<\/div>\n\n\n\n\t \t\t\t\n\t\t\t\t<span class=\"evenz-hov\"><\/span><div class=\"evenz-particles\"><\/div>\n\t\t\t\t\n\t\t\t<\/div>\n\t\t<\/div>\n\t\t\t\t\t<hr class=\"evenz-spacer-m\">\n\t\t[\/vc_column][\/vc_row][vc_row][vc_column][vc_column_text]Esperem que la programaci\u00f3 de la Jornada de Biblioteques Escolars sigui del vostre grat i us inscriviu a les #16JCID. Podeu fer-ho al seg\u00fcent enlla\u00e7:<\/p>\n<p><a href=\"https:\/\/cobdc.org\/producte\/inscripcions-16es-jcid\/\">INSCRIPCIONS <\/a>&#8212; Seleccioneu en el desplagable l&#8217;opci\u00f3 &#8220;Biblioteca Escolar&#8221;<\/p>\n<p>Moltes gr\u00e0cies i visca les biblioteques escolars. #SomEssencials[\/vc_column_text][\/vc_column][\/vc_row][vc_row][vc_column][vc_gmaps link=&#8221;#E-8_JTNDaWZyYW1lJTIwc3JjJTNEJTIyaHR0cHMlM0ElMkYlMkZ3d3cuZ29vZ2xlLmNvbSUyRm1hcHMlMkZlbWJlZCUzRnBiJTNEJTIxMW0xNCUyMTFtOCUyMTFtMyUyMTFkMTE5NzIuOTg3MTUwNTIyMzMlMjEyZDIuMTE0MzAwMyUyMTNkNDEuMzkwNDQ2NiUyMTNtMiUyMTFpMTAyNCUyMTJpNzY4JTIxNGYxMy4xJTIxM20zJTIxMW0yJTIxMXMweDAlMjUzQTB4ZTI3ZTVjODc0YzkwNzhiMyUyMTJzVVBDJTI1M0ElMjUyMEVkaWZpY2klMjUyMFYlMjVDMyUyNUE4cnRleCUyMTVlMCUyMTNtMiUyMTFzY2ElMjEyc2VzJTIxNHYxNjQzMDQ2ODQwODQ3JTIxNW0yJTIxMXNjYSUyMTJzZXMlMjIlMjB3aWR0aCUzRCUyMjYwMCUyMiUyMGhlaWdodCUzRCUyMjQ1MCUyMiUyMHN0eWxlJTNEJTIyYm9yZGVyJTNBMCUzQiUyMiUyMGFsbG93ZnVsbHNjcmVlbiUzRCUyMiUyMiUyMGxvYWRpbmclM0QlMjJsYXp5JTIyJTNFJTNDJTJGaWZyYW1lJTNF&#8221; title=&#8221;Espai&#8221;][\/vc_column][\/vc_row]<\/p>\n<\/div>","protected":false},"excerpt":{"rendered":"<p>[vc_row][vc_column][vc_column_text] La Junta actual del COBDC va presentar el seu programa d&#8217;acci\u00f3 amb un punt espec\u00edfic de Biblioteques Escolars. No \u00e9s casualitat, doncs, que juntament amb el Grup de Treball de Biblioteques Escolars del COBDC puguem presentar-vos una jornada espec\u00edfica al voltant d&#8217;aquest \u00e0mbit que ens sembla, del tot, imprescindible. ...<\/p>\n","protected":false},"author":1,"featured_media":0,"parent":0,"menu_order":0,"comment_status":"closed","ping_status":"closed","template":"","meta":{"_monsterinsights_skip_tracking":false,"_monsterinsights_sitenote_active":false,"_monsterinsights_sitenote_note":"","_monsterinsights_sitenote_category":0,"footnotes":""},"class_list":["post-1827","page","type-page","status-publish","hentry"],"_links":{"self":[{"href":"https:\/\/cobdc.net\/16JCID\/wp-json\/wp\/v2\/pages\/1827","targetHints":{"allow":["GET"]}}],"collection":[{"href":"https:\/\/cobdc.net\/16JCID\/wp-json\/wp\/v2\/pages"}],"about":[{"href":"https:\/\/cobdc.net\/16JCID\/wp-json\/wp\/v2\/types\/page"}],"author":[{"embeddable":true,"href":"https:\/\/cobdc.net\/16JCID\/wp-json\/wp\/v2\/users\/1"}],"replies":[{"embeddable":true,"href":"https:\/\/cobdc.net\/16JCID\/wp-json\/wp\/v2\/comments?post=1827"}],"version-history":[{"count":5,"href":"https:\/\/cobdc.net\/16JCID\/wp-json\/wp\/v2\/pages\/1827\/revisions"}],"predecessor-version":[{"id":2035,"href":"https:\/\/cobdc.net\/16JCID\/wp-json\/wp\/v2\/pages\/1827\/revisions\/2035"}],"wp:attachment":[{"href":"https:\/\/cobdc.net\/16JCID\/wp-json\/wp\/v2\/media?parent=1827"}],"curies":[{"name":"wp","href":"https:\/\/api.w.org\/{rel}","templated":true}]}}