{"id":1532,"date":"2021-11-19T16:03:35","date_gmt":"2021-11-19T16:03:35","guid":{"rendered":"https:\/\/cobdc.net\/16JCID\/?page_id=1532"},"modified":"2022-03-14T16:19:44","modified_gmt":"2022-03-14T16:19:44","slug":"inscripcions","status":"publish","type":"page","link":"https:\/\/cobdc.net\/16JCID\/inscripcions\/","title":{"rendered":"Inscripcions"},"content":{"rendered":"<div class=\"wpb-content-wrapper\"><p>[vc_row][vc_column][vc_column_text]Les inscripcions per les 16es Jornades Catalanes d&#8217;Informaci\u00f3 i Documentaci\u00f3 es podran fer a partir del dimarts <strong>25 de gener del 2022 fins el 13 de mar\u00e7 <\/strong>en primera convocat\u00f2ria:[\/vc_column_text][\/vc_column][\/vc_row][vc_row][vc_column][vc_column_text]<span style=\"font-size: 18pt; color: #ff0000;\">El primer per\u00edode d&#8217;inscripci\u00f3 ha finalitzat<\/span>[\/vc_column_text][\/vc_column][\/vc_row][vc_row][vc_column]\t\t\t<hr class=\"evenz-spacer-m\">\n\t\t[vc_column_text]Del dilluns <strong>14\u00a0de mar\u00e7 fins el 20 de maig<\/strong> en segona convocat\u00f2ria:[\/vc_column_text]\t\t\t<hr class=\"evenz-spacer-m\">\n\t\t[\/vc_column][\/vc_row][vc_row][vc_column width=&#8221;1\/3&#8243;]\t\t<div class=\"evenz-pricingtable \">\n\n\t\t\t<div class=\"evenz-pricingtable__content evenz-card evenz-gradprimary  evenz-negative\">\n\t\t\t\t\t\t\t\t\t<i class=\"evenz-gradicon evenz-pricingtable__icon t2gicons-icon t2gicon-professional-chemistry-atom\"><\/i>\n\t\t\t\t\t<h4 class=\"evenz-capfont\">Membres del COBDC<\/h4>\t\t\t\t\t<div class=\"evenz-pricingtable__pc\">\n\t\t\t\t\t\t<span class=\"evenz-pricingtable__coin\">\u20ac<\/span>\t\t\t\t\t\t<var class=\"evenz-pricingtable__price\">85*\t\t\t\t\t\t\n\t\t\t\t\t<\/div>\n\n\t\t\t\t\t\t\t\t\t\t\t<ul>\n\t\t\t\t\t\t\t\t\t\t\t\t\t<\/ul>\n\t\t\t\t\t\t\t\t\t\t\t<a href=\"https:\/\/cobdc.org\/producte\/inscripcions-16es-jcid\/\" class=\"evenz-btn evenz-btn-primary evenz-btn__full\" target=\"_blank\">Inscriu-te!<\/a>\n\t\t\t\t\t\t\t\t<\/div>\n\n\t\t<\/div>\n\t\t\t\t\t<hr class=\"evenz-spacer-m\">\n\t\t\t\t<div class=\"evenz-pricingtable \">\n\n\t\t\t<div class=\"evenz-pricingtable__content evenz-card evenz-gradprimary  evenz-negative\">\n\t\t\t\t\t\t\t\t\t<i class=\"evenz-gradicon evenz-pricingtable__icon t2gicons-icon t2gicon-professional-chemistry-atom\"><\/i>\n\t\t\t\t\t<h4 class=\"evenz-capfont\">Aturats<\/h4><h6>Membres COBDC<\/h6>\t\t\t\t\t<div class=\"evenz-pricingtable__pc\">\n\t\t\t\t\t\t<span class=\"evenz-pricingtable__coin\">\u20ac<\/span>\t\t\t\t\t\t<var class=\"evenz-pricingtable__price\">75\t\t\t\t\t\t\n\t\t\t\t\t<\/div>\n\n\t\t\t\t\t\t\t\t\t\t\t<ul>\n\t\t\t\t\t\t\t\t\t\t\t\t\t<\/ul>\n\t\t\t\t\t\t\t\t\t\t\t<a href=\"https:\/\/cobdc.org\/producte\/inscripcions-16es-jcid\/\" class=\"evenz-btn evenz-btn-primary evenz-btn__full\" target=\"_blank\">Inscriu-te!<\/a>\n\t\t\t\t\t\t\t\t<\/div>\n\n\t\t<\/div>\n\t\t[\/vc_column][vc_column width=&#8221;1\/3&#8243;]\t\t<div class=\"evenz-pricingtable \">\n\n\t\t\t<div class=\"evenz-pricingtable__content evenz-card evenz-gradprimary  evenz-negative\">\n\t\t\t\t\t\t\t\t\t<i class=\"evenz-gradicon evenz-pricingtable__icon t2gicons-icon t2gicon-professional-chemistry-atom\"><\/i>\n\t\t\t\t\t<h4 class=\"evenz-capfont\">Altres. Preu general<\/h4>\t\t\t\t\t<div class=\"evenz-pricingtable__pc\">\n\t\t\t\t\t\t<span class=\"evenz-pricingtable__coin\">\u20ac<\/span>\t\t\t\t\t\t<var class=\"evenz-pricingtable__price\">105\t\t\t\t\t\t\n\t\t\t\t\t<\/div>\n\n\t\t\t\t\t\t\t\t\t\t\t<ul>\n\t\t\t\t\t\t\t\t\t\t\t\t\t<\/ul>\n\t\t\t\t\t\t\t\t\t\t\t<a href=\"https:\/\/cobdc.org\/producte\/inscripcions-16es-jcid\/\" class=\"evenz-btn evenz-btn-primary evenz-btn__full\" target=\"_blank\">Inscriu-te!<\/a>\n\t\t\t\t\t\t\t\t<\/div>\n\n\t\t<\/div>\n\t\t\t\t\t<hr class=\"evenz-spacer-m\">\n\t\t\t\t<div class=\"evenz-pricingtable \">\n\n\t\t\t<div class=\"evenz-pricingtable__content evenz-card evenz-gradprimary  evenz-negative\">\n\t\t\t\t\t\t\t\t\t<i class=\"evenz-gradicon evenz-pricingtable__icon t2gicons-icon t2gicon-professional-chemistry-atom\"><\/i>\n\t\t\t\t\t<h4 class=\"evenz-capfont\">Aturats<\/h4><h6>No col\u00b7legiats\/des<\/h6>\t\t\t\t\t<div class=\"evenz-pricingtable__pc\">\n\t\t\t\t\t\t<span class=\"evenz-pricingtable__coin\">\u20ac<\/span>\t\t\t\t\t\t<var class=\"evenz-pricingtable__price\">95\t\t\t\t\t\t\n\t\t\t\t\t<\/div>\n\n\t\t\t\t\t\t\t\t\t\t\t<ul>\n\t\t\t\t\t\t\t\t\t\t\t\t\t<\/ul>\n\t\t\t\t\t\t\t\t\t\t\t<a href=\"https:\/\/cobdc.org\/producte\/inscripcions-16es-jcid\/\" class=\"evenz-btn evenz-btn-primary evenz-btn__full\" target=\"_blank\">Inscriu-te!<\/a>\n\t\t\t\t\t\t\t\t<\/div>\n\n\t\t<\/div>\n\t\t[\/vc_column][vc_column width=&#8221;1\/3&#8243;]\t\t<div class=\"evenz-pricingtable \">\n\n\t\t\t<div class=\"evenz-pricingtable__content evenz-card evenz-gradprimary  evenz-negative\">\n\t\t\t\t\t\t\t\t\t<i class=\"evenz-gradicon evenz-pricingtable__icon t2gicons-icon t2gicon-professional-chemistry-atom\"><\/i>\n\t\t\t\t\t<h4 class=\"evenz-capfont\">Estudiants (fins 25 anys)<\/h4>\t\t\t\t\t<div class=\"evenz-pricingtable__pc\">\n\t\t\t\t\t\t<span class=\"evenz-pricingtable__coin\">\u20ac<\/span>\t\t\t\t\t\t<var class=\"evenz-pricingtable__price\">45\t\t\t\t\t\t\n\t\t\t\t\t<\/div>\n\n\t\t\t\t\t\t\t\t\t\t\t<ul>\n\t\t\t\t\t\t\t\t\t\t\t\t\t<\/ul>\n\t\t\t\t\t\t\t\t\t\t\t<a href=\"https:\/\/cobdc.org\/producte\/inscripcions-16es-jcid\/\" class=\"evenz-btn evenz-btn-primary evenz-btn__full\" target=\"_blank\">Inscriu-te!<\/a>\n\t\t\t\t\t\t\t\t<\/div>\n\n\t\t<\/div>\n\t\t\t\t\t<hr class=\"evenz-spacer-m\">\n\t\t[\/vc_column][\/vc_row][vc_row][vc_column][vc_column_text]*Si ets membre del COBDC i participes d&#8217;un Grup de Treball recorda seleccionar l&#8217;opci\u00f3 corresponent a la p\u00e0gina seg\u00fcent[\/vc_column_text][\/vc_column][\/vc_row][vc_row][vc_column]\t\t\t<hr class=\"evenz-spacer-m\">\n\t\t[vc_column_text]A m\u00e9s a m\u00e9s, s&#8217;oferir\u00e0 la possibilitat d&#8217;una opci\u00f3 en <strong>STREAMING<\/strong> on es retransmetran els actes m\u00e9s representatius:[\/vc_column_text]\t\t\t<hr class=\"evenz-spacer-m\">\n\t\t[\/vc_column][\/vc_row][vc_row][vc_column width=&#8221;1\/3&#8243;]\t\t<div class=\"evenz-pricingtable \">\n\n\t\t\t<div class=\"evenz-pricingtable__content evenz-card evenz-gradprimary  evenz-negative\">\n\t\t\t\t\t\t\t\t\t<i class=\"evenz-gradicon evenz-pricingtable__icon t2gicons-icon t2gicon-professional-chemistry-atom\"><\/i>\n\t\t\t\t\t<h4 class=\"evenz-capfont\">Membres del COBDC<\/h4><h6>Streaming<\/h6>\t\t\t\t\t<div class=\"evenz-pricingtable__pc\">\n\t\t\t\t\t\t<span class=\"evenz-pricingtable__coin\">\u20ac<\/span>\t\t\t\t\t\t<var class=\"evenz-pricingtable__price\">20\t\t\t\t\t\t\n\t\t\t\t\t<\/div>\n\n\t\t\t\t\t\t\t\t\t\t\t<ul>\n\t\t\t\t\t\t\t\t\t\t\t\t\t<\/ul>\n\t\t\t\t\t\t\t\t\t\t\t<a href=\"https:\/\/cobdc.org\/producte\/inscripcions-16es-jcid\/\" class=\"evenz-btn evenz-btn-primary evenz-btn__full\" target=\"_blank\">Inscriu-te!<\/a>\n\t\t\t\t\t\t\t\t<\/div>\n\n\t\t<\/div>\n\t\t\t\t\t<hr class=\"evenz-spacer-m\">\n\t\t\t\t<div class=\"evenz-pricingtable \">\n\n\t\t\t<div class=\"evenz-pricingtable__content evenz-card evenz-gradprimary  evenz-negative\">\n\t\t\t\t\t\t\t\t\t<i class=\"evenz-gradicon evenz-pricingtable__icon t2gicons-icon t2gicon-professional-chemistry-atom\"><\/i>\n\t\t\t\t\t<h4 class=\"evenz-capfont\">Aturats<\/h4><h6>Membres COBDC<\/h6>\t\t\t\t\t<div class=\"evenz-pricingtable__pc\">\n\t\t\t\t\t\t<span class=\"evenz-pricingtable__coin\">\u20ac<\/span>\t\t\t\t\t\t<var class=\"evenz-pricingtable__price\">12\t\t\t\t\t\t\n\t\t\t\t\t<\/div>\n\n\t\t\t\t\t\t\t\t\t\t\t<ul>\n\t\t\t\t\t\t\t\t\t\t\t\t\t<\/ul>\n\t\t\t\t\t\t\t\t\t\t\t<a href=\"https:\/\/cobdc.org\/producte\/inscripcions-16es-jcid\/\" class=\"evenz-btn evenz-btn-primary evenz-btn__full\" target=\"_blank\">Inscriu-te!<\/a>\n\t\t\t\t\t\t\t\t<\/div>\n\n\t\t<\/div>\n\t\t[\/vc_column][vc_column width=&#8221;1\/3&#8243;]\t\t<div class=\"evenz-pricingtable \">\n\n\t\t\t<div class=\"evenz-pricingtable__content evenz-card evenz-gradprimary  evenz-negative\">\n\t\t\t\t\t\t\t\t\t<i class=\"evenz-gradicon evenz-pricingtable__icon t2gicons-icon t2gicon-professional-chemistry-atom\"><\/i>\n\t\t\t\t\t<h4 class=\"evenz-capfont\">Altres. Preu general<\/h4><h6>Streaming<\/h6>\t\t\t\t\t<div class=\"evenz-pricingtable__pc\">\n\t\t\t\t\t\t<span class=\"evenz-pricingtable__coin\">\u20ac<\/span>\t\t\t\t\t\t<var class=\"evenz-pricingtable__price\">30\t\t\t\t\t\t\n\t\t\t\t\t<\/div>\n\n\t\t\t\t\t\t\t\t\t\t\t<ul>\n\t\t\t\t\t\t\t\t\t\t\t\t\t<\/ul>\n\t\t\t\t\t\t\t\t\t\t\t<a href=\"https:\/\/cobdc.org\/producte\/inscripcions-16es-jcid\/\" class=\"evenz-btn evenz-btn-primary evenz-btn__full\" target=\"_blank\">Inscriu-te!<\/a>\n\t\t\t\t\t\t\t\t<\/div>\n\n\t\t<\/div>\n\t\t\t\t\t<hr class=\"evenz-spacer-m\">\n\t\t\t\t<div class=\"evenz-pricingtable \">\n\n\t\t\t<div class=\"evenz-pricingtable__content evenz-card evenz-gradprimary  evenz-negative\">\n\t\t\t\t\t\t\t\t\t<i class=\"evenz-gradicon evenz-pricingtable__icon t2gicons-icon t2gicon-professional-chemistry-atom\"><\/i>\n\t\t\t\t\t<h4 class=\"evenz-capfont\">Aturats<\/h4><h6>Streaming<\/h6>\t\t\t\t\t<div class=\"evenz-pricingtable__pc\">\n\t\t\t\t\t\t<span class=\"evenz-pricingtable__coin\">\u20ac<\/span>\t\t\t\t\t\t<var class=\"evenz-pricingtable__price\">20\t\t\t\t\t\t\n\t\t\t\t\t<\/div>\n\n\t\t\t\t\t\t\t\t\t\t\t<ul>\n\t\t\t\t\t\t\t\t\t\t\t\t\t<\/ul>\n\t\t\t\t\t\t\t\t\t\t\t<a href=\"https:\/\/cobdc.org\/producte\/inscripcions-16es-jcid\/\" class=\"evenz-btn evenz-btn-primary evenz-btn__full\" target=\"_blank\">Inscriu-te!<\/a>\n\t\t\t\t\t\t\t\t<\/div>\n\n\t\t<\/div>\n\t\t[\/vc_column][vc_column width=&#8221;1\/3&#8243;]\t\t<div class=\"evenz-pricingtable \">\n\n\t\t\t<div class=\"evenz-pricingtable__content evenz-card evenz-gradprimary  evenz-negative\">\n\t\t\t\t\t\t\t\t\t<i class=\"evenz-gradicon evenz-pricingtable__icon t2gicons-icon t2gicon-professional-chemistry-atom\"><\/i>\n\t\t\t\t\t<h4 class=\"evenz-capfont\">Estudiants<\/h4><h6>Fins a 25 anys. Streaming<\/h6>\t\t\t\t\t<div class=\"evenz-pricingtable__pc\">\n\t\t\t\t\t\t<span class=\"evenz-pricingtable__coin\">\u20ac<\/span>\t\t\t\t\t\t<var class=\"evenz-pricingtable__price\">10\t\t\t\t\t\t\n\t\t\t\t\t<\/div>\n\n\t\t\t\t\t\t\t\t\t\t\t<ul>\n\t\t\t\t\t\t\t\t\t\t\t\t\t<\/ul>\n\t\t\t\t\t\t\t\t\t\t\t<a href=\"https:\/\/cobdc.org\/producte\/inscripcions-16es-jcid\/\" class=\"evenz-btn evenz-btn-primary evenz-btn__full\" target=\"_blank\">Inscriu-te!<\/a>\n\t\t\t\t\t\t\t\t<\/div>\n\n\t\t<\/div>\n\t\t\t\t\t<hr class=\"evenz-spacer-m\">\n\t\t[\/vc_column][\/vc_row][vc_row][vc_column]\t\t\t<hr class=\"evenz-spacer-m\">\n\t\t[vc_column_text]Durant el dimecres 25 de maig i dins les #16JCID hi haur\u00e0 un espai dedicat, tot el dia, al m\u00f3n de les <strong>Biblioteques Escolars<\/strong>. Si nom\u00e9s vols assistir a aquestes sessions t&#8217;oferim la possibilitat de fer-ho mitjan\u00e7ant aquesta inscripci\u00f3:[\/vc_column_text]\t\t\t<hr class=\"evenz-spacer-m\">\n\t\t[\/vc_column][\/vc_row][vc_row][vc_column width=&#8221;1\/3&#8243;]\t\t<div class=\"evenz-pricingtable \">\n\n\t\t\t<div class=\"evenz-pricingtable__content evenz-card evenz-gradprimary  evenz-negative\">\n\t\t\t\t\t\t\t\t\t<i class=\"evenz-gradicon evenz-pricingtable__icon t2gicons-icon t2gicon-professional-chemistry-atom\"><\/i>\n\t\t\t\t\t<h4 class=\"evenz-capfont\">Biblioteca Escolar<\/h4>\t\t\t\t\t<div class=\"evenz-pricingtable__pc\">\n\t\t\t\t\t\t<span class=\"evenz-pricingtable__coin\">\u20ac<\/span>\t\t\t\t\t\t<var class=\"evenz-pricingtable__price\">20\t\t\t\t\t\t\n\t\t\t\t\t<\/div>\n\n\t\t\t\t\t\t\t\t\t\t\t<ul>\n\t\t\t\t\t\t\t\t\t\t\t\t\t<\/ul>\n\t\t\t\t\t\t\t\t\t\t\t<a href=\"https:\/\/cobdc.org\/producte\/inscripcions-16es-jcid\/\" class=\"evenz-btn evenz-btn-primary evenz-btn__full\" target=\"_blank\">Inscriu-te!<\/a>\n\t\t\t\t\t\t\t\t<\/div>\n\n\t\t<\/div>\n\t\t[\/vc_column][vc_column width=&#8221;1\/3&#8243;][\/vc_column][vc_column width=&#8221;1\/3&#8243;][\/vc_column][\/vc_row]<\/p>\n<\/div>","protected":false},"excerpt":{"rendered":"<p>[vc_row][vc_column][vc_column_text]Les inscripcions per les 16es Jornades Catalanes d&#8217;Informaci\u00f3 i Documentaci\u00f3 es podran fer a partir del dimarts 25 de gener del 2022 fins el 13 de mar\u00e7 en primera convocat\u00f2ria:[\/vc_column_text][\/vc_column][\/vc_row][vc_row][vc_column][vc_column_text]El primer per\u00edode d&#8217;inscripci\u00f3 ha finalitzat[\/vc_column_text][\/vc_column][\/vc_row][vc_row][vc_column][vc_column_text]Del dilluns 14\u00a0de mar\u00e7 fins el 20 de maig en segona convocat\u00f2ria:[\/vc_column_text][\/vc_column][\/vc_row][vc_row][vc_column width=&#8221;1\/3&#8243;][\/vc_column][vc_column width=&#8221;1\/3&#8243;][\/vc_column][vc_column width=&#8221;1\/3&#8243;][\/vc_column][\/vc_row][vc_row][vc_column][vc_column_text]*Si ets ...<\/p>\n","protected":false},"author":1,"featured_media":0,"parent":0,"menu_order":0,"comment_status":"closed","ping_status":"closed","template":"page-sidebar.php","meta":{"_monsterinsights_skip_tracking":false,"_monsterinsights_sitenote_active":false,"_monsterinsights_sitenote_note":"","_monsterinsights_sitenote_category":0,"footnotes":""},"class_list":["post-1532","page","type-page","status-publish","hentry"],"_links":{"self":[{"href":"https:\/\/cobdc.net\/16JCID\/wp-json\/wp\/v2\/pages\/1532","targetHints":{"allow":["GET"]}}],"collection":[{"href":"https:\/\/cobdc.net\/16JCID\/wp-json\/wp\/v2\/pages"}],"about":[{"href":"https:\/\/cobdc.net\/16JCID\/wp-json\/wp\/v2\/types\/page"}],"author":[{"embeddable":true,"href":"https:\/\/cobdc.net\/16JCID\/wp-json\/wp\/v2\/users\/1"}],"replies":[{"embeddable":true,"href":"https:\/\/cobdc.net\/16JCID\/wp-json\/wp\/v2\/comments?post=1532"}],"version-history":[{"count":5,"href":"https:\/\/cobdc.net\/16JCID\/wp-json\/wp\/v2\/pages\/1532\/revisions"}],"predecessor-version":[{"id":1780,"href":"https:\/\/cobdc.net\/16JCID\/wp-json\/wp\/v2\/pages\/1532\/revisions\/1780"}],"wp:attachment":[{"href":"https:\/\/cobdc.net\/16JCID\/wp-json\/wp\/v2\/media?parent=1532"}],"curies":[{"name":"wp","href":"https:\/\/api.w.org\/{rel}","templated":true}]}}