{"id":1519,"date":"2021-11-19T15:28:02","date_gmt":"2021-11-19T15:28:02","guid":{"rendered":"https:\/\/cobdc.net\/16JCID\/?page_id=1519"},"modified":"2022-05-16T08:11:11","modified_gmt":"2022-05-16T08:11:11","slug":"26-de-maig-del-2022-barcelona","status":"publish","type":"page","link":"https:\/\/cobdc.net\/16JCID\/26-de-maig-del-2022-barcelona\/","title":{"rendered":"26 de maig del 2022 (Barcelona)"},"content":{"rendered":"<div class=\"wpb-content-wrapper\"><p>[vc_row][vc_column][vc_tta_accordion][vc_tta_section title=&#8221;Auditori V\u00e8rtex&#8221; tab_id=&#8221;1637335545093-a75cc4ca-3b8f&#8221;]\t\t<div class=\"evenz-cards evenz-cards__horizontal \">\n\t\t\t<div class=\"evenz-cards__content evenz-card evenz-gradprimary evenz-negative\">\n\t\t\t\t<div class=\"evenz-cards__content__c\">\n\t\t\t\t\t<div class=\"evenz-row\">\n\t\t\t\t\t\t<div class=\"evenz-col evenz-cards__horizontal__col1 evenz-m6 evenz-l6\">\n\t\t\t\t\t\t\t<div class=\"evenz-cards__horizontal__pad\">\n\t\t\t\t\t\t\t\t<h6 class=\"evenz-caption evenz-caption__xs\">9:30-10:30<\/h6>\t\t\t\t\t\t\t\t\t\t<h2 class=\"evenz-caption\">KARMA PEIR\u00d3 I EUG\u00c8NIA BRETONES. DI\u00c0LEG<\/h2>\n\t\t\t\t\t\t\t\t\t\t<a href=\"https:\/\/cobdc.net\/16JCID\/event\/dialeg1\/\" class=\"evenz-btn evenz-btn__l \" target=\"_blank\">M\u00e9s informaci\u00f3<\/a>\n\t\t\t\t\t \t\t<\/div>\n\t\t\t\t\t\t<\/div>\n\t\t\t\t\t\t<div class=\"evenz-col evenz-cards__horizontal__col2 evenz-m6 evenz-l6\">\n\t\t\t\t\t\t\t\t\t\t\t\t\t\t\t<div class=\"evenz-cards__i\"><img decoding=\"async\" src=\"https:\/\/cobdc.net\/16JCID\/wp-content\/uploads\/2019\/08\/earth-gda8976524_1280.jpg\" alt=\"KARMA PEIR\u00d3 I EUG\u00c8NIA BRETONES. DI\u00c0LEG\"><\/div>\n\t\t\t\t\t\t\t\t\t\t\t\t\t\t<\/div>\n\t\t\t\t\t<\/div>\n\t\t \t\t<\/div>\n\n\n\n\t \t\t\t\n\t\t\t\t<span class=\"evenz-hov\"><\/span><div class=\"evenz-particles\"><\/div>\n\t\t\t\t\n\t\t\t<\/div>\n\t\t<\/div>\n\t\t\t\t<div class=\"evenz-cards evenz-cards__horizontal evenz-cards__horizontal__inv\">\n\t\t\t<div class=\"evenz-cards__content evenz-card evenz-gradprimary evenz-negative\">\n\t\t\t\t<div class=\"evenz-cards__content__c\">\n\t\t\t\t\t<div class=\"evenz-row\">\n\t\t\t\t\t\t<div class=\"evenz-col evenz-cards__horizontal__col1 evenz-m6 evenz-l6\">\n\t\t\t\t\t\t\t<div class=\"evenz-cards__horizontal__pad\">\n\t\t\t\t\t\t\t\t<h6 class=\"evenz-caption evenz-caption__xs\">10:30 a 10:45<\/h6>\t\t\t\t\t\t\t\t\t\t<h2 class=\"evenz-caption\">C\u00e0psula<\/h2>\n\t\t\t\t\t\t\t\t\t\t<p>Com optimitzar l&#039;acc\u00e9s remot als recursos de la biblioteca amb OpenAthens. Casos d&#039;\u00e8xit a Catalunya. Pedro Fern\u00e1ndez-Galiano<\/p>\n\t\t\t\t\t \t\t<\/div>\n\t\t\t\t\t\t<\/div>\n\t\t\t\t\t\t<div class=\"evenz-col evenz-cards__horizontal__col2 evenz-m6 evenz-l6\">\n\t\t\t\t\t\t\t\t\t\t\t\t\t<\/div>\n\t\t\t\t\t<\/div>\n\t\t \t\t<\/div>\n\n\n\n\t \t\t\t\n\t\t\t\t<span class=\"evenz-hov\"><\/span><div class=\"evenz-particles\"><\/div>\n\t\t\t\t\n\t\t\t<\/div>\n\t\t<\/div>\n\t\t\t\t<div class=\"evenz-cards evenz-cards__horizontal \">\n\t\t\t<div class=\"evenz-cards__content evenz-card evenz-gradprimary evenz-negative\">\n\t\t\t\t<div class=\"evenz-cards__content__c\">\n\t\t\t\t\t<div class=\"evenz-row\">\n\t\t\t\t\t\t<div class=\"evenz-col evenz-cards__horizontal__col1 evenz-m6 evenz-l6\">\n\t\t\t\t\t\t\t<div class=\"evenz-cards__horizontal__pad\">\n\t\t\t\t\t\t\t\t<h6 class=\"evenz-caption evenz-caption__xs\">10:45 a 12 h<\/h6>\t\t\t\t\t\t\t\t\t\t<h2 class=\"evenz-caption\">L&#039;\u00c0GORA<\/h2>\n\t\t\t\t\t\t\t\t\t\t<p>Posicionament de la professi\u00f3<\/p><a href=\"https:\/\/cobdc.net\/16JCID\/event\/lagora-posicionament-de-la-professio\/\" class=\"evenz-btn evenz-btn__l \" target=\"_blank\">M\u00e9s informaci\u00f3<\/a>\n\t\t\t\t\t \t\t<\/div>\n\t\t\t\t\t\t<\/div>\n\t\t\t\t\t\t<div class=\"evenz-col evenz-cards__horizontal__col2 evenz-m6 evenz-l6\">\n\t\t\t\t\t\t\t\t\t\t\t\t\t\t\t<div class=\"evenz-cards__i\"><img decoding=\"async\" src=\"https:\/\/cobdc.net\/16JCID\/wp-content\/uploads\/2022\/04\/feedback-ge6822b624_1280.jpg\" alt=\"L&#039;\u00c0GORA\"><\/div>\n\t\t\t\t\t\t\t\t\t\t\t\t\t\t<\/div>\n\t\t\t\t\t<\/div>\n\t\t \t\t<\/div>\n\n\n\n\t \t\t\t\n\t\t\t\t<span class=\"evenz-hov\"><\/span><div class=\"evenz-particles\"><\/div>\n\t\t\t\t\n\t\t\t<\/div>\n\t\t<\/div>\n\t\t\t\t<div class=\"evenz-cards evenz-cards__horizontal evenz-cards__horizontal__inv\">\n\t\t\t<div class=\"evenz-cards__content evenz-card evenz-gradprimary evenz-negative\">\n\t\t\t\t<div class=\"evenz-cards__content__c\">\n\t\t\t\t\t<div class=\"evenz-row\">\n\t\t\t\t\t\t<div class=\"evenz-col evenz-cards__horizontal__col1 evenz-m6 evenz-l6\">\n\t\t\t\t\t\t\t<div class=\"evenz-cards__horizontal__pad\">\n\t\t\t\t\t\t\t\t<h6 class=\"evenz-caption evenz-caption__xs\">12:30 a 14 h<\/h6>\t\t\t\t\t\t\t\t\t\t<h2 class=\"evenz-caption\">L&#039;\u00c0GORA<\/h2>\n\t\t\t\t\t\t\t\t\t\t<p>Censura i construcci\u00f3 de col\u00b7leccions a la Biblioteca P\u00fablica<\/p><a href=\"https:\/\/cobdc.net\/16JCID\/event\/lagora-censura-i-construccio-de-colleccions-a-la-biblioteca-publica\/\" class=\"evenz-btn evenz-btn__l \" target=\"_blank\">M\u00e9s informaci\u00f3<\/a>\n\t\t\t\t\t \t\t<\/div>\n\t\t\t\t\t\t<\/div>\n\t\t\t\t\t\t<div class=\"evenz-col evenz-cards__horizontal__col2 evenz-m6 evenz-l6\">\n\t\t\t\t\t\t\t\t\t\t\t\t\t\t\t<div class=\"evenz-cards__i\"><img decoding=\"async\" src=\"https:\/\/cobdc.net\/16JCID\/wp-content\/uploads\/2022\/04\/censorship-g9e0881057_1280.jpg\" alt=\"L&#039;\u00c0GORA\"><\/div>\n\t\t\t\t\t\t\t\t\t\t\t\t\t\t<\/div>\n\t\t\t\t\t<\/div>\n\t\t \t\t<\/div>\n\n\n\n\t \t\t\t\n\t\t\t\t<span class=\"evenz-hov\"><\/span><div class=\"evenz-particles\"><\/div>\n\t\t\t\t\n\t\t\t<\/div>\n\t\t<\/div>\n\t\t\t\t<div class=\"evenz-cards evenz-cards__horizontal \">\n\t\t\t<div class=\"evenz-cards__content evenz-card evenz-gradprimary evenz-negative\">\n\t\t\t\t<div class=\"evenz-cards__content__c\">\n\t\t\t\t\t<div class=\"evenz-row\">\n\t\t\t\t\t\t<div class=\"evenz-col evenz-cards__horizontal__col1 evenz-m6 evenz-l6\">\n\t\t\t\t\t\t\t<div class=\"evenz-cards__horizontal__pad\">\n\t\t\t\t\t\t\t\t<h6 class=\"evenz-caption evenz-caption__xs\">16 a 17:15 h<\/h6>\t\t\t\t\t\t\t\t\t\t<h2 class=\"evenz-caption\">Taula rodona<\/h2>\n\t\t\t\t\t\t\t\t\t\t<p>La Biblioteca P\u00fablica de l&#039;Estat a Barcelona: estat de la q\u00fcesti\u00f3<\/p><a href=\"https:\/\/cobdc.net\/16JCID\/event\/bibliotequescentrals\/\" class=\"evenz-btn evenz-btn__l \" target=\"_blank\">M\u00e9s informac\u00edo<\/a>\n\t\t\t\t\t \t\t<\/div>\n\t\t\t\t\t\t<\/div>\n\t\t\t\t\t\t<div class=\"evenz-col evenz-cards__horizontal__col2 evenz-m6 evenz-l6\">\n\t\t\t\t\t\t\t\t\t\t\t\t\t\t\t<div class=\"evenz-cards__i\"><img decoding=\"async\" src=\"https:\/\/cobdc.net\/16JCID\/wp-content\/uploads\/2022\/04\/biblioteca-urbana.jpeg\" alt=\"Taula rodona\"><\/div>\n\t\t\t\t\t\t\t\t\t\t\t\t\t\t<\/div>\n\t\t\t\t\t<\/div>\n\t\t \t\t<\/div>\n\n\n\n\t \t\t\t\n\t\t\t\t<span class=\"evenz-hov\"><\/span><div class=\"evenz-particles\"><\/div>\n\t\t\t\t\n\t\t\t<\/div>\n\t\t<\/div>\n\t\t\t\t<div class=\"evenz-cards evenz-cards__horizontal evenz-cards__horizontal__inv\">\n\t\t\t<div class=\"evenz-cards__content evenz-card evenz-gradprimary evenz-negative\">\n\t\t\t\t<div class=\"evenz-cards__content__c\">\n\t\t\t\t\t<div class=\"evenz-row\">\n\t\t\t\t\t\t<div class=\"evenz-col evenz-cards__horizontal__col1 evenz-m6 evenz-l6\">\n\t\t\t\t\t\t\t<div class=\"evenz-cards__horizontal__pad\">\n\t\t\t\t\t\t\t\t<h6 class=\"evenz-caption evenz-caption__xs\">17:15 a 18 h<\/h6>\t\t\t\t\t\t\t\t\t\t<h2 class=\"evenz-caption\">Confer\u00e8ncia de Mariola Dinar\u00e8s<\/h2>\n\t\t\t\t\t\t\t\t\t\t<p>Podem innovar a les biblioteques?<\/p>\n\t\t\t\t\t \t\t<\/div>\n\t\t\t\t\t\t<\/div>\n\t\t\t\t\t\t<div class=\"evenz-col evenz-cards__horizontal__col2 evenz-m6 evenz-l6\">\n\t\t\t\t\t\t\t\t\t\t\t\t\t\t\t<div class=\"evenz-cards__i\"><img decoding=\"async\" src=\"https:\/\/cobdc.net\/16JCID\/wp-content\/uploads\/2022\/04\/1200px-Catosfera_20_doctubre_2017_19.jpg\" alt=\"Confer\u00e8ncia de Mariola Dinar\u00e8s\"><\/div>\n\t\t\t\t\t\t\t\t\t\t\t\t\t\t<\/div>\n\t\t\t\t\t<\/div>\n\t\t \t\t<\/div>\n\n\n\n\t \t\t\t\n\t\t\t\t<span class=\"evenz-hov\"><\/span><div class=\"evenz-particles\"><\/div>\n\t\t\t\t\n\t\t\t<\/div>\n\t\t<\/div>\n\t\t[\/vc_tta_section][vc_tta_section title=&#8221;Sala d&#8217;actes&#8221; tab_id=&#8221;1637335545118-21e97253-60fe&#8221;]\t\t<div class=\"evenz-cards evenz-cards__horizontal \">\n\t\t\t<div class=\"evenz-cards__content evenz-card evenz-gradprimary evenz-negative\">\n\t\t\t\t<div class=\"evenz-cards__content__c\">\n\t\t\t\t\t<div class=\"evenz-row\">\n\t\t\t\t\t\t<div class=\"evenz-col evenz-cards__horizontal__col1 evenz-m6 evenz-l6\">\n\t\t\t\t\t\t\t<div class=\"evenz-cards__horizontal__pad\">\n\t\t\t\t\t\t\t\t<h6 class=\"evenz-caption evenz-caption__xs\">10:30 a 12 h<\/h6>\t\t\t\t\t\t\t\t\t\t<h2 class=\"evenz-caption\">Conversa entre Liliana Arroyo i Freddy Gon\u00e7alves<\/h2>\n\t\t\t\t\t\t\t\t\t\t<p>Con\u00e8ixer per mediar, mediar per con\u00e8ixer. Els adolescents a les biblioteques.<\/p><a href=\"https:\/\/cobdc.net\/16JCID\/event\/conversa-entre-liliana-arroyo-i-freddy-goncalves\/\" class=\"evenz-btn evenz-btn__l \" target=\"_blank\">M\u00e9s informaci\u00f3<\/a>\n\t\t\t\t\t \t\t<\/div>\n\t\t\t\t\t\t<\/div>\n\t\t\t\t\t\t<div class=\"evenz-col evenz-cards__horizontal__col2 evenz-m6 evenz-l6\">\n\t\t\t\t\t\t\t\t\t\t\t\t\t\t\t<div class=\"evenz-cards__i\"><img decoding=\"async\" src=\"https:\/\/cobdc.net\/16JCID\/wp-content\/uploads\/2022\/04\/girls-3481791_960_720.jpg\" alt=\"Conversa entre Liliana Arroyo i Freddy Gon\u00e7alves\"><\/div>\n\t\t\t\t\t\t\t\t\t\t\t\t\t\t<\/div>\n\t\t\t\t\t<\/div>\n\t\t \t\t<\/div>\n\n\n\n\t \t\t\t\n\t\t\t\t<span class=\"evenz-hov\"><\/span><div class=\"evenz-particles\"><\/div>\n\t\t\t\t\n\t\t\t<\/div>\n\t\t<\/div>\n\t\t\t\t<div class=\"evenz-cards evenz-cards__horizontal evenz-cards__horizontal__inv\">\n\t\t\t<div class=\"evenz-cards__content evenz-card evenz-gradprimary evenz-negative\">\n\t\t\t\t<div class=\"evenz-cards__content__c\">\n\t\t\t\t\t<div class=\"evenz-row\">\n\t\t\t\t\t\t<div class=\"evenz-col evenz-cards__horizontal__col1 evenz-m6 evenz-l6\">\n\t\t\t\t\t\t\t<div class=\"evenz-cards__horizontal__pad\">\n\t\t\t\t\t\t\t\t<h6 class=\"evenz-caption evenz-caption__xs\">12:30 a 13 h<\/h6>\t\t\t\t\t\t\t\t\t\t<h2 class=\"evenz-caption\">Presentaci\u00f3<\/h2>\n\t\t\t\t\t\t\t\t\t\t<p>P\u00f2sters<\/p><a href=\"https:\/\/cobdc.net\/16JCID\/event\/presentacio-de-posters\/\" class=\"evenz-btn evenz-btn__l \" target=\"_blank\">M\u00e9s informaci\u00f3<\/a>\n\t\t\t\t\t \t\t<\/div>\n\t\t\t\t\t\t<\/div>\n\t\t\t\t\t\t<div class=\"evenz-col evenz-cards__horizontal__col2 evenz-m6 evenz-l6\">\n\t\t\t\t\t\t\t\t\t\t\t\t\t\t\t<div class=\"evenz-cards__i\"><img decoding=\"async\" src=\"https:\/\/cobdc.net\/16JCID\/wp-content\/uploads\/2022\/04\/poster-g593edeeb6_1280.jpg\" alt=\"Presentaci\u00f3\"><\/div>\n\t\t\t\t\t\t\t\t\t\t\t\t\t\t<\/div>\n\t\t\t\t\t<\/div>\n\t\t \t\t<\/div>\n\n\n\n\t \t\t\t\n\t\t\t\t<span class=\"evenz-hov\"><\/span><div class=\"evenz-particles\"><\/div>\n\t\t\t\t\n\t\t\t<\/div>\n\t\t<\/div>\n\t\t\t\t<div class=\"evenz-cards evenz-cards__horizontal \">\n\t\t\t<div class=\"evenz-cards__content evenz-card evenz-gradprimary evenz-negative\">\n\t\t\t\t<div class=\"evenz-cards__content__c\">\n\t\t\t\t\t<div class=\"evenz-row\">\n\t\t\t\t\t\t<div class=\"evenz-col evenz-cards__horizontal__col1 evenz-m6 evenz-l6\">\n\t\t\t\t\t\t\t<div class=\"evenz-cards__horizontal__pad\">\n\t\t\t\t\t\t\t\t<h6 class=\"evenz-caption evenz-caption__xs\">13 a 14 h<\/h6>\t\t\t\t\t\t\t\t\t\t<h2 class=\"evenz-caption\">Taula rodona<\/h2>\n\t\t\t\t\t\t\t\t\t\t<p>Al voltant del compliance: qu\u00e8 hi podem aportar els professionals de la informaci\u00f3?<\/p><a href=\"https:\/\/cobdc.net\/16JCID\/event\/al-voltant-del-compilance-que-hi-podem-aportar-els-professionals-de-la-informacio-taula-rodona\/\" class=\"evenz-btn evenz-btn__l \" target=\"_blank\">M\u00e9s informaci\u00f3<\/a>\n\t\t\t\t\t \t\t<\/div>\n\t\t\t\t\t\t<\/div>\n\t\t\t\t\t\t<div class=\"evenz-col evenz-cards__horizontal__col2 evenz-m6 evenz-l6\">\n\t\t\t\t\t\t\t\t\t\t\t\t\t\t\t<div class=\"evenz-cards__i\"><img decoding=\"async\" src=\"https:\/\/cobdc.net\/16JCID\/wp-content\/uploads\/2022\/04\/compliance-gb1d8695ee_1280.jpg\" alt=\"Taula rodona\"><\/div>\n\t\t\t\t\t\t\t\t\t\t\t\t\t\t<\/div>\n\t\t\t\t\t<\/div>\n\t\t \t\t<\/div>\n\n\n\n\t \t\t\t\n\t\t\t\t<span class=\"evenz-hov\"><\/span><div class=\"evenz-particles\"><\/div>\n\t\t\t\t\n\t\t\t<\/div>\n\t\t<\/div>\n\t\t\t\t<div class=\"evenz-cards evenz-cards__horizontal evenz-cards__horizontal__inv\">\n\t\t\t<div class=\"evenz-cards__content evenz-card evenz-gradprimary evenz-negative\">\n\t\t\t\t<div class=\"evenz-cards__content__c\">\n\t\t\t\t\t<div class=\"evenz-row\">\n\t\t\t\t\t\t<div class=\"evenz-col evenz-cards__horizontal__col1 evenz-m6 evenz-l6\">\n\t\t\t\t\t\t\t<div class=\"evenz-cards__horizontal__pad\">\n\t\t\t\t\t\t\t\t<h6 class=\"evenz-caption evenz-caption__xs\">16 a 17 h<\/h6>\t\t\t\t\t\t\t\t\t\t<h2 class=\"evenz-caption\">Taula rodona<\/h2>\n\t\t\t\t\t\t\t\t\t\t<p>De sistema bibliotecari integrat a plataforma de serveis bibliotecaris: la implementaci\u00f3 d\u2019Alma a les biblioteques del CSUC<\/p><a href=\"https:\/\/cobdc.net\/16JCID\/event\/de-sistema-bibliotecari-integrat-a-plataforma-de-serveis-bibliotecaris-la-implementacio-dalma-a-les-biblioteques-del-csuc\/\" class=\"evenz-btn evenz-btn__l \" target=\"_blank\">M\u00e9s informaci\u00f3<\/a>\n\t\t\t\t\t \t\t<\/div>\n\t\t\t\t\t\t<\/div>\n\t\t\t\t\t\t<div class=\"evenz-col evenz-cards__horizontal__col2 evenz-m6 evenz-l6\">\n\t\t\t\t\t\t\t\t\t\t\t\t\t\t\t<div class=\"evenz-cards__i\"><img decoding=\"async\" src=\"https:\/\/cobdc.net\/16JCID\/wp-content\/uploads\/2022\/04\/alma_customers.jpg\" alt=\"Taula rodona\"><\/div>\n\t\t\t\t\t\t\t\t\t\t\t\t\t\t<\/div>\n\t\t\t\t\t<\/div>\n\t\t \t\t<\/div>\n\n\n\n\t \t\t\t\n\t\t\t\t<span class=\"evenz-hov\"><\/span><div class=\"evenz-particles\"><\/div>\n\t\t\t\t\n\t\t\t<\/div>\n\t\t<\/div>\n\t\t\t\t<div class=\"evenz-cards evenz-cards__horizontal evenz-cards__horizontal__inv\">\n\t\t\t<div class=\"evenz-cards__content evenz-card evenz-gradprimary evenz-negative\">\n\t\t\t\t<div class=\"evenz-cards__content__c\">\n\t\t\t\t\t<div class=\"evenz-row\">\n\t\t\t\t\t\t<div class=\"evenz-col evenz-cards__horizontal__col1 evenz-m6 evenz-l6\">\n\t\t\t\t\t\t\t<div class=\"evenz-cards__horizontal__pad\">\n\t\t\t\t\t\t\t\t<h6 class=\"evenz-caption evenz-caption__xs\">17 a 18 h<\/h6>\t\t\t\t\t\t\t\t\t\t<h2 class=\"evenz-caption\">Taula rodona<\/h2>\n\t\t\t\t\t\t\t\t\t\t<p>El futur del cinema a les biblioteques: m\u00e9s enll\u00e0 del format<\/p><a href=\"https:\/\/cobdc.net\/16JCID\/event\/el-futur-del-cinema-a-les-biblioteques-taula-rodona\/\" class=\"evenz-btn evenz-btn__l \" target=\"_blank\">M\u00e9s informaci\u00f3<\/a>\n\t\t\t\t\t \t\t<\/div>\n\t\t\t\t\t\t<\/div>\n\t\t\t\t\t\t<div class=\"evenz-col evenz-cards__horizontal__col2 evenz-m6 evenz-l6\">\n\t\t\t\t\t\t\t\t\t\t\t\t\t\t\t<div class=\"evenz-cards__i\"><img decoding=\"async\" src=\"https:\/\/cobdc.net\/16JCID\/wp-content\/uploads\/2022\/04\/FPQq2-XXoAEbqRH.jpg\" alt=\"Taula rodona\"><\/div>\n\t\t\t\t\t\t\t\t\t\t\t\t\t\t<\/div>\n\t\t\t\t\t<\/div>\n\t\t \t\t<\/div>\n\n\n\n\t \t\t\t\n\t\t\t\t<span class=\"evenz-hov\"><\/span><div class=\"evenz-particles\"><\/div>\n\t\t\t\t\n\t\t\t<\/div>\n\t\t<\/div>\n\t\t[\/vc_tta_section][vc_tta_section title=&#8221;Aula VS208&#8243; tab_id=&#8221;1637335588500-55c7caf9-d7e6&#8243;]\t\t<div class=\"evenz-cards evenz-cards__horizontal \">\n\t\t\t<div class=\"evenz-cards__content evenz-card evenz-gradprimary evenz-negative\">\n\t\t\t\t<div class=\"evenz-cards__content__c\">\n\t\t\t\t\t<div class=\"evenz-row\">\n\t\t\t\t\t\t<div class=\"evenz-col evenz-cards__horizontal__col1 evenz-m6 evenz-l6\">\n\t\t\t\t\t\t\t<div class=\"evenz-cards__horizontal__pad\">\n\t\t\t\t\t\t\t\t<h6 class=\"evenz-caption evenz-caption__xs\">10:30 a 12 h<\/h6>\t\t\t\t\t\t\t\t\t\t<h2 class=\"evenz-caption\">Presentaci\u00f3<\/h2>\n\t\t\t\t\t\t\t\t\t\t<p>P\u00f2sters, comunicacions i experi\u00e8ncies<\/p><a href=\"https:\/\/cobdc.net\/16JCID\/event\/presentacio-de-posters-comunicacions-i-experiencies\/\" class=\"evenz-btn evenz-btn__l \" target=\"_blank\">M\u00e9s informaci\u00f3<\/a>\n\t\t\t\t\t \t\t<\/div>\n\t\t\t\t\t\t<\/div>\n\t\t\t\t\t\t<div class=\"evenz-col evenz-cards__horizontal__col2 evenz-m6 evenz-l6\">\n\t\t\t\t\t\t\t\t\t\t\t\t\t\t\t<div class=\"evenz-cards__i\"><img decoding=\"async\" src=\"https:\/\/cobdc.net\/16JCID\/wp-content\/uploads\/2022\/04\/microphone-gea6fcd749_1280.jpg\" alt=\"Presentaci\u00f3\"><\/div>\n\t\t\t\t\t\t\t\t\t\t\t\t\t\t<\/div>\n\t\t\t\t\t<\/div>\n\t\t \t\t<\/div>\n\n\n\n\t \t\t\t\n\t\t\t\t<span class=\"evenz-hov\"><\/span><div class=\"evenz-particles\"><\/div>\n\t\t\t\t\n\t\t\t<\/div>\n\t\t<\/div>\n\t\t\t\t<div class=\"evenz-cards evenz-cards__horizontal evenz-cards__horizontal__inv\">\n\t\t\t<div class=\"evenz-cards__content evenz-card evenz-gradprimary evenz-negative\">\n\t\t\t\t<div class=\"evenz-cards__content__c\">\n\t\t\t\t\t<div class=\"evenz-row\">\n\t\t\t\t\t\t<div class=\"evenz-col evenz-cards__horizontal__col1 evenz-m6 evenz-l6\">\n\t\t\t\t\t\t\t<div class=\"evenz-cards__horizontal__pad\">\n\t\t\t\t\t\t\t\t<h6 class=\"evenz-caption evenz-caption__xs\">12:30 a 13 h<\/h6>\t\t\t\t\t\t\t\t\t\t<h2 class=\"evenz-caption\">Presentaci\u00f3<\/h2>\n\t\t\t\t\t\t\t\t\t\t<p>P\u00f2sters<\/p><a href=\"https:\/\/cobdc.net\/16JCID\/event\/presentacio-de-posters-3\/\" class=\"evenz-btn evenz-btn__l \" target=\"_blank\">M\u00e9s informaci\u00f3<\/a>\n\t\t\t\t\t \t\t<\/div>\n\t\t\t\t\t\t<\/div>\n\t\t\t\t\t\t<div class=\"evenz-col evenz-cards__horizontal__col2 evenz-m6 evenz-l6\">\n\t\t\t\t\t\t\t\t\t\t\t\t\t\t\t<div class=\"evenz-cards__i\"><img decoding=\"async\" src=\"https:\/\/cobdc.net\/16JCID\/wp-content\/uploads\/2022\/04\/poster-g593edeeb6_1280.jpg\" alt=\"Presentaci\u00f3\"><\/div>\n\t\t\t\t\t\t\t\t\t\t\t\t\t\t<\/div>\n\t\t\t\t\t<\/div>\n\t\t \t\t<\/div>\n\n\n\n\t \t\t\t\n\t\t\t\t<span class=\"evenz-hov\"><\/span><div class=\"evenz-particles\"><\/div>\n\t\t\t\t\n\t\t\t<\/div>\n\t\t<\/div>\n\t\t\t\t<div class=\"evenz-cards evenz-cards__horizontal \">\n\t\t\t<div class=\"evenz-cards__content evenz-card evenz-gradprimary evenz-negative\">\n\t\t\t\t<div class=\"evenz-cards__content__c\">\n\t\t\t\t\t<div class=\"evenz-row\">\n\t\t\t\t\t\t<div class=\"evenz-col evenz-cards__horizontal__col1 evenz-m6 evenz-l6\">\n\t\t\t\t\t\t\t<div class=\"evenz-cards__horizontal__pad\">\n\t\t\t\t\t\t\t\t<h6 class=\"evenz-caption evenz-caption__xs\">13 a 14 h<\/h6>\t\t\t\t\t\t\t\t\t\t<h2 class=\"evenz-caption\">Presentaci\u00f3<\/h2>\n\t\t\t\t\t\t\t\t\t\t<p>Comunicacions i experi\u00e8ncies<\/p><a href=\"https:\/\/cobdc.net\/16JCID\/event\/presentacio-de-comunicacions-i-experiencies-4\/\" class=\"evenz-btn evenz-btn__l \" target=\"_blank\">M\u00e9s informaci\u00f3<\/a>\n\t\t\t\t\t \t\t<\/div>\n\t\t\t\t\t\t<\/div>\n\t\t\t\t\t\t<div class=\"evenz-col evenz-cards__horizontal__col2 evenz-m6 evenz-l6\">\n\t\t\t\t\t\t\t\t\t\t\t\t\t\t\t<div class=\"evenz-cards__i\"><img decoding=\"async\" src=\"https:\/\/cobdc.net\/16JCID\/wp-content\/uploads\/2022\/04\/microphone-gea6fcd749_1280.jpg\" alt=\"Presentaci\u00f3\"><\/div>\n\t\t\t\t\t\t\t\t\t\t\t\t\t\t<\/div>\n\t\t\t\t\t<\/div>\n\t\t \t\t<\/div>\n\n\n\n\t \t\t\t\n\t\t\t\t<span class=\"evenz-hov\"><\/span><div class=\"evenz-particles\"><\/div>\n\t\t\t\t\n\t\t\t<\/div>\n\t\t<\/div>\n\t\t\t\t<div class=\"evenz-cards evenz-cards__horizontal evenz-cards__horizontal__inv\">\n\t\t\t<div class=\"evenz-cards__content evenz-card evenz-gradprimary evenz-negative\">\n\t\t\t\t<div class=\"evenz-cards__content__c\">\n\t\t\t\t\t<div class=\"evenz-row\">\n\t\t\t\t\t\t<div class=\"evenz-col evenz-cards__horizontal__col1 evenz-m6 evenz-l6\">\n\t\t\t\t\t\t\t<div class=\"evenz-cards__horizontal__pad\">\n\t\t\t\t\t\t\t\t<h6 class=\"evenz-caption evenz-caption__xs\">16 a 17 h<\/h6>\t\t\t\t\t\t\t\t\t\t<h2 class=\"evenz-caption\">Conversa<\/h2>\n\t\t\t\t\t\t\t\t\t\t<p>Feminismes: categories essencials<\/p><a href=\"https:\/\/cobdc.net\/16JCID\/event\/feminismes-categories-essencials-xerrada\/\" class=\"evenz-btn evenz-btn__l \" target=\"_blank\">M\u00e9s informaci\u00f3<\/a>\n\t\t\t\t\t \t\t<\/div>\n\t\t\t\t\t\t<\/div>\n\t\t\t\t\t\t<div class=\"evenz-col evenz-cards__horizontal__col2 evenz-m6 evenz-l6\">\n\t\t\t\t\t\t\t\t\t\t\t\t\t\t\t<div class=\"evenz-cards__i\"><img decoding=\"async\" src=\"https:\/\/cobdc.net\/16JCID\/wp-content\/uploads\/2022\/04\/woman-g4500edd3f_1280.png\" alt=\"Conversa\"><\/div>\n\t\t\t\t\t\t\t\t\t\t\t\t\t\t<\/div>\n\t\t\t\t\t<\/div>\n\t\t \t\t<\/div>\n\n\n\n\t \t\t\t\n\t\t\t\t<span class=\"evenz-hov\"><\/span><div class=\"evenz-particles\"><\/div>\n\t\t\t\t\n\t\t\t<\/div>\n\t\t<\/div>\n\t\t[\/vc_tta_section][\/vc_tta_accordion][\/vc_column][\/vc_row][vc_row][vc_column][vc_gmaps link=&#8221;#E-8_JTNDaWZyYW1lJTIwc3JjJTNEJTIyaHR0cHMlM0ElMkYlMkZ3d3cuZ29vZ2xlLmNvbSUyRm1hcHMlMkZlbWJlZCUzRnBiJTNEJTIxMW0xNCUyMTFtOCUyMTFtMyUyMTFkMTE5NzIuOTg3MTUwNTIyMzMlMjEyZDIuMTE0MzAwMyUyMTNkNDEuMzkwNDQ2NiUyMTNtMiUyMTFpMTAyNCUyMTJpNzY4JTIxNGYxMy4xJTIxM20zJTIxMW0yJTIxMXMweDAlMjUzQTB4ZTI3ZTVjODc0YzkwNzhiMyUyMTJzVVBDJTI1M0ElMjUyMEVkaWZpY2klMjUyMFYlMjVDMyUyNUE4cnRleCUyMTVlMCUyMTNtMiUyMTFzY2ElMjEyc2VzJTIxNHYxNjQzMDQ2ODQwODQ3JTIxNW0yJTIxMXNjYSUyMTJzZXMlMjIlMjB3aWR0aCUzRCUyMjYwMCUyMiUyMGhlaWdodCUzRCUyMjQ1MCUyMiUyMHN0eWxlJTNEJTIyYm9yZGVyJTNBMCUzQiUyMiUyMGFsbG93ZnVsbHNjcmVlbiUzRCUyMiUyMiUyMGxvYWRpbmclM0QlMjJsYXp5JTIyJTNFJTNDJTJGaWZyYW1lJTNF&#8221; title=&#8221;UPC &#8211; CAMPUS NORD&#8221;][\/vc_column][\/vc_row][vc_row][vc_column][\/vc_column][\/vc_row]<\/p>\n<\/div>","protected":false},"excerpt":{"rendered":"<p>[vc_row][vc_column][vc_tta_accordion][vc_tta_section title=&#8221;Auditori V\u00e8rtex&#8221; tab_id=&#8221;1637335545093-a75cc4ca-3b8f&#8221;][\/vc_tta_section][vc_tta_section title=&#8221;Sala d&#8217;actes&#8221; tab_id=&#8221;1637335545118-21e97253-60fe&#8221;][\/vc_tta_section][vc_tta_section title=&#8221;Aula VS208&#8243; tab_id=&#8221;1637335588500-55c7caf9-d7e6&#8243;][\/vc_tta_section][\/vc_tta_accordion][\/vc_column][\/vc_row][vc_row][vc_column][vc_gmaps link=&#8221;#E-8_JTNDaWZyYW1lJTIwc3JjJTNEJTIyaHR0cHMlM0ElMkYlMkZ3d3cuZ29vZ2xlLmNvbSUyRm1hcHMlMkZlbWJlZCUzRnBiJTNEJTIxMW0xNCUyMTFtOCUyMTFtMyUyMTFkMTE5NzIuOTg3MTUwNTIyMzMlMjEyZDIuMTE0MzAwMyUyMTNkNDEuMzkwNDQ2NiUyMTNtMiUyMTFpMTAyNCUyMTJpNzY4JTIxNGYxMy4xJTIxM20zJTIxMW0yJTIxMXMweDAlMjUzQTB4ZTI3ZTVjODc0YzkwNzhiMyUyMTJzVVBDJTI1M0ElMjUyMEVkaWZpY2klMjUyMFYlMjVDMyUyNUE4cnRleCUyMTVlMCUyMTNtMiUyMTFzY2ElMjEyc2VzJTIxNHYxNjQzMDQ2ODQwODQ3JTIxNW0yJTIxMXNjYSUyMTJzZXMlMjIlMjB3aWR0aCUzRCUyMjYwMCUyMiUyMGhlaWdodCUzRCUyMjQ1MCUyMiUyMHN0eWxlJTNEJTIyYm9yZGVyJTNBMCUzQiUyMiUyMGFsbG93ZnVsbHNjcmVlbiUzRCUyMiUyMiUyMGxvYWRpbmclM0QlMjJsYXp5JTIyJTNFJTNDJTJGaWZyYW1lJTNF&#8221; title=&#8221;UPC &#8211; CAMPUS NORD&#8221;][\/vc_column][\/vc_row][vc_row][vc_column][\/vc_column][\/vc_row]<\/p>\n","protected":false},"author":1,"featured_media":1699,"parent":0,"menu_order":0,"comment_status":"closed","ping_status":"closed","template":"","meta":{"_monsterinsights_skip_tracking":false,"_monsterinsights_sitenote_active":false,"_monsterinsights_sitenote_note":"","_monsterinsights_sitenote_category":0,"footnotes":""},"class_list":["post-1519","page","type-page","status-publish","has-post-thumbnail","hentry"],"_links":{"self":[{"href":"https:\/\/cobdc.net\/16JCID\/wp-json\/wp\/v2\/pages\/1519","targetHints":{"allow":["GET"]}}],"collection":[{"href":"https:\/\/cobdc.net\/16JCID\/wp-json\/wp\/v2\/pages"}],"about":[{"href":"https:\/\/cobdc.net\/16JCID\/wp-json\/wp\/v2\/types\/page"}],"author":[{"embeddable":true,"href":"https:\/\/cobdc.net\/16JCID\/wp-json\/wp\/v2\/users\/1"}],"replies":[{"embeddable":true,"href":"https:\/\/cobdc.net\/16JCID\/wp-json\/wp\/v2\/comments?post=1519"}],"version-history":[{"count":5,"href":"https:\/\/cobdc.net\/16JCID\/wp-json\/wp\/v2\/pages\/1519\/revisions"}],"predecessor-version":[{"id":2054,"href":"https:\/\/cobdc.net\/16JCID\/wp-json\/wp\/v2\/pages\/1519\/revisions\/2054"}],"wp:featuredmedia":[{"embeddable":true,"href":"https:\/\/cobdc.net\/16JCID\/wp-json\/wp\/v2\/media\/1699"}],"wp:attachment":[{"href":"https:\/\/cobdc.net\/16JCID\/wp-json\/wp\/v2\/media?parent=1519"}],"curies":[{"name":"wp","href":"https:\/\/api.w.org\/{rel}","templated":true}]}}