{"id":1475,"date":"2021-11-18T16:25:07","date_gmt":"2021-11-18T16:25:07","guid":{"rendered":"https:\/\/cobdc.net\/16JCID\/?page_id=1475"},"modified":"2022-04-12T09:24:02","modified_gmt":"2022-04-12T09:24:02","slug":"normes-dexperiencies","status":"publish","type":"page","link":"https:\/\/cobdc.net\/16JCID\/normes-dexperiencies\/","title":{"rendered":"Normes d&#8217;experi\u00e8ncies"},"content":{"rendered":"<p><strong><span style=\"color: #0e5877;\">INSTRUCCIONS GENERALS<\/span><\/strong><\/p>\n<p><span style=\"font-size: 13pt;\">Tots els textos que han estat acceptats a les Jornades es presentaran en format PDF abans del <strong>27 de mar\u00e7 (incl\u00f2s)<\/strong> a l\u2019adre\u00e7a <a href=\"mailto:16jcid@cobdc.org\">16jcid@cobdc.org<\/a>.<\/span><\/p>\n<p><span style=\"font-size: 14pt;\">L\u2019arxiu ha d\u2019anar identificat de la manera seg\u00fcent: T\u00cdTOL_AUTOR_FORMAT (comunicaci\u00f3 o experi\u00e8ncia).<\/span><\/p>\n<p>El text de la comunicaci\u00f3 o experi\u00e8ncia ha d&#8217;anar precedit del t\u00edtol, en castell\u00e0 o en catal\u00e0. De la mateixa seguit del nom, c\u00e0rrec, lloc de treball, adre\u00e7a postal completa i adre\u00e7a de correu electr\u00f2nic de l&#8217;autor o dels autors, a m\u00e9s de la p\u00e0gina web (si escau).<\/p>\n<p>A continuaci\u00f3 cal incloure un resum descriptiu del text d&#8217;entre 100 i 150 paraules que estar\u00e0 en catal\u00e0, castell\u00e0 i angl\u00e8s i dur\u00e0 el t\u00edtol Resum, <em>Resumen <\/em>o <em>Abstract<\/em>.<\/p>\n<p>Incloure tamb\u00e9 entre 5 i 10 paraules clau en catal\u00e0, castell\u00e0 i angl\u00e8s.<\/p>\n<p>S\u2019utilitzar\u00e0 la negreta per a t\u00edtols i subt\u00edtols, que anir\u00e0n numerats amb 1., 1.1, 1.2, 1.3\u2026<\/p>\n<p>Les taules, gr\u00e0fics, figures i fotografies han d\u2019anar inclosos dins el text i amb peu.<\/p>\n<p>Les refer\u00e8ncies a altres documents i les notes es donaran en nota, preferentment a peu de p\u00e0gina, i s&#8217;indicar\u00e0 al text amb exponents. L&#8217;autor \u00e9s responsable que les citacions siguin completes i exactes. Veure cap\u00edtol de Citacions m\u00e9s a baix. De la mateixa manera, \u00e9s reponsabilitat dels autors demanar l\u2019autoritzaci\u00f3 per a la reproducci\u00f3 del material citat en els seus treballs.<\/p>\n<p>Tots els treballs es presentaran p\u00fablicament durant les Jornades. Les instruccions de presentaci\u00f3 es faran p\u00fabliques quan tots els textos hagin estat presentats.<\/p>\n<p>El Col\u00b7legi Oficial de Bibliotecaris-Documentalistes de Catalunya no aprova ni fa seus els continguts, opinions i dades que continguin les comunicacions, obres, documents, treballs, etc. lliurats com a textos de participaci\u00f3 a les activitats que organitza el Col\u00b7legi. De la mateixa manera, no garanteix la licitud, veracitat, i fiabilitat dels continguts dels treballs. La responsabilitat del contingut \u00e9s exclusivament dels seus autors.<\/p>\n<p>El Col\u00b7legi no \u00e9s responsable, ni indirectament, ni subsidi\u00e0riament dels danys i perjudicis de qualsevol naturalesa derivats dels continguts que puguin produir a tercers.<\/p>\n<p>Amb car\u00e0cter enunciatiu i mail de limitaci\u00f3, el Col\u00b7legi no ser\u00e0 responsable pels danys i perjudicis que derivats de:<\/p>\n<ol>\n<li>infracci\u00f3 dels drets de propietat intel\u00b7lectual i industrial i el compliment defectu\u00f3s o incompliment dels compromisos contractuals adquirit vers tercers,<\/li>\n<li>la realitzaci\u00f3 d\u2019actes de compet\u00e8ncia deslleial, publicitat i continguts il\u00b7l\u00edcits.<\/li>\n<\/ol>\n<p>Nom\u00e9s s\u2019admetran textos originals.<\/p>\n<p>S&#8217;evitar\u00e0 la utilitzaci\u00f3 de notes, encara que en cas de ser necess\u00e0ries, s&#8217;inclouran al final de la comunicaci\u00f3. Aquesta secci\u00f3 dur\u00e0 el t\u00edtol&#8221;Notes&#8221;. En el text de la comunicaci\u00f3 les notes s&#8217;indiquen amb super\u00edndexs num\u00e8rics seguint l\u2019estil recomanat per a t\u00edtols i subt\u00edtols<\/p>\n<p>El nombre de p\u00e0gines no podr\u00e0 excedir de 15 tot incl\u00f2s.<\/p>\n<p>&nbsp;<\/p>\n<p><strong>EXEMPLE DE REFER\u00c8NCIES BIBLIOGR\u00c0FIQUES EN BIBLIOGRAFIES:<\/strong><\/p>\n<p><span style=\"color: #0e5877;\"><strong>ARTICLES DE PUBLICACI\u00d3 EN S\u00c8RIES (BIBLIOGRAFIA AL FINAL)<\/strong><\/span><\/p>\n<p>Cognom, Nom; Cognom2, Nom2. &#8220;T\u00edtol de l&#8217;article&#8221;. T\u00edtol de la publicaci\u00f3. N\u00fam. o vol. (data), p. comen\u00e7ament-p. final.<\/p>\n<p><span style=\"color: #0e5877;\"><strong>ARTICLES DE PUBLICACI\u00d3 EN S\u00c8RIE (CITACI\u00d3 COM A NOTA)<\/strong><\/span><\/p>\n<p>Nom Cognom; Nom2 Cognom2, &#8220;T\u00edtol de l&#8217;article&#8221;, T\u00edtol de la publicaci\u00f3, Editorial, n\u00fam. o vol. (data), p. comen\u00e7ament-p. final (p. a qu\u00e8 fa refer\u00e8ncia la citaci\u00f3).<\/p>\n<p><span style=\"color: #0e5877;\"><strong>MONOGRAFIES (BIBLIOGRAFIA AL FINAL)<\/strong><\/span><\/p>\n<p>Cognom, Nom. T\u00edtol de la publicaci\u00f3. Lloc de publicaci\u00f3: Editor, Data de publicaci\u00f3. Col\u00b7laci\u00f3.<\/p>\n<p><span style=\"color: #0e5877;\"><strong>MONOGRAFIES (CITACI\u00d3 COM A NOTA)<\/strong><\/span><\/p>\n<p>Cognom, Nom. T\u00edtol de la publicaci\u00f3. Lloc de publicaci\u00f3: Editor, Data de publicaci\u00f3. Col\u00b7laci\u00f3.\u00a0(p. a qu\u00e8 fa refer\u00e8ncia la citaci\u00f3).<\/p>\n<p><span style=\"color: #0e5877;\"><strong>RECURSOS EN L\u00cdNIA<\/strong><\/span><\/p>\n<p>Cognom, Nom. T\u00edtol de la publicaci\u00f3 [en l\u00ednia]. Versi\u00f3. Lloc de publicaci\u00f3: Editor, Data de publicaci\u00f3 o actualitzaci\u00f3. [Data de la consulta].<\/p>\n<p><a href=\"https:\/\/cobdc.net\/16JCID\/wp-content\/uploads\/2022\/04\/INSTRUCCIONS-PER-ALS-AUTORS-A-LES-ACTES.docx\">Instruccions per als autors\/es a les actes<\/a><\/p>\n<p><a href=\"https:\/\/cobdc.net\/16JCID\/wp-content\/uploads\/2022\/04\/TEMPLATE_Comunicacions_Experiencies.docx\">Plantilla per l&#8217;elaboraci\u00f3 del text<\/a> (.doc)<\/p>\n<p><a href=\"https:\/\/cobdc.net\/16JCID\/wp-content\/uploads\/2022\/04\/PLANTILLA-PER-A-POWERPOINTS-PRESENCIALS.pptx\">Plantilla powerpoint presentaci\u00f3<\/a> (.ppt)<\/p>\n","protected":false},"excerpt":{"rendered":"<p>INSTRUCCIONS GENERALS Tots els textos que han estat acceptats a les Jornades es presentaran en format PDF abans del 27 de mar\u00e7 (incl\u00f2s) a l\u2019adre\u00e7a 16jcid@cobdc.org. L\u2019arxiu ha d\u2019anar identificat de la manera seg\u00fcent: T\u00cdTOL_AUTOR_FORMAT (comunicaci\u00f3 o experi\u00e8ncia). El text de la comunicaci\u00f3 o experi\u00e8ncia ha d&#8217;anar precedit del t\u00edtol, ...<\/p>\n","protected":false},"author":1,"featured_media":0,"parent":0,"menu_order":0,"comment_status":"closed","ping_status":"closed","template":"page-sidebar.php","meta":{"_monsterinsights_skip_tracking":false,"_monsterinsights_sitenote_active":false,"_monsterinsights_sitenote_note":"","_monsterinsights_sitenote_category":0,"footnotes":""},"class_list":["post-1475","page","type-page","status-publish","hentry"],"_links":{"self":[{"href":"https:\/\/cobdc.net\/16JCID\/wp-json\/wp\/v2\/pages\/1475","targetHints":{"allow":["GET"]}}],"collection":[{"href":"https:\/\/cobdc.net\/16JCID\/wp-json\/wp\/v2\/pages"}],"about":[{"href":"https:\/\/cobdc.net\/16JCID\/wp-json\/wp\/v2\/types\/page"}],"author":[{"embeddable":true,"href":"https:\/\/cobdc.net\/16JCID\/wp-json\/wp\/v2\/users\/1"}],"replies":[{"embeddable":true,"href":"https:\/\/cobdc.net\/16JCID\/wp-json\/wp\/v2\/comments?post=1475"}],"version-history":[{"count":3,"href":"https:\/\/cobdc.net\/16JCID\/wp-json\/wp\/v2\/pages\/1475\/revisions"}],"predecessor-version":[{"id":1936,"href":"https:\/\/cobdc.net\/16JCID\/wp-json\/wp\/v2\/pages\/1475\/revisions\/1936"}],"wp:attachment":[{"href":"https:\/\/cobdc.net\/16JCID\/wp-json\/wp\/v2\/media?parent=1475"}],"curies":[{"name":"wp","href":"https:\/\/api.w.org\/{rel}","templated":true}]}}