{"id":1458,"date":"2021-11-18T15:23:41","date_gmt":"2021-11-18T15:23:41","guid":{"rendered":"https:\/\/cobdc.net\/16JCID\/?page_id=1458"},"modified":"2022-01-13T11:20:24","modified_gmt":"2022-01-13T11:20:24","slug":"biblioteca-publica-carles-rahola-girona","status":"publish","type":"page","link":"https:\/\/cobdc.net\/16JCID\/biblioteca-publica-carles-rahola-girona\/","title":{"rendered":"Biblioteca p\u00fablica Carles Rahola (Girona)"},"content":{"rendered":"<p><img loading=\"lazy\" decoding=\"async\" class=\"alignnone size-full wp-image-1670 aligncenter\" src=\"https:\/\/cobdc.net\/16JCID\/wp-content\/uploads\/2022\/01\/La-Biblioteca_home.jpg_191393041.jpg\" alt=\"\" width=\"555\" height=\"431\" \/><\/p>\n<p style=\"text-align: justify;\">La Biblioteca P\u00fablica de Girona Carles Rahola \u00e9s una biblioteca de titularitat estatal gestionada pel Departament de Cultura de la Generalitat de Catalunya, i que forma part del\u00a0 Sistema de Lectura P\u00fablica de Catalunya, prestant els serveis propis de biblioteca i\u00a0 contribuint a la implementaci\u00f3 de projectes i programes comuns.<\/p>\n<p style=\"text-align: justify;\">La Biblioteca P\u00fablica de Girona es fund\u00e0 el 1848, arran de les desamortitzacions eclesi\u00e0stiques, amb la finalitat de custodiar i conservar els fons bibliogr\u00e0fics procedents dels monestirs de la prov\u00edncia.<\/p>\n<p style=\"text-align: justify;\">A aquesta vessant de guarda i cust\u00f2dia del patrimoni documental provincial i, amb el pas dels anys, s&#8217;hi ha afegit les que s\u00f3n pr\u00f2pies de les biblioteques p\u00fabliques actuals: acompanyar a l&#8217;aprenentatge al llarg de la vida, fomentar i propiciar el plaer per la lectura i disposar de qualsevol tipus d&#8217;informaci\u00f3 per al creixement individual i col\u00b7lectiu amb la finalitat de contribu\u00efr al desenvolupament d&#8217;individus i societats m\u00e9s lliures.<\/p>\n<p style=\"text-align: justify;\">Podeu fer una visita virtual <a href=\"https:\/\/www.google.es\/maps\/@41.974446,2.8191715,3a,75y,110.04h,86.67t\/data=!3m7!1e1!3m5!1sAF1QipMyxdZ_VolFhEvrK9rezpeVbRSi0lTK7y8NkzD7!2e10!3e12!7i7396!8i3698\">AQU\u00cd<\/a><\/p>\n","protected":false},"excerpt":{"rendered":"<p>La Biblioteca P\u00fablica de Girona Carles Rahola \u00e9s una biblioteca de titularitat estatal gestionada pel Departament de Cultura de la Generalitat de Catalunya, i que forma part del\u00a0 Sistema de Lectura P\u00fablica de Catalunya, prestant els serveis propis de biblioteca i\u00a0 contribuint a la implementaci\u00f3 de projectes i programes comuns. ...<\/p>\n","protected":false},"author":1,"featured_media":1454,"parent":0,"menu_order":0,"comment_status":"closed","ping_status":"closed","template":"","meta":{"_monsterinsights_skip_tracking":false,"_monsterinsights_sitenote_active":false,"_monsterinsights_sitenote_note":"","_monsterinsights_sitenote_category":0,"footnotes":""},"class_list":["post-1458","page","type-page","status-publish","has-post-thumbnail","hentry"],"_links":{"self":[{"href":"https:\/\/cobdc.net\/16JCID\/wp-json\/wp\/v2\/pages\/1458","targetHints":{"allow":["GET"]}}],"collection":[{"href":"https:\/\/cobdc.net\/16JCID\/wp-json\/wp\/v2\/pages"}],"about":[{"href":"https:\/\/cobdc.net\/16JCID\/wp-json\/wp\/v2\/types\/page"}],"author":[{"embeddable":true,"href":"https:\/\/cobdc.net\/16JCID\/wp-json\/wp\/v2\/users\/1"}],"replies":[{"embeddable":true,"href":"https:\/\/cobdc.net\/16JCID\/wp-json\/wp\/v2\/comments?post=1458"}],"version-history":[{"count":5,"href":"https:\/\/cobdc.net\/16JCID\/wp-json\/wp\/v2\/pages\/1458\/revisions"}],"predecessor-version":[{"id":1672,"href":"https:\/\/cobdc.net\/16JCID\/wp-json\/wp\/v2\/pages\/1458\/revisions\/1672"}],"wp:featuredmedia":[{"embeddable":true,"href":"https:\/\/cobdc.net\/16JCID\/wp-json\/wp\/v2\/media\/1454"}],"wp:attachment":[{"href":"https:\/\/cobdc.net\/16JCID\/wp-json\/wp\/v2\/media?parent=1458"}],"curies":[{"name":"wp","href":"https:\/\/api.w.org\/{rel}","templated":true}]}}