{"id":137,"date":"2020-02-05T09:21:37","date_gmt":"2020-02-05T09:21:37","guid":{"rendered":"https:\/\/cobdc.net\/16JCID\/?page_id=137"},"modified":"2022-04-12T08:27:15","modified_gmt":"2022-04-12T08:27:15","slug":"normes-per-als-posters","status":"publish","type":"page","link":"https:\/\/cobdc.net\/16JCID\/normes-per-als-posters\/","title":{"rendered":"Normes per als p\u00f2sters"},"content":{"rendered":"<p><span style=\"color: #0e5877;\"><strong>P\u00d2STERS<\/strong><\/span><\/p>\n<p><span style=\"font-size: 13pt;\">Tots els textos que han estat acceptats a les Jornades es presentaran en format PDF abans del <strong>27 de mar\u00e7 (incl\u00f2s)<\/strong> a l\u2019adre\u00e7a <a href=\"mailto:16jcid@cobdc.org\">16jcid@cobdc.org<\/a>. L\u2019arxiu ha d\u2019anar identificat de la manera seg\u00fcent: T\u00cdTOL_AUTOR_FORMAT (p\u00f2ster com a format)<\/span><\/p>\n<p><strong><span style=\"color: #0e5877;\">MIDES<\/span><\/strong><\/p>\n<p>Les mides dels p\u00f2sters s\u00f3n <strong>90&#215;180 cm<\/strong>., en l&#8217;orientaci\u00f3 vertical. Tamb\u00e9 haur\u00e0 de tenir una resoluci\u00f3 prou alta per a ser ben llegit (300 ppp.)<\/p>\n<p><strong><span style=\"color: #0e5877;\">TIPOGRAFIA<\/span><\/strong><\/p>\n<p>El text del p\u00f2ster s&#8217;ha de poder llegir a una dist\u00e0ncia de 2 m. Per aquest motiu es recomana que la tipografia ha de ser suficientment gran i clara. S&#8217;ha de prestar especial atenci\u00f3 a les taules i gr\u00e0fics.<\/p>\n<p><a href=\"https:\/\/cobdc.net\/16JCID\/wp-content\/uploads\/2022\/04\/Instruccions-per-a-posters-2-2.pdf\">Normes per als p\u00f2sters <\/a>(PDF)<\/p>\n<p><a href=\"https:\/\/cobdc.net\/16JCID\/wp-content\/uploads\/2022\/04\/PLAFONS-Auditori.pdf\">Plafons Auditori UPC<\/a> (PDF)<\/p>\n<p><img loading=\"lazy\" decoding=\"async\" class=\"alignnone size-full wp-image-1929\" src=\"https:\/\/cobdc.net\/16JCID\/wp-content\/uploads\/2022\/04\/plafonsUPC.png\" alt=\"\" width=\"438\" height=\"577\" \/><\/p>\n<p>&nbsp;<\/p>\n","protected":false},"excerpt":{"rendered":"<p>P\u00d2STERS Tots els textos que han estat acceptats a les Jornades es presentaran en format PDF abans del 27 de mar\u00e7 (incl\u00f2s) a l\u2019adre\u00e7a 16jcid@cobdc.org. L\u2019arxiu ha d\u2019anar identificat de la manera seg\u00fcent: T\u00cdTOL_AUTOR_FORMAT (p\u00f2ster com a format) MIDES Les mides dels p\u00f2sters s\u00f3n 90&#215;180 cm., en l&#8217;orientaci\u00f3 vertical. Tamb\u00e9 ...<\/p>\n","protected":false},"author":1,"featured_media":0,"parent":0,"menu_order":0,"comment_status":"closed","ping_status":"closed","template":"","meta":{"_monsterinsights_skip_tracking":false,"_monsterinsights_sitenote_active":false,"_monsterinsights_sitenote_note":"","_monsterinsights_sitenote_category":0,"footnotes":""},"class_list":["post-137","page","type-page","status-publish","hentry"],"_links":{"self":[{"href":"https:\/\/cobdc.net\/16JCID\/wp-json\/wp\/v2\/pages\/137","targetHints":{"allow":["GET"]}}],"collection":[{"href":"https:\/\/cobdc.net\/16JCID\/wp-json\/wp\/v2\/pages"}],"about":[{"href":"https:\/\/cobdc.net\/16JCID\/wp-json\/wp\/v2\/types\/page"}],"author":[{"embeddable":true,"href":"https:\/\/cobdc.net\/16JCID\/wp-json\/wp\/v2\/users\/1"}],"replies":[{"embeddable":true,"href":"https:\/\/cobdc.net\/16JCID\/wp-json\/wp\/v2\/comments?post=137"}],"version-history":[{"count":5,"href":"https:\/\/cobdc.net\/16JCID\/wp-json\/wp\/v2\/pages\/137\/revisions"}],"predecessor-version":[{"id":1931,"href":"https:\/\/cobdc.net\/16JCID\/wp-json\/wp\/v2\/pages\/137\/revisions\/1931"}],"wp:attachment":[{"href":"https:\/\/cobdc.net\/16JCID\/wp-json\/wp\/v2\/media?parent=137"}],"curies":[{"name":"wp","href":"https:\/\/api.w.org\/{rel}","templated":true}]}}