{"id":1337,"date":"2019-08-13T17:00:15","date_gmt":"2019-08-13T17:00:15","guid":{"rendered":"https:\/\/evenz.qantumthemes.xyz\/demo\/?page_id=342"},"modified":"2021-11-18T15:50:10","modified_gmt":"2021-11-18T15:50:10","slug":"events","status":"publish","type":"page","link":"https:\/\/cobdc.net\/16JCID\/events\/","title":{"rendered":"16es JCID"},"content":{"rendered":"<div class=\"wpb-content-wrapper\"><p>[vc_row full_height=&#8221;yes&#8221; parallax=&#8221;content-moving&#8221; parallax_image=&#8221;654&#8243; evenz_waves=&#8221;true&#8221; css=&#8221;.vc_custom_1568281816318{background-color: rgba(0,0,0,0.6) !important;*background-color: rgb(0,0,0) !important;}&#8221; evenz_waves_color=&#8221;#f9f9f9&#8243;][vc_column evenz_section=&#8221;true&#8221;][vc_row_inner][vc_column_inner]\t\t\t<hr class=\"evenz-spacer-m\">\n\t\t<article class=\"evenz-post evenz-post__eventfeat evenz-darkbg evenz-negative post-1795 evenz_event type-evenz_event status-publish hentry evenz_eventtype-16jcid\">\n\t<div class=\"evenz-bgimg--full evenz-duotone\">\n\t\t\t<\/div>\n\t<div class=\"evenz-post__eventfeat__c evenz-negative\">\n\t\t<div class=\"evenz-post__eventfeat__c__c\">\n\t\t\t<p class=\"evenz-meta evenz-small\">\n\t\t\t\t\t\t\t\t<span class=\"evenz-p-catz\"><a href=\"https:\/\/cobdc.net\/16JCID\/eventtype\/16jcid\/\" rel=\"tag\">16JCID<\/a><\/span>\n\t\t\t\t\t\t\t\t<span class=\"evenz-meta__dets\">\n\t\t\t\t\t25\/05\/2022\t\t\t\t<\/span>\n\t\t\t<\/p>\n\n\t\t\t<div class=\"evenz-post__eventfeat__caption\">\n\t\t\t\t\t\t\t\t\t<h2 class=\"evenz-capfont\" data-evenz-text=\"Programa d&#8217;Acci\u00f3 Lectora de l&#8217;Ajuntament de Barcelona\">Programa d&#8217;Acci\u00f3 Lectora de l&#8217;Ajuntament de Barcelona<\/h2>\n\t\t\t\t\t\t\t\t<\/div>\n\n\n\t\t\t<div class=\"evenz-post__eventfeat__exc\">\n\t\t\t\tPresentaci\u00f3 del Programa d&#8217;Acci\u00f3 Lectora de l&#8217;Ajuntament de Barcelona Un projecte perqu\u00e8 a Barcelona es llegeixi m\u00e9s i millor. Trobareu m\u00e9s informaci\u00f3 a la seva web. A c\u00e0rrec de: C\u00e9sar Moreno, el responsable del programa i N\u00faria Fl\u00f2, directora de la biblioteca Collserola-Josep Miracle\t\t\t<\/div>\n\t\t\t<a href=\"https:\/\/cobdc.net\/16JCID\/event\/programa-daccio-lectora-de-lajuntament-de-barcelona\/\" class=\"evenz-btn evenz-btn__l evenz-btn-primary\">M\u00e9s informaci\u00f3<\/a>\n\t\t<\/div>\n\t<\/div>\n\t\n<\/article>\n<article class=\"evenz-post evenz-post__eventfeat evenz-darkbg evenz-negative post-525 evenz_event type-evenz_event status-publish has-post-thumbnail hentry evenz_eventtype-16jcid\">\n\t<div class=\"evenz-bgimg--full evenz-duotone\">\n\t\t<img loading=\"lazy\" decoding=\"async\" width=\"800\" height=\"800\" src=\"https:\/\/cobdc.net\/16JCID\/wp-content\/uploads\/2019\/08\/collage.png\" class=\"evenz-post__eventfeat__i wp-post-image\" alt=\"\" srcset=\"https:\/\/cobdc.net\/16JCID\/wp-content\/uploads\/2019\/08\/collage.png 800w, https:\/\/cobdc.net\/16JCID\/wp-content\/uploads\/2019\/08\/collage-770x770.png 770w, https:\/\/cobdc.net\/16JCID\/wp-content\/uploads\/2019\/08\/collage-150x150.png 150w, https:\/\/cobdc.net\/16JCID\/wp-content\/uploads\/2019\/08\/collage-768x768.png 768w, https:\/\/cobdc.net\/16JCID\/wp-content\/uploads\/2019\/08\/collage-100x100.png 100w, https:\/\/cobdc.net\/16JCID\/wp-content\/uploads\/2019\/08\/collage-370x370.png 370w\" sizes=\"auto, (max-width: 800px) 100vw, 800px\" \/>\t<\/div>\n\t<div class=\"evenz-post__eventfeat__c evenz-negative\">\n\t\t<div class=\"evenz-post__eventfeat__c__c\">\n\t\t\t<p class=\"evenz-meta evenz-small\">\n\t\t\t\t\t\t\t\t<span class=\"evenz-p-catz\"><a href=\"https:\/\/cobdc.net\/16JCID\/eventtype\/16jcid\/\" rel=\"tag\">16JCID<\/a><\/span>\n\t\t\t\t\t\t\t\t<span class=\"evenz-meta__dets\">\n\t\t\t\t\t25\/05\/2022\t\t\t\t<\/span>\n\t\t\t<\/p>\n\n\t\t\t<div class=\"evenz-post__eventfeat__caption\">\n\t\t\t\t\t\t\t\t\t<h2 class=\"evenz-capfont\" data-evenz-text=\"16 Jornades Catalanes d&#8217;Informaci\u00f3 i Documentaci\u00f3\">16 Jornades Catalanes d&#8217;Informaci\u00f3 i Documentaci\u00f3<\/h2>\n\t\t\t\t\t\t\t\t<\/div>\n\n\n\t\t\t<div class=\"evenz-post__eventfeat__exc\">\n\t\t\t\tRecuperem les 16es Jornades Catalanes d'Informaci\u00f3 i Documentaci\u00f3 i volem fer-ho de la millor manera possible amb tres dies plens d'experi\u00e8ncies, expertesa i intercanvis professionals.\t\t\t<\/div>\n\t\t\t<a href=\"https:\/\/cobdc.net\/16JCID\/event\/16esjcid\/\" class=\"evenz-btn evenz-btn__l evenz-btn-primary\">M\u00e9s informaci\u00f3<\/a>\n\t\t<\/div>\n\t<\/div>\n\t\n<\/article>\n<article class=\"evenz-post evenz-post__eventfeat evenz-darkbg evenz-negative post-2062 evenz_event type-evenz_event status-publish hentry evenz_eventtype-16jcid\">\n\t<div class=\"evenz-bgimg--full evenz-duotone\">\n\t\t\t<\/div>\n\t<div class=\"evenz-post__eventfeat__c evenz-negative\">\n\t\t<div class=\"evenz-post__eventfeat__c__c\">\n\t\t\t<p class=\"evenz-meta evenz-small\">\n\t\t\t\t\t\t\t\t<span class=\"evenz-p-catz\"><a href=\"https:\/\/cobdc.net\/16JCID\/eventtype\/16jcid\/\" rel=\"tag\">16JCID<\/a><\/span>\n\t\t\t\t\t\t\t\t<span class=\"evenz-meta__dets\">\n\t\t\t\t\t25\/05\/2022\t\t\t\t<\/span>\n\t\t\t<\/p>\n\n\t\t\t<div class=\"evenz-post__eventfeat__caption\">\n\t\t\t\t\t\t\t\t\t<h2 class=\"evenz-capfont\" data-evenz-text=\"Recomanaci\u00f3 lectora amb intel\u00b7lig\u00e8ncia artificial\">Recomanaci\u00f3 lectora amb intel\u00b7lig\u00e8ncia artificial<\/h2>\n\t\t\t\t\t\t\t\t<\/div>\n\n\n\t\t\t<div class=\"evenz-post__eventfeat__exc\">\n\t\t\t\tEl bigdata i la intel\u00b7lig\u00e8ncia artificial son dues tecnologies que ofereixen a les biblioteques l\u2019oportunitat d\u2019anticipar-se a les necessitats dels usuaris i oferir nous i sorprenents serveis als nostres usuaris. Orex Digital presenta un innovador projecte d\u2019implementaci\u00f3 d\u2019un sistema de recomanaci\u00f3 lectora basada en intel\u00b7lig\u00e8ncia artificial i potenciat amb bigdata. [...]\t\t\t<\/div>\n\t\t\t<a href=\"https:\/\/cobdc.net\/16JCID\/event\/recomanacio-lectora-amb-intelligencia-artificial\/\" class=\"evenz-btn evenz-btn__l evenz-btn-primary\">M\u00e9s informaci\u00f3<\/a>\n\t\t<\/div>\n\t<\/div>\n\t\n<\/article>\n\t\t\t<hr class=\"evenz-spacer-m\">\n\t\t[\/vc_column_inner][\/vc_row_inner][\/vc_column][\/vc_row]<\/p>\n<\/div>","protected":false},"excerpt":{"rendered":"<p>[vc_row full_height=&#8221;yes&#8221; parallax=&#8221;content-moving&#8221; parallax_image=&#8221;654&#8243; evenz_waves=&#8221;true&#8221; css=&#8221;.vc_custom_1568281816318{background-color: rgba(0,0,0,0.6) !important;*background-color: rgb(0,0,0) !important;}&#8221; evenz_waves_color=&#8221;#f9f9f9&#8243;][vc_column evenz_section=&#8221;true&#8221;][vc_row_inner][vc_column_inner][\/vc_column_inner][\/vc_row_inner][\/vc_column][\/vc_row]<\/p>\n","protected":false},"author":1,"featured_media":342,"parent":0,"menu_order":0,"comment_status":"closed","ping_status":"closed","template":"archive-evenz_event.php","meta":{"_monsterinsights_skip_tracking":false,"_monsterinsights_sitenote_active":false,"_monsterinsights_sitenote_note":"","_monsterinsights_sitenote_category":0,"footnotes":""},"class_list":["post-1337","page","type-page","status-publish","has-post-thumbnail","hentry"],"_links":{"self":[{"href":"https:\/\/cobdc.net\/16JCID\/wp-json\/wp\/v2\/pages\/1337","targetHints":{"allow":["GET"]}}],"collection":[{"href":"https:\/\/cobdc.net\/16JCID\/wp-json\/wp\/v2\/pages"}],"about":[{"href":"https:\/\/cobdc.net\/16JCID\/wp-json\/wp\/v2\/types\/page"}],"author":[{"embeddable":true,"href":"https:\/\/cobdc.net\/16JCID\/wp-json\/wp\/v2\/users\/1"}],"replies":[{"embeddable":true,"href":"https:\/\/cobdc.net\/16JCID\/wp-json\/wp\/v2\/comments?post=1337"}],"version-history":[{"count":1,"href":"https:\/\/cobdc.net\/16JCID\/wp-json\/wp\/v2\/pages\/1337\/revisions"}],"predecessor-version":[{"id":1465,"href":"https:\/\/cobdc.net\/16JCID\/wp-json\/wp\/v2\/pages\/1337\/revisions\/1465"}],"wp:featuredmedia":[{"embeddable":true,"href":"https:\/\/cobdc.net\/16JCID\/wp-json\/wp\/v2\/media\/342"}],"wp:attachment":[{"href":"https:\/\/cobdc.net\/16JCID\/wp-json\/wp\/v2\/media?parent=1337"}],"curies":[{"name":"wp","href":"https:\/\/api.w.org\/{rel}","templated":true}]}}