{"id":1336,"date":"2019-08-12T09:21:06","date_gmt":"2019-08-12T09:21:06","guid":{"rendered":"https:\/\/evenz.qantumthemes.xyz\/demo\/?page_id=2"},"modified":"2025-03-14T12:40:31","modified_gmt":"2025-03-14T12:40:31","slug":"arxiu-foto","status":"publish","type":"page","link":"https:\/\/cobdc.net\/16JCID\/arxiu-foto\/","title":{"rendered":"Arxiu fotogr\u00e0fic"},"content":{"rendered":"<div class=\"wpb-content-wrapper\"><p>[vc_row][vc_column][vc_column_text]<\/p>\n<p>Aqu\u00ed trobareu, de mica en mica, l&#8217;arxiu fotogr\u00e0fic de les 16es Jornades Catalanes d&#8217;Informaci\u00f3 i Documentaci\u00f3:<\/p>\n<p>[\/vc_column_text]\t\t\t<hr class=\"evenz-spacer-m\">\n\t\t[\/vc_column][\/vc_row][vc_row][vc_column css=&#8221;.vc_custom_1741954985090{background-color: #FFFFFF !important;border-color: #EEEEEE !important;}&#8221;][vc_images_carousel images=&#8221;2113,2115,2112,2114,2197,2198,2199,2201,2274,2272,2271,2261,2257,2256,2255,2254,2253,2252,2251,2250,2249,2248,2244,2240,2239,2236,2235,2234,2233,2232,2230,2229,2227,2226,2225,2262,2259&#8243; img_size=&#8221;&#8221; slides_per_view=&#8221;3&#8243; hide_pagination_control=&#8221;yes&#8221; css=&#8221;&#8221;][\/vc_column][vc_column css=&#8221;.vc_custom_1741953340487{border-color: #E46823 !important;}&#8221;][\/vc_column][\/vc_row][vc_row][vc_column css=&#8221;.vc_custom_1741954985090{background-color: #FFFFFF !important;border-color: #EEEEEE !important;}&#8221;][\/vc_column][vc_column css=&#8221;.vc_custom_1741953340487{border-color: #E46823 !important;}&#8221;][\/vc_column][\/vc_row]<\/p>\n<\/div>","protected":false},"excerpt":{"rendered":"<p>[vc_row][vc_column][vc_column_text] Aqu\u00ed trobareu, de mica en mica, l&#8217;arxiu fotogr\u00e0fic de les 16es Jornades Catalanes d&#8217;Informaci\u00f3 i Documentaci\u00f3: [\/vc_column_text][\/vc_column][\/vc_row][vc_row][vc_column css=&#8221;.vc_custom_1741954985090{background-color: #FFFFFF !important;border-color: #EEEEEE !important;}&#8221;][vc_images_carousel images=&#8221;2113,2115,2112,2114,2197,2198,2199,2201,2274,2272,2271,2261,2257,2256,2255,2254,2253,2252,2251,2250,2249,2248,2244,2240,2239,2236,2235,2234,2233,2232,2230,2229,2227,2226,2225,2262,2259&#8243; img_size=&#8221;&#8221; slides_per_view=&#8221;3&#8243; hide_pagination_control=&#8221;yes&#8221; css=&#8221;&#8221;][\/vc_column][vc_column css=&#8221;.vc_custom_1741953340487{border-color: #E46823 !important;}&#8221;][\/vc_column][\/vc_row][vc_row][vc_column css=&#8221;.vc_custom_1741954985090{background-color: #FFFFFF !important;border-color: #EEEEEE !important;}&#8221;][\/vc_column][vc_column css=&#8221;.vc_custom_1741953340487{border-color: #E46823 !important;}&#8221;][\/vc_column][\/vc_row]<\/p>\n","protected":false},"author":1,"featured_media":0,"parent":0,"menu_order":0,"comment_status":"closed","ping_status":"open","template":"","meta":{"_monsterinsights_skip_tracking":false,"_monsterinsights_sitenote_active":false,"_monsterinsights_sitenote_note":"","_monsterinsights_sitenote_category":0,"footnotes":""},"class_list":["post-1336","page","type-page","status-publish","hentry"],"_links":{"self":[{"href":"https:\/\/cobdc.net\/16JCID\/wp-json\/wp\/v2\/pages\/1336","targetHints":{"allow":["GET"]}}],"collection":[{"href":"https:\/\/cobdc.net\/16JCID\/wp-json\/wp\/v2\/pages"}],"about":[{"href":"https:\/\/cobdc.net\/16JCID\/wp-json\/wp\/v2\/types\/page"}],"author":[{"embeddable":true,"href":"https:\/\/cobdc.net\/16JCID\/wp-json\/wp\/v2\/users\/1"}],"replies":[{"embeddable":true,"href":"https:\/\/cobdc.net\/16JCID\/wp-json\/wp\/v2\/comments?post=1336"}],"version-history":[{"count":6,"href":"https:\/\/cobdc.net\/16JCID\/wp-json\/wp\/v2\/pages\/1336\/revisions"}],"predecessor-version":[{"id":2306,"href":"https:\/\/cobdc.net\/16JCID\/wp-json\/wp\/v2\/pages\/1336\/revisions\/2306"}],"wp:attachment":[{"href":"https:\/\/cobdc.net\/16JCID\/wp-json\/wp\/v2\/media?parent=1336"}],"curies":[{"name":"wp","href":"https:\/\/api.w.org\/{rel}","templated":true}]}}